{"id":102,"date":"2020-10-23T13:04:58","date_gmt":"2020-10-23T11:04:58","guid":{"rendered":"http:\/\/subway-shop.com\/blogratha\/producto\/camiseta-de-manga-corta-unisex-con-logotipo-classic-subway-shop-y-texto-lives\/"},"modified":"2020-10-23T13:05:25","modified_gmt":"2020-10-23T11:05:25","slug":"camiseta-de-manga-corta-unisex-con-logotipo-classic-subway-shop-y-texto-lives","status":"publish","type":"product","link":"http:\/\/subway-shop.com\/blogratha\/producto\/camiseta-de-manga-corta-unisex-con-logotipo-classic-subway-shop-y-texto-lives\/","title":{"rendered":"Camiseta de manga corta unisex con logotipo cl\u00e1ssic Subway Shop y texto \u00abLives!\u00bb"},"content":{"rendered":"<p>Con esta camiseta mantendr\u00e1s siempre vivo el mensaje de la Subway. <br \/>\nPrenda esencial para tu fondo de armario. Est\u00e1 fabricada con algod\u00f3n grueso, pero su tacto sigue siendo muy suave. El pespunte doble en el cuello y las mangas le a\u00f1aden mayor durabilidad por lo que pronto se convertir\u00e1 en una de tus prendas favoritas.  <\/p>\n<p>\u2022 100% algod\u00f3n hilado en anillo<br \/>\n\u2022 El color Sport Grey est\u00e1 compuesto de 90% algod\u00f3n hilado en anillos y 10% poli\u00e9ster<br \/>\n\u2022 Dark heather contiene 65% poli\u00e9ster y 35% algod\u00f3n<br \/>\n\u2022 153 g\/m\u00b2 (4,5 oz\/yd\u00b2)<br \/>\n\u2022 Preencogido<br \/>\n\u2022 Tapacosturas reforzado en hombros y cuello<br \/>\n\u2022 Ha pasado el proceso de girado de un cuarto para eliminar el pliegue central<\/p>\n","protected":false},"excerpt":{"rendered":"<p>Con esta camiseta mantendr\u00e1s siempre vivo el mensaje de la Subway. Prenda esencial para tu fondo de armario. Est\u00e1 fabricada&#8230;<\/p>\n","protected":false},"featured_media":123,"comment_status":"open","ping_status":"closed","template":"","meta":{"spay_email":""},"_links":{"self":[{"href":"http:\/\/subway-shop.com\/blogratha\/wp-json\/wp\/v2\/product\/102"}],"collection":[{"href":"http:\/\/subway-shop.com\/blogratha\/wp-json\/wp\/v2\/product"}],"about":[{"href":"http:\/\/subway-shop.com\/blogratha\/wp-json\/wp\/v2\/types\/product"}],"replies":[{"embeddable":true,"href":"http:\/\/subway-shop.com\/blogratha\/wp-json\/wp\/v2\/comments?post=102"}],"wp:featuredmedia":[{"embeddable":true,"href":"http:\/\/subway-shop.com\/blogratha\/wp-json\/wp\/v2\/media\/123"}],"wp:attachment":[{"href":"http:\/\/subway-shop.com\/blogratha\/wp-json\/wp\/v2\/media?parent=102"}],"curies":[{"name":"wp","href":"https:\/\/api.w.org\/{rel}","templated":true}]}}