{"id":157,"date":"2020-10-23T15:02:07","date_gmt":"2020-10-23T13:02:07","guid":{"rendered":"http:\/\/subway-shop.com\/blogratha\/producto\/camiseta-de-manga-corta-unisex-con-logo-subway-skateboard-y-las-ruedas-del-team\/"},"modified":"2020-10-23T15:02:39","modified_gmt":"2020-10-23T13:02:39","slug":"camiseta-de-manga-corta-unisex-con-logo-subway-skateboard-y-las-ruedas-del-team","status":"publish","type":"product","link":"http:\/\/subway-shop.com\/blogratha\/producto\/camiseta-de-manga-corta-unisex-con-logo-subway-skateboard-y-las-ruedas-del-team\/","title":{"rendered":"Camiseta de manga corta unisex con logo Subway SKATEBOARD y las ruedas del Team"},"content":{"rendered":"<p>Prenda esencial para Skaters, con un dise\u00f1o exclisivo con las ruedas y el logo de la secci\u00f3n de SKATEBOARD del Team de SKATE de la &quot;Subway&quot;. Est\u00e1 fabricada con algod\u00f3n grueso, pero su tacto sigue siendo muy suave. El pespunte doble en el cuello y las mangas le a\u00f1aden mayor durabilidad por lo que pronto se convertir\u00e1 en una de tus prendas favoritas.  <\/p>\n<p>\u2022 100% algod\u00f3n hilado en anillo<br \/>\n\u2022 El color Sport Grey est\u00e1 compuesto de 90% algod\u00f3n hilado en anillos y 10% poli\u00e9ster<br \/>\n\u2022 Dark heather contiene 65% poli\u00e9ster y 35% algod\u00f3n<br \/>\n\u2022 153 g\/m\u00b2 (4,5 oz\/yd\u00b2)<br \/>\n\u2022 Preencogido<br \/>\n\u2022 Tapacosturas reforzado en hombros y cuello<br \/>\n\u2022 Ha pasado el proceso de girado de un cuarto para eliminar el pliegue central<\/p>\n","protected":false},"excerpt":{"rendered":"<p>Prenda esencial para Skaters, con un dise\u00f1o exclisivo con las ruedas y el logo de la secci\u00f3n de SKATEBOARD del&#8230;<\/p>\n","protected":false},"featured_media":172,"comment_status":"open","ping_status":"closed","template":"","meta":{"spay_email":""},"_links":{"self":[{"href":"http:\/\/subway-shop.com\/blogratha\/wp-json\/wp\/v2\/product\/157"}],"collection":[{"href":"http:\/\/subway-shop.com\/blogratha\/wp-json\/wp\/v2\/product"}],"about":[{"href":"http:\/\/subway-shop.com\/blogratha\/wp-json\/wp\/v2\/types\/product"}],"replies":[{"embeddable":true,"href":"http:\/\/subway-shop.com\/blogratha\/wp-json\/wp\/v2\/comments?post=157"}],"wp:featuredmedia":[{"embeddable":true,"href":"http:\/\/subway-shop.com\/blogratha\/wp-json\/wp\/v2\/media\/172"}],"wp:attachment":[{"href":"http:\/\/subway-shop.com\/blogratha\/wp-json\/wp\/v2\/media?parent=157"}],"curies":[{"name":"wp","href":"https:\/\/api.w.org\/{rel}","templated":true}]}}