{"id":2,"date":"2023-12-13T13:09:40","date_gmt":"2023-12-13T13:09:40","guid":{"rendered":"http:\/\/subway-shop.com\/bhyos\/?page_id=2"},"modified":"2024-02-01T11:51:55","modified_gmt":"2024-02-01T11:51:55","slug":"pagina-ejemplo","status":"publish","type":"page","link":"https:\/\/subway-shop.com\/bhyos\/","title":{"rendered":"STRATOSFERO"},"content":{"rendered":"\n<p> <\/p>\n\n\n\n<details class=\"wp-block-details is-layout-flow wp-block-details-is-layout-flow\"><summary>STRATOSFERO<\/summary>\n<p>Deportivas minimalistas en Cuero vegano Italiano, aspecto monocrom\u00e1tico para un estilo contempor\u00e1neo. Detalle emblem\u00e1tico: interior amarillo fluor. <\/p>\n\n\n\n<p>Fabricado en Espa\u00f1a<\/p>\n<\/details>\n\n\n\n<figure class=\"wp-block-gallery has-nested-images columns-default is-cropped wp-block-gallery-1 is-layout-flex wp-block-gallery-is-layout-flex\">\n<figure data-wp-context=\"{&quot;imageId&quot;:&quot;69d7e48009063&quot;}\" data-wp-interactive=\"core\/image\" data-wp-key=\"69d7e48009063\" class=\"wp-block-image size-large wp-lightbox-container\"><img loading=\"lazy\" decoding=\"async\" width=\"1024\" height=\"632\" data-wp-class--hide=\"state.isContentHidden\" data-wp-class--show=\"state.isContentVisible\" data-wp-init=\"callbacks.setButtonStyles\" data-wp-on--click=\"actions.showLightbox\" data-wp-on--load=\"callbacks.setButtonStyles\" data-wp-on-window--resize=\"callbacks.setButtonStyles\" data-id=\"57\" src=\"https:\/\/subway-shop.com\/bhyos\/wp-content\/uploads\/2023\/12\/Touch-sneaker_1702487409768-1024x632.png\" alt=\"\" class=\"wp-image-57\" srcset=\"https:\/\/subway-shop.com\/bhyos\/wp-content\/uploads\/2023\/12\/Touch-sneaker_1702487409768-1024x632.png 1024w, https:\/\/subway-shop.com\/bhyos\/wp-content\/uploads\/2023\/12\/Touch-sneaker_1702487409768-300x185.png 300w, https:\/\/subway-shop.com\/bhyos\/wp-content\/uploads\/2023\/12\/Touch-sneaker_1702487409768-768x474.png 768w, https:\/\/subway-shop.com\/bhyos\/wp-content\/uploads\/2023\/12\/Touch-sneaker_1702487409768.png 1240w\" sizes=\"auto, (max-width: 1024px) 100vw, 1024px\" \/><button\n\t\t\tclass=\"lightbox-trigger\"\n\t\t\ttype=\"button\"\n\t\t\taria-haspopup=\"dialog\"\n\t\t\taria-label=\"Agrandar\"\n\t\t\tdata-wp-init=\"callbacks.initTriggerButton\"\n\t\t\tdata-wp-on--click=\"actions.showLightbox\"\n\t\t\tdata-wp-style--right=\"state.imageButtonRight\"\n\t\t\tdata-wp-style--top=\"state.imageButtonTop\"\n\t\t>\n\t\t\t<svg xmlns=\"http:\/\/www.w3.org\/2000\/svg\" width=\"12\" height=\"12\" fill=\"none\" viewBox=\"0 0 12 12\">\n\t\t\t\t<path fill=\"#fff\" d=\"M2 0a2 2 0 0 0-2 2v2h1.5V2a.5.5 0 0 1 .5-.5h2V0H2Zm2 10.5H2a.5.5 0 0 1-.5-.5V8H0v2a2 2 0 0 0 2 2h2v-1.5ZM8 12v-1.5h2a.5.5 0 0 0 .5-.5V8H12v2a2 2 0 0 1-2 2H8Zm2-12a2 2 0 0 1 2 2v2h-1.5V2a.5.5 0 0 0-.5-.5H8V0h2Z\" \/>\n\t\t\t<\/svg>\n\t\t<\/button><\/figure>\n\n\n\n<figure data-wp-context=\"{&quot;imageId&quot;:&quot;69d7e48009662&quot;}\" data-wp-interactive=\"core\/image\" data-wp-key=\"69d7e48009662\" class=\"wp-block-image size-large is-style-rounded wp-lightbox-container\"><img loading=\"lazy\" decoding=\"async\" width=\"1024\" height=\"632\" data-wp-class--hide=\"state.isContentHidden\" data-wp-class--show=\"state.isContentVisible\" data-wp-init=\"callbacks.setButtonStyles\" data-wp-on--click=\"actions.showLightbox\" data-wp-on--load=\"callbacks.setButtonStyles\" data-wp-on-window--resize=\"callbacks.setButtonStyles\" data-id=\"58\" src=\"https:\/\/subway-shop.com\/bhyos\/wp-content\/uploads\/2023\/12\/Touch-sneaker_1702487397991-1024x632.png\" alt=\"\" class=\"wp-image-58\" srcset=\"https:\/\/subway-shop.com\/bhyos\/wp-content\/uploads\/2023\/12\/Touch-sneaker_1702487397991-1024x632.png 1024w, https:\/\/subway-shop.com\/bhyos\/wp-content\/uploads\/2023\/12\/Touch-sneaker_1702487397991-300x185.png 300w, https:\/\/subway-shop.com\/bhyos\/wp-content\/uploads\/2023\/12\/Touch-sneaker_1702487397991-768x474.png 768w, https:\/\/subway-shop.com\/bhyos\/wp-content\/uploads\/2023\/12\/Touch-sneaker_1702487397991.png 1240w\" sizes=\"auto, (max-width: 1024px) 100vw, 1024px\" \/><button\n\t\t\tclass=\"lightbox-trigger\"\n\t\t\ttype=\"button\"\n\t\t\taria-haspopup=\"dialog\"\n\t\t\taria-label=\"Agrandar\"\n\t\t\tdata-wp-init=\"callbacks.initTriggerButton\"\n\t\t\tdata-wp-on--click=\"actions.showLightbox\"\n\t\t\tdata-wp-style--right=\"state.imageButtonRight\"\n\t\t\tdata-wp-style--top=\"state.imageButtonTop\"\n\t\t>\n\t\t\t<svg xmlns=\"http:\/\/www.w3.org\/2000\/svg\" width=\"12\" height=\"12\" fill=\"none\" viewBox=\"0 0 12 12\">\n\t\t\t\t<path fill=\"#fff\" d=\"M2 0a2 2 0 0 0-2 2v2h1.5V2a.5.5 0 0 1 .5-.5h2V0H2Zm2 10.5H2a.5.5 0 0 1-.5-.5V8H0v2a2 2 0 0 0 2 2h2v-1.5ZM8 12v-1.5h2a.5.5 0 0 0 .5-.5V8H12v2a2 2 0 0 1-2 2H8Zm2-12a2 2 0 0 1 2 2v2h-1.5V2a.5.5 0 0 0-.5-.5H8V0h2Z\" \/>\n\t\t\t<\/svg>\n\t\t<\/button><figcaption class=\"wp-element-caption\">XXX \u20ac<\/figcaption><\/figure>\n\n\n\n<figure data-wp-context=\"{&quot;imageId&quot;:&quot;69d7e48009aa2&quot;}\" data-wp-interactive=\"core\/image\" data-wp-key=\"69d7e48009aa2\" class=\"wp-block-image size-large wp-lightbox-container\"><img loading=\"lazy\" decoding=\"async\" width=\"1024\" height=\"632\" data-wp-class--hide=\"state.isContentHidden\" data-wp-class--show=\"state.isContentVisible\" data-wp-init=\"callbacks.setButtonStyles\" data-wp-on--click=\"actions.showLightbox\" data-wp-on--load=\"callbacks.setButtonStyles\" data-wp-on-window--resize=\"callbacks.setButtonStyles\" data-id=\"59\" src=\"https:\/\/subway-shop.com\/bhyos\/wp-content\/uploads\/2023\/12\/Touch-sneaker_bhyos-1024x632.png\" alt=\"\" class=\"wp-image-59\" srcset=\"https:\/\/subway-shop.com\/bhyos\/wp-content\/uploads\/2023\/12\/Touch-sneaker_bhyos-1024x632.png 1024w, https:\/\/subway-shop.com\/bhyos\/wp-content\/uploads\/2023\/12\/Touch-sneaker_bhyos-300x185.png 300w, https:\/\/subway-shop.com\/bhyos\/wp-content\/uploads\/2023\/12\/Touch-sneaker_bhyos-768x474.png 768w, https:\/\/subway-shop.com\/bhyos\/wp-content\/uploads\/2023\/12\/Touch-sneaker_bhyos.png 1240w\" sizes=\"auto, (max-width: 1024px) 100vw, 1024px\" \/><button\n\t\t\tclass=\"lightbox-trigger\"\n\t\t\ttype=\"button\"\n\t\t\taria-haspopup=\"dialog\"\n\t\t\taria-label=\"Agrandar\"\n\t\t\tdata-wp-init=\"callbacks.initTriggerButton\"\n\t\t\tdata-wp-on--click=\"actions.showLightbox\"\n\t\t\tdata-wp-style--right=\"state.imageButtonRight\"\n\t\t\tdata-wp-style--top=\"state.imageButtonTop\"\n\t\t>\n\t\t\t<svg xmlns=\"http:\/\/www.w3.org\/2000\/svg\" width=\"12\" height=\"12\" fill=\"none\" viewBox=\"0 0 12 12\">\n\t\t\t\t<path fill=\"#fff\" d=\"M2 0a2 2 0 0 0-2 2v2h1.5V2a.5.5 0 0 1 .5-.5h2V0H2Zm2 10.5H2a.5.5 0 0 1-.5-.5V8H0v2a2 2 0 0 0 2 2h2v-1.5ZM8 12v-1.5h2a.5.5 0 0 0 .5-.5V8H12v2a2 2 0 0 1-2 2H8Zm2-12a2 2 0 0 1 2 2v2h-1.5V2a.5.5 0 0 0-.5-.5H8V0h2Z\" \/>\n\t\t\t<\/svg>\n\t\t<\/button><\/figure>\n<\/figure>\n","protected":false},"excerpt":{"rendered":"","protected":false},"author":1,"featured_media":0,"parent":0,"menu_order":0,"comment_status":"closed","ping_status":"open","template":"","meta":{"footnotes":""},"class_list":["post-2","page","type-page","status-publish","hentry","entry"],"_links":{"self":[{"href":"https:\/\/subway-shop.com\/bhyos\/index.php\/wp-json\/wp\/v2\/pages\/2","targetHints":{"allow":["GET"]}}],"collection":[{"href":"https:\/\/subway-shop.com\/bhyos\/index.php\/wp-json\/wp\/v2\/pages"}],"about":[{"href":"https:\/\/subway-shop.com\/bhyos\/index.php\/wp-json\/wp\/v2\/types\/page"}],"author":[{"embeddable":true,"href":"https:\/\/subway-shop.com\/bhyos\/index.php\/wp-json\/wp\/v2\/users\/1"}],"replies":[{"embeddable":true,"href":"https:\/\/subway-shop.com\/bhyos\/index.php\/wp-json\/wp\/v2\/comments?post=2"}],"version-history":[{"count":7,"href":"https:\/\/subway-shop.com\/bhyos\/index.php\/wp-json\/wp\/v2\/pages\/2\/revisions"}],"predecessor-version":[{"id":92,"href":"https:\/\/subway-shop.com\/bhyos\/index.php\/wp-json\/wp\/v2\/pages\/2\/revisions\/92"}],"wp:attachment":[{"href":"https:\/\/subway-shop.com\/bhyos\/index.php\/wp-json\/wp\/v2\/media?parent=2"}],"curies":[{"name":"wp","href":"https:\/\/api.w.org\/{rel}","templated":true}]}}