{"id":223,"date":"2019-06-23T20:20:37","date_gmt":"2019-06-23T20:20:37","guid":{"rendered":"http:\/\/subway-shop.com\/blogdesignbykiko\/?page_id=223"},"modified":"2023-12-02T08:00:30","modified_gmt":"2023-12-02T08:00:30","slug":"en-referencia-a-mi","status":"publish","type":"page","link":"https:\/\/subway-shop.com\/blogdesignbykiko\/index.php\/ca\/en-referencia-a-mi\/","title":{"rendered":"En refer\u00e8ncia a mi"},"content":{"rendered":"<p>S\u00f3c un professional multidisciplinari. T\u00e8cnic especialista en Inform\u00e0tica de gesti\u00f3 i certificat en Administraci\u00f3 de Bases de dades. Diguem que la inform\u00e0tica ha estat la meva professi\u00f3 durant molts anys i ho continua sent avui dia. Per\u00f2 sempre he tingut inquietud per tot el relacionat amb la creativitat, l&#8217;esport i amb aprendre coses noves.<\/p>\n<p>Per aquest motiu, vaig tenir un negoci relacionat amb el sector de la moda urbana durant m\u00e9s de 8 anys, en el qual vaig poder con\u00e8ixer el que es \u00abco\u00efa\u00bb en el disseny gr\u00e0fic i en la moda urbana professional.<\/p>\n<p>M&#8217;apassiona l&#8217;esport, la m\u00fasica negra, principalment el RAP del qual vaig editar un disc en espanyol l&#8217;any 2006, i segueixo en actiu. Em considero animalista, m&#8217;agrada l&#8217;expressionisme abstracte del qual he fet algun \u00ab<em>pinito<\/em>\u00bb en aquest camp. A m\u00e9s, considero imprescindible formar-se durant tota la vida.<\/p>\n<p>Aquesta inquietud em va portar a estudiar el grau de disseny gr\u00e0fic i creaci\u00f3 digital en la UOC i l&#8217;aspiraci\u00f3 de la qual despr\u00e9s de finalitzar-ho \u00e9s dedicar-me a ajudar a les empreses i particulars en el proc\u00e9s de creaci\u00f3 d&#8217;una marca de sabatilles i roba urbana, centrant-me en el disseny de la identitat corporativa, el disseny de producte i el disseny audiovisual.<\/p>\n<p>Aquesta capacitat multidisciplin\u00e0ria em permet desenvolupar projectes altament creatius amb dots de gesti\u00f3 i lideratge amb la missi\u00f3 de facilitar la interacci\u00f3 de disciplines diverses amb la finalitat d&#8217;aconseguir l&#8217;excel\u00b7l\u00e8ncia al llarg de la vida de la marca. Cuidant a m\u00e9s d&#8217;aconseguir l&#8217;efici\u00e8ncia i efic\u00e0cia en la gesti\u00f3 del proc\u00e9s i els recursos humans que intervenen, i sent respectu\u00f3s amb el medi ambient.<\/p>\n<p>Us presento aquest portafolio amb la idea inicial de compartir els treballs que he realitzat i estic realitzant amb l&#8217;objectiu que pugueu veure com puc ajudar-vos a impulsar o crear des de zero una marca pr\u00f2pia.<\/p>\n<p>\u00ab<em>Penso fermament que com a dissenyadors som co-responsables dels processos d&#8217;exclusi\u00f3 quan dissenyem productes que afavoreixen l&#8217;exclusi\u00f3 social i el maltractament animal. Per tant, som indiscutiblement tamb\u00e9 part activa de la soluci\u00f3. En definitiva el disseny ha d&#8217;aportar qualitat de vida als consumidors del mateix i provocar canvis disruptius que millorin la vida de tots els \u00e9ssers vius del planeta.<\/em> \u00ab<\/p>\n<p>Kiko Garc\u00eda Colacios<\/p>\n","protected":false},"excerpt":{"rendered":"<p>S\u00f3c un professional multidisciplinari. T\u00e8cnic especialista en Inform\u00e0tica de gesti\u00f3 i certificat en Administraci\u00f3 de Bases de dades. Diguem que la inform\u00e0tica ha estat la meva professi\u00f3 durant molts anys i ho continua sent avui dia. Per\u00f2 sempre he tingut inquietud per tot el relacionat amb la creativitat, l&#8217;esport i amb aprendre coses noves. Per aquest motiu, vaig tenir un negoci relacionat amb el sector de la moda urbana durant<\/p>\n<div class=\"read-more\"><a class=\"btn read-more-btn\" href=\"https:\/\/subway-shop.com\/blogdesignbykiko\/index.php\/ca\/en-referencia-a-mi\/\">Seguir leyendo<\/a><\/div>\n","protected":false},"author":1,"featured_media":0,"parent":0,"menu_order":0,"comment_status":"closed","ping_status":"closed","template":"","meta":{"footnotes":""},"_links":{"self":[{"href":"https:\/\/subway-shop.com\/blogdesignbykiko\/index.php\/wp-json\/wp\/v2\/pages\/223"}],"collection":[{"href":"https:\/\/subway-shop.com\/blogdesignbykiko\/index.php\/wp-json\/wp\/v2\/pages"}],"about":[{"href":"https:\/\/subway-shop.com\/blogdesignbykiko\/index.php\/wp-json\/wp\/v2\/types\/page"}],"author":[{"embeddable":true,"href":"https:\/\/subway-shop.com\/blogdesignbykiko\/index.php\/wp-json\/wp\/v2\/users\/1"}],"replies":[{"embeddable":true,"href":"https:\/\/subway-shop.com\/blogdesignbykiko\/index.php\/wp-json\/wp\/v2\/comments?post=223"}],"version-history":[{"count":8,"href":"https:\/\/subway-shop.com\/blogdesignbykiko\/index.php\/wp-json\/wp\/v2\/pages\/223\/revisions"}],"predecessor-version":[{"id":558,"href":"https:\/\/subway-shop.com\/blogdesignbykiko\/index.php\/wp-json\/wp\/v2\/pages\/223\/revisions\/558"}],"wp:attachment":[{"href":"https:\/\/subway-shop.com\/blogdesignbykiko\/index.php\/wp-json\/wp\/v2\/media?parent=223"}],"curies":[{"name":"wp","href":"https:\/\/api.w.org\/{rel}","templated":true}]}}