{"id":8,"date":"2017-05-12T10:30:28","date_gmt":"2017-05-12T10:30:28","guid":{"rendered":"http:\/\/subway-shop.com\/blogdesignbykiko\/?page_id=8"},"modified":"2022-05-04T17:00:32","modified_gmt":"2022-05-04T17:00:32","slug":"acerca-de","status":"publish","type":"page","link":"https:\/\/subway-shop.com\/blogdesignbykiko\/index.php\/acerca-de\/","title":{"rendered":"Sobre mi"},"content":{"rendered":"<p style=\"background: white; margin: 0cm 0cm 18.0pt 0cm;\"><span style=\"font-size: 10.0pt; font-family: Poppins; color: #666666;\">Soy un profesional multidisciplinar.\u00a0 T\u00e9cnico especialista en Inform\u00e1tica de gesti\u00f3n y certificado en Administraci\u00f3n de Bases de datos. Digamos que la inform\u00e1tica ha sido mi profesi\u00f3n durante muchos a\u00f1os y lo sigue siendo hoy en d\u00eda. Pero siempre he tenido inquietud por todo lo relacionado con la creatividad, el deporte y con aprender cosas nuevas.<\/span><\/p>\n<p style=\"background: white; box-sizing: inherit; font-variant-ligatures: normal; font-variant-caps: normal; orphans: 2; widows: 2; -webkit-text-stroke-width: 0px; text-decoration-thickness: initial; text-decoration-style: initial; text-decoration-color: initial; word-spacing: 0px; margin: 0cm 0cm 18.0pt 0cm;\"><span style=\"font-size: 10.0pt; font-family: Poppins; color: #666666;\">Por ese motivo, tuve un negocio relacionado con el sector de la moda urbana durante m\u00e1s de 8 a\u00f1os, en el cual pude conocer lo que se \u00abcoc\u00eda\u00bb en el dise\u00f1o gr\u00e1fico y en la moda urbana profesional.<\/span><\/p>\n<p style=\"background: white; box-sizing: inherit; font-variant-ligatures: normal; font-variant-caps: normal; orphans: 2; widows: 2; -webkit-text-stroke-width: 0px; text-decoration-thickness: initial; text-decoration-style: initial; text-decoration-color: initial; word-spacing: 0px; margin: 0cm 0cm 18.0pt 0cm;\"><span style=\"font-size: 10.0pt; font-family: Poppins; color: #666666;\">Me apasiona el deporte, la m\u00fasica negra, principalmente el RAP del cual edit\u00e9 un disco en espa\u00f1ol el a\u00f1o 2006, y sigo en activo. Me considero animalista, me gusta el expresionismo abstracto del que he hecho alg\u00fan pinito en este campo. Adem\u00e1s, considero imprescindible formarse durante toda la vida.<\/span><\/p>\n<p style=\"background: white; box-sizing: inherit; font-variant-ligatures: normal; font-variant-caps: normal; orphans: 2; widows: 2; -webkit-text-stroke-width: 0px; text-decoration-thickness: initial; text-decoration-style: initial; text-decoration-color: initial; word-spacing: 0px; margin: 0cm 0cm 18.0pt 0cm;\"><span style=\"font-size: 10.0pt; font-family: Poppins; color: #666666;\">Esta inquietud me llev\u00f3 a estudiar el grado de dise\u00f1o gr\u00e1fico y creaci\u00f3n digital en la UOC y cuya aspiraci\u00f3n despu\u00e9s de finalizarlo es dedicarme a ayudar a las empresas y particulares en el proceso de creaci\u00f3n de una marca de zapatillas y ropa urbana, centr\u00e1ndome en el dise\u00f1o de la identidad corporativa, el dise\u00f1o de producto y el dise\u00f1o audiovisual.<\/span><\/p>\n<p style=\"background: white; box-sizing: inherit; font-variant-ligatures: normal; font-variant-caps: normal; orphans: 2; widows: 2; -webkit-text-stroke-width: 0px; text-decoration-thickness: initial; text-decoration-style: initial; text-decoration-color: initial; word-spacing: 0px; margin: 0cm 0cm 18.0pt 0cm;\"><span style=\"font-size: 10.0pt; font-family: Poppins; color: #666666;\">Esta capacidad multidisciplinar me permite desarrollar proyectos altamente creativos con dotes de gesti\u00f3n y liderazgo con la misi\u00f3n de facilitar la interacci\u00f3n de disciplinas diversas con la finalidad de lograr la excelencia a lo largo de la vida de la marca. Cuidando adem\u00e1s de alcanzar la eficiencia y eficacia en la gesti\u00f3n del proceso y los recursos humanos que intervienen, y siendo respetuoso con el medio ambiente.<\/span><\/p>\n<p style=\"background: white; box-sizing: inherit; font-variant-ligatures: normal; font-variant-caps: normal; orphans: 2; widows: 2; -webkit-text-stroke-width: 0px; text-decoration-thickness: initial; text-decoration-style: initial; text-decoration-color: initial; word-spacing: 0px; margin: 0cm 0cm 18.0pt 0cm;\"><span style=\"font-size: 10.0pt; font-family: Poppins; color: #666666;\">Os presento este portafolio con la idea inicial de compartir los trabajos que he realizado y estoy realizando con el objetivo de que pod\u00e1is ver c\u00f3mo puedo ayudaros a impulsar o crear desde cero una marca propia.<\/span><\/p>\n<p style=\"background: white; box-sizing: inherit; font-variant-ligatures: normal; font-variant-caps: normal; orphans: 2; widows: 2; -webkit-text-stroke-width: 0px; text-decoration-thickness: initial; text-decoration-style: initial; text-decoration-color: initial; word-spacing: 0px; margin: 0cm 0cm 18.0pt 0cm;\"><em style=\"box-sizing: inherit;\"><span style=\"font-size: 10.0pt; font-family: Poppins; color: #666666;\">\u00abPienso firmemente que como dise\u00f1adores somos co-responsables de los procesos de exclusi\u00f3n cuando dise\u00f1amos productos que favorecen la exclusi\u00f3n social y el maltrato animal. Por lo tanto, somos indiscutiblemente tambi\u00e9n parte activa de la soluci\u00f3n. En definitiva el dise\u00f1o debe aportar calidad de vida a los consumidores del mismo y provocar cambios disruptivos que mejoren la vida de todos los seres vivos del planeta. \u00ab<\/span><\/em><\/p>\n<p style=\"background: white; box-sizing: inherit; font-variant-ligatures: normal; font-variant-caps: normal; orphans: 2; widows: 2; -webkit-text-stroke-width: 0px; text-decoration-thickness: initial; text-decoration-style: initial; text-decoration-color: initial; word-spacing: 0px; margin: 0cm 0cm 18.0pt 0cm;\"><span style=\"font-size: 10.0pt; font-family: Poppins; color: #666666;\">Kiko Garc\u00eda Colacios<\/span><\/p>\n","protected":false},"excerpt":{"rendered":"<p>Soy un profesional multidisciplinar.\u00a0 T\u00e9cnico especialista en Inform\u00e1tica de gesti\u00f3n y certificado en Administraci\u00f3n de Bases de datos. Digamos que la inform\u00e1tica ha sido mi profesi\u00f3n durante muchos a\u00f1os y lo sigue siendo hoy en d\u00eda. Pero siempre he tenido inquietud por todo lo relacionado con la creatividad, el deporte y con aprender cosas nuevas. Por ese motivo, tuve un negocio relacionado con el sector de la moda urbana durante<\/p>\n<div class=\"read-more\"><a class=\"btn read-more-btn\" href=\"https:\/\/subway-shop.com\/blogdesignbykiko\/index.php\/acerca-de\/\">Seguir leyendo<\/a><\/div>\n","protected":false},"author":1,"featured_media":0,"parent":0,"menu_order":0,"comment_status":"closed","ping_status":"closed","template":"","meta":{"footnotes":""},"_links":{"self":[{"href":"https:\/\/subway-shop.com\/blogdesignbykiko\/index.php\/wp-json\/wp\/v2\/pages\/8"}],"collection":[{"href":"https:\/\/subway-shop.com\/blogdesignbykiko\/index.php\/wp-json\/wp\/v2\/pages"}],"about":[{"href":"https:\/\/subway-shop.com\/blogdesignbykiko\/index.php\/wp-json\/wp\/v2\/types\/page"}],"author":[{"embeddable":true,"href":"https:\/\/subway-shop.com\/blogdesignbykiko\/index.php\/wp-json\/wp\/v2\/users\/1"}],"replies":[{"embeddable":true,"href":"https:\/\/subway-shop.com\/blogdesignbykiko\/index.php\/wp-json\/wp\/v2\/comments?post=8"}],"version-history":[{"count":28,"href":"https:\/\/subway-shop.com\/blogdesignbykiko\/index.php\/wp-json\/wp\/v2\/pages\/8\/revisions"}],"predecessor-version":[{"id":498,"href":"https:\/\/subway-shop.com\/blogdesignbykiko\/index.php\/wp-json\/wp\/v2\/pages\/8\/revisions\/498"}],"wp:attachment":[{"href":"https:\/\/subway-shop.com\/blogdesignbykiko\/index.php\/wp-json\/wp\/v2\/media?parent=8"}],"curies":[{"name":"wp","href":"https:\/\/api.w.org\/{rel}","templated":true}]}}