{"id":147,"date":"2023-12-04T22:44:41","date_gmt":"2023-12-04T22:44:41","guid":{"rendered":"https:\/\/subway-shop.com\/eyeweartiang\/?page_id=147"},"modified":"2023-12-22T22:26:53","modified_gmt":"2023-12-22T22:26:53","slug":"essence-montura-animal-print-marron-lente-transparente","status":"publish","type":"page","link":"https:\/\/subway-shop.com\/eyeweartiang\/index.php\/51-2\/essence-montura-animal-print-marron-lente-transparente\/","title":{"rendered":"Essence | PureWood CrystalView"},"content":{"rendered":"\n<p><\/p>\n\n\n\n<div class=\"wp-block-media-text is-stacked-on-mobile\"><figure class=\"wp-block-media-text__media\"><video controls src=\"https:\/\/subway-shop.com\/eyeweartiang\/wp-content\/uploads\/2023\/12\/Video-TIANG-eyewear-lente-transparente.mp4\"><\/video><\/figure><div class=\"wp-block-media-text__content\">\n<h5 class=\"wp-block-heading\">Montura: Marr\u00f3n Lente: Transparente<\/h5>\n\n\n\n<p>\u00a1Descubre la \u00faltima palabra en estilo con las gafas de TIANG Eyewear! Presentamos con entusiasmo nuestro nuevo dise\u00f1o que redefine la moda: gafas con cristales transparentes, un toque de marr\u00f3n, lentes transparentes y barillas de bamboo ecol\u00f3gico.<\/p>\n\n\n\n<p>Estas gafas no son solo un accesorio; son una declaraci\u00f3n de elegancia atemporal. Los cristales transparentes sin graduaci\u00f3n realzan tu mirada con un toque de misterio y exclusividad. \u00bfLo mejor? El color marr\u00f3n agrega un toque audaz, llevando tu estilo al siguiente nivel.<\/p>\n\n\n\n<p>La montura, cuidadosamente dise\u00f1ada, combina l\u00edneas modernas con detalles cl\u00e1sicos, creando una pieza \u00fanica de artesan\u00eda. \u00a1Y las barillas de bamboo ecol\u00f3gico no solo son ecol\u00f3gicas, sino que tambi\u00e9n a\u00f1aden un toque natural y sofisticado!<\/p>\n<\/div><\/div>\n\n\n\n<figure class=\"wp-block-gallery has-nested-images columns-default is-cropped wp-block-gallery-1 is-layout-flex wp-block-gallery-is-layout-flex\">\n<figure data-wp-context=\"{&quot;imageId&quot;:&quot;69e9cf9f41b45&quot;}\" data-wp-interactive=\"core\/image\" data-wp-key=\"69e9cf9f41b45\" class=\"wp-block-image size-large wp-lightbox-container\"><img loading=\"lazy\" decoding=\"async\" width=\"1024\" height=\"626\" data-wp-class--hide=\"state.isContentHidden\" data-wp-class--show=\"state.isContentVisible\" data-wp-init=\"callbacks.setButtonStyles\" data-wp-on--click=\"actions.showLightbox\" data-wp-on--load=\"callbacks.setButtonStyles\" data-wp-on-window--resize=\"callbacks.setButtonStyles\" data-id=\"219\" src=\"https:\/\/subway-shop.com\/eyeweartiang\/wp-content\/uploads\/2023\/12\/Marron_Transparente_frontal_cerrada-1024x626.webp\" alt=\"\" class=\"wp-image-219\" srcset=\"https:\/\/subway-shop.com\/eyeweartiang\/wp-content\/uploads\/2023\/12\/Marron_Transparente_frontal_cerrada-1024x626.webp 1024w, https:\/\/subway-shop.com\/eyeweartiang\/wp-content\/uploads\/2023\/12\/Marron_Transparente_frontal_cerrada-300x184.webp 300w, https:\/\/subway-shop.com\/eyeweartiang\/wp-content\/uploads\/2023\/12\/Marron_Transparente_frontal_cerrada-768x470.webp 768w, https:\/\/subway-shop.com\/eyeweartiang\/wp-content\/uploads\/2023\/12\/Marron_Transparente_frontal_cerrada-1536x940.webp 1536w, https:\/\/subway-shop.com\/eyeweartiang\/wp-content\/uploads\/2023\/12\/Marron_Transparente_frontal_cerrada-2048x1253.webp 2048w\" sizes=\"auto, (max-width: 1024px) 100vw, 1024px\" \/><button\n\t\t\tclass=\"lightbox-trigger\"\n\t\t\ttype=\"button\"\n\t\t\taria-haspopup=\"dialog\"\n\t\t\taria-label=\"Agrandar\"\n\t\t\tdata-wp-init=\"callbacks.initTriggerButton\"\n\t\t\tdata-wp-on--click=\"actions.showLightbox\"\n\t\t\tdata-wp-style--right=\"state.imageButtonRight\"\n\t\t\tdata-wp-style--top=\"state.imageButtonTop\"\n\t\t>\n\t\t\t<svg xmlns=\"http:\/\/www.w3.org\/2000\/svg\" width=\"12\" height=\"12\" fill=\"none\" viewBox=\"0 0 12 12\">\n\t\t\t\t<path fill=\"#fff\" d=\"M2 0a2 2 0 0 0-2 2v2h1.5V2a.5.5 0 0 1 .5-.5h2V0H2Zm2 10.5H2a.5.5 0 0 1-.5-.5V8H0v2a2 2 0 0 0 2 2h2v-1.5ZM8 12v-1.5h2a.5.5 0 0 0 .5-.5V8H12v2a2 2 0 0 1-2 2H8Zm2-12a2 2 0 0 1 2 2v2h-1.5V2a.5.5 0 0 0-.5-.5H8V0h2Z\" \/>\n\t\t\t<\/svg>\n\t\t<\/button><\/figure>\n\n\n\n<figure data-wp-context=\"{&quot;imageId&quot;:&quot;69e9cf9f41fdc&quot;}\" data-wp-interactive=\"core\/image\" data-wp-key=\"69e9cf9f41fdc\" class=\"wp-block-image size-large wp-lightbox-container\"><img loading=\"lazy\" decoding=\"async\" width=\"1024\" height=\"626\" data-wp-class--hide=\"state.isContentHidden\" data-wp-class--show=\"state.isContentVisible\" data-wp-init=\"callbacks.setButtonStyles\" data-wp-on--click=\"actions.showLightbox\" data-wp-on--load=\"callbacks.setButtonStyles\" data-wp-on-window--resize=\"callbacks.setButtonStyles\" data-id=\"221\" src=\"https:\/\/subway-shop.com\/eyeweartiang\/wp-content\/uploads\/2023\/12\/Marron_Transparente_frontal-1024x626.webp\" alt=\"\" class=\"wp-image-221\" srcset=\"https:\/\/subway-shop.com\/eyeweartiang\/wp-content\/uploads\/2023\/12\/Marron_Transparente_frontal-1024x626.webp 1024w, https:\/\/subway-shop.com\/eyeweartiang\/wp-content\/uploads\/2023\/12\/Marron_Transparente_frontal-300x184.webp 300w, https:\/\/subway-shop.com\/eyeweartiang\/wp-content\/uploads\/2023\/12\/Marron_Transparente_frontal-768x470.webp 768w, https:\/\/subway-shop.com\/eyeweartiang\/wp-content\/uploads\/2023\/12\/Marron_Transparente_frontal-1536x940.webp 1536w, https:\/\/subway-shop.com\/eyeweartiang\/wp-content\/uploads\/2023\/12\/Marron_Transparente_frontal-2048x1253.webp 2048w\" sizes=\"auto, (max-width: 1024px) 100vw, 1024px\" \/><button\n\t\t\tclass=\"lightbox-trigger\"\n\t\t\ttype=\"button\"\n\t\t\taria-haspopup=\"dialog\"\n\t\t\taria-label=\"Agrandar\"\n\t\t\tdata-wp-init=\"callbacks.initTriggerButton\"\n\t\t\tdata-wp-on--click=\"actions.showLightbox\"\n\t\t\tdata-wp-style--right=\"state.imageButtonRight\"\n\t\t\tdata-wp-style--top=\"state.imageButtonTop\"\n\t\t>\n\t\t\t<svg xmlns=\"http:\/\/www.w3.org\/2000\/svg\" width=\"12\" height=\"12\" fill=\"none\" viewBox=\"0 0 12 12\">\n\t\t\t\t<path fill=\"#fff\" d=\"M2 0a2 2 0 0 0-2 2v2h1.5V2a.5.5 0 0 1 .5-.5h2V0H2Zm2 10.5H2a.5.5 0 0 1-.5-.5V8H0v2a2 2 0 0 0 2 2h2v-1.5ZM8 12v-1.5h2a.5.5 0 0 0 .5-.5V8H12v2a2 2 0 0 1-2 2H8Zm2-12a2 2 0 0 1 2 2v2h-1.5V2a.5.5 0 0 0-.5-.5H8V0h2Z\" \/>\n\t\t\t<\/svg>\n\t\t<\/button><\/figure>\n\n\n\n<figure data-wp-context=\"{&quot;imageId&quot;:&quot;69e9cf9f423a0&quot;}\" data-wp-interactive=\"core\/image\" data-wp-key=\"69e9cf9f423a0\" class=\"wp-block-image size-large wp-lightbox-container\"><img loading=\"lazy\" decoding=\"async\" width=\"1024\" height=\"626\" data-wp-class--hide=\"state.isContentHidden\" data-wp-class--show=\"state.isContentVisible\" data-wp-init=\"callbacks.setButtonStyles\" data-wp-on--click=\"actions.showLightbox\" data-wp-on--load=\"callbacks.setButtonStyles\" data-wp-on-window--resize=\"callbacks.setButtonStyles\" data-id=\"217\" src=\"https:\/\/subway-shop.com\/eyeweartiang\/wp-content\/uploads\/2023\/12\/Marron_Transparente_izquierda2-1024x626.webp\" alt=\"\" class=\"wp-image-217\" srcset=\"https:\/\/subway-shop.com\/eyeweartiang\/wp-content\/uploads\/2023\/12\/Marron_Transparente_izquierda2-1024x626.webp 1024w, https:\/\/subway-shop.com\/eyeweartiang\/wp-content\/uploads\/2023\/12\/Marron_Transparente_izquierda2-300x184.webp 300w, https:\/\/subway-shop.com\/eyeweartiang\/wp-content\/uploads\/2023\/12\/Marron_Transparente_izquierda2-768x470.webp 768w, https:\/\/subway-shop.com\/eyeweartiang\/wp-content\/uploads\/2023\/12\/Marron_Transparente_izquierda2-1536x940.webp 1536w, https:\/\/subway-shop.com\/eyeweartiang\/wp-content\/uploads\/2023\/12\/Marron_Transparente_izquierda2-2048x1253.webp 2048w\" sizes=\"auto, (max-width: 1024px) 100vw, 1024px\" \/><button\n\t\t\tclass=\"lightbox-trigger\"\n\t\t\ttype=\"button\"\n\t\t\taria-haspopup=\"dialog\"\n\t\t\taria-label=\"Agrandar\"\n\t\t\tdata-wp-init=\"callbacks.initTriggerButton\"\n\t\t\tdata-wp-on--click=\"actions.showLightbox\"\n\t\t\tdata-wp-style--right=\"state.imageButtonRight\"\n\t\t\tdata-wp-style--top=\"state.imageButtonTop\"\n\t\t>\n\t\t\t<svg xmlns=\"http:\/\/www.w3.org\/2000\/svg\" width=\"12\" height=\"12\" fill=\"none\" viewBox=\"0 0 12 12\">\n\t\t\t\t<path fill=\"#fff\" d=\"M2 0a2 2 0 0 0-2 2v2h1.5V2a.5.5 0 0 1 .5-.5h2V0H2Zm2 10.5H2a.5.5 0 0 1-.5-.5V8H0v2a2 2 0 0 0 2 2h2v-1.5ZM8 12v-1.5h2a.5.5 0 0 0 .5-.5V8H12v2a2 2 0 0 1-2 2H8Zm2-12a2 2 0 0 1 2 2v2h-1.5V2a.5.5 0 0 0-.5-.5H8V0h2Z\" \/>\n\t\t\t<\/svg>\n\t\t<\/button><\/figure>\n\n\n\n<figure data-wp-context=\"{&quot;imageId&quot;:&quot;69e9cf9f4275b&quot;}\" data-wp-interactive=\"core\/image\" data-wp-key=\"69e9cf9f4275b\" class=\"wp-block-image size-large wp-lightbox-container\"><img loading=\"lazy\" decoding=\"async\" width=\"1024\" height=\"626\" data-wp-class--hide=\"state.isContentHidden\" data-wp-class--show=\"state.isContentVisible\" data-wp-init=\"callbacks.setButtonStyles\" data-wp-on--click=\"actions.showLightbox\" data-wp-on--load=\"callbacks.setButtonStyles\" data-wp-on-window--resize=\"callbacks.setButtonStyles\" data-id=\"220\" src=\"https:\/\/subway-shop.com\/eyeweartiang\/wp-content\/uploads\/2023\/12\/Marron_Transparente_trasera-1024x626.webp\" alt=\"\" class=\"wp-image-220\" srcset=\"https:\/\/subway-shop.com\/eyeweartiang\/wp-content\/uploads\/2023\/12\/Marron_Transparente_trasera-1024x626.webp 1024w, https:\/\/subway-shop.com\/eyeweartiang\/wp-content\/uploads\/2023\/12\/Marron_Transparente_trasera-300x184.webp 300w, https:\/\/subway-shop.com\/eyeweartiang\/wp-content\/uploads\/2023\/12\/Marron_Transparente_trasera-768x470.webp 768w, https:\/\/subway-shop.com\/eyeweartiang\/wp-content\/uploads\/2023\/12\/Marron_Transparente_trasera-1536x940.webp 1536w, https:\/\/subway-shop.com\/eyeweartiang\/wp-content\/uploads\/2023\/12\/Marron_Transparente_trasera-2048x1253.webp 2048w\" sizes=\"auto, (max-width: 1024px) 100vw, 1024px\" \/><button\n\t\t\tclass=\"lightbox-trigger\"\n\t\t\ttype=\"button\"\n\t\t\taria-haspopup=\"dialog\"\n\t\t\taria-label=\"Agrandar\"\n\t\t\tdata-wp-init=\"callbacks.initTriggerButton\"\n\t\t\tdata-wp-on--click=\"actions.showLightbox\"\n\t\t\tdata-wp-style--right=\"state.imageButtonRight\"\n\t\t\tdata-wp-style--top=\"state.imageButtonTop\"\n\t\t>\n\t\t\t<svg xmlns=\"http:\/\/www.w3.org\/2000\/svg\" width=\"12\" height=\"12\" fill=\"none\" viewBox=\"0 0 12 12\">\n\t\t\t\t<path fill=\"#fff\" d=\"M2 0a2 2 0 0 0-2 2v2h1.5V2a.5.5 0 0 1 .5-.5h2V0H2Zm2 10.5H2a.5.5 0 0 1-.5-.5V8H0v2a2 2 0 0 0 2 2h2v-1.5ZM8 12v-1.5h2a.5.5 0 0 0 .5-.5V8H12v2a2 2 0 0 1-2 2H8Zm2-12a2 2 0 0 1 2 2v2h-1.5V2a.5.5 0 0 0-.5-.5H8V0h2Z\" \/>\n\t\t\t<\/svg>\n\t\t<\/button><\/figure>\n\n\n\n<figure data-wp-context=\"{&quot;imageId&quot;:&quot;69e9cf9f42ad4&quot;}\" data-wp-interactive=\"core\/image\" data-wp-key=\"69e9cf9f42ad4\" class=\"wp-block-image size-large wp-lightbox-container\"><img loading=\"lazy\" decoding=\"async\" width=\"1024\" height=\"626\" data-wp-class--hide=\"state.isContentHidden\" data-wp-class--show=\"state.isContentVisible\" data-wp-init=\"callbacks.setButtonStyles\" data-wp-on--click=\"actions.showLightbox\" data-wp-on--load=\"callbacks.setButtonStyles\" data-wp-on-window--resize=\"callbacks.setButtonStyles\" data-id=\"223\" src=\"https:\/\/subway-shop.com\/eyeweartiang\/wp-content\/uploads\/2023\/12\/Marron_Transparente_trasera-derecha-1024x626.webp\" alt=\"\" class=\"wp-image-223\" srcset=\"https:\/\/subway-shop.com\/eyeweartiang\/wp-content\/uploads\/2023\/12\/Marron_Transparente_trasera-derecha-1024x626.webp 1024w, https:\/\/subway-shop.com\/eyeweartiang\/wp-content\/uploads\/2023\/12\/Marron_Transparente_trasera-derecha-300x184.webp 300w, https:\/\/subway-shop.com\/eyeweartiang\/wp-content\/uploads\/2023\/12\/Marron_Transparente_trasera-derecha-768x470.webp 768w, https:\/\/subway-shop.com\/eyeweartiang\/wp-content\/uploads\/2023\/12\/Marron_Transparente_trasera-derecha-1536x940.webp 1536w, https:\/\/subway-shop.com\/eyeweartiang\/wp-content\/uploads\/2023\/12\/Marron_Transparente_trasera-derecha-2048x1253.webp 2048w\" sizes=\"auto, (max-width: 1024px) 100vw, 1024px\" \/><button\n\t\t\tclass=\"lightbox-trigger\"\n\t\t\ttype=\"button\"\n\t\t\taria-haspopup=\"dialog\"\n\t\t\taria-label=\"Agrandar\"\n\t\t\tdata-wp-init=\"callbacks.initTriggerButton\"\n\t\t\tdata-wp-on--click=\"actions.showLightbox\"\n\t\t\tdata-wp-style--right=\"state.imageButtonRight\"\n\t\t\tdata-wp-style--top=\"state.imageButtonTop\"\n\t\t>\n\t\t\t<svg xmlns=\"http:\/\/www.w3.org\/2000\/svg\" width=\"12\" height=\"12\" fill=\"none\" viewBox=\"0 0 12 12\">\n\t\t\t\t<path fill=\"#fff\" d=\"M2 0a2 2 0 0 0-2 2v2h1.5V2a.5.5 0 0 1 .5-.5h2V0H2Zm2 10.5H2a.5.5 0 0 1-.5-.5V8H0v2a2 2 0 0 0 2 2h2v-1.5ZM8 12v-1.5h2a.5.5 0 0 0 .5-.5V8H12v2a2 2 0 0 1-2 2H8Zm2-12a2 2 0 0 1 2 2v2h-1.5V2a.5.5 0 0 0-.5-.5H8V0h2Z\" \/>\n\t\t\t<\/svg>\n\t\t<\/button><\/figure>\n\n\n\n<figure data-wp-context=\"{&quot;imageId&quot;:&quot;69e9cf9f42e26&quot;}\" data-wp-interactive=\"core\/image\" data-wp-key=\"69e9cf9f42e26\" class=\"wp-block-image size-large wp-lightbox-container\"><img loading=\"lazy\" decoding=\"async\" width=\"1024\" height=\"626\" data-wp-class--hide=\"state.isContentHidden\" data-wp-class--show=\"state.isContentVisible\" data-wp-init=\"callbacks.setButtonStyles\" data-wp-on--click=\"actions.showLightbox\" data-wp-on--load=\"callbacks.setButtonStyles\" data-wp-on-window--resize=\"callbacks.setButtonStyles\" data-id=\"222\" src=\"https:\/\/subway-shop.com\/eyeweartiang\/wp-content\/uploads\/2023\/12\/Marron_Transparente_trasera-izquierda-1024x626.webp\" alt=\"\" class=\"wp-image-222\" srcset=\"https:\/\/subway-shop.com\/eyeweartiang\/wp-content\/uploads\/2023\/12\/Marron_Transparente_trasera-izquierda-1024x626.webp 1024w, https:\/\/subway-shop.com\/eyeweartiang\/wp-content\/uploads\/2023\/12\/Marron_Transparente_trasera-izquierda-300x184.webp 300w, https:\/\/subway-shop.com\/eyeweartiang\/wp-content\/uploads\/2023\/12\/Marron_Transparente_trasera-izquierda-768x470.webp 768w, https:\/\/subway-shop.com\/eyeweartiang\/wp-content\/uploads\/2023\/12\/Marron_Transparente_trasera-izquierda-1536x940.webp 1536w, https:\/\/subway-shop.com\/eyeweartiang\/wp-content\/uploads\/2023\/12\/Marron_Transparente_trasera-izquierda-2048x1253.webp 2048w\" sizes=\"auto, (max-width: 1024px) 100vw, 1024px\" \/><button\n\t\t\tclass=\"lightbox-trigger\"\n\t\t\ttype=\"button\"\n\t\t\taria-haspopup=\"dialog\"\n\t\t\taria-label=\"Agrandar\"\n\t\t\tdata-wp-init=\"callbacks.initTriggerButton\"\n\t\t\tdata-wp-on--click=\"actions.showLightbox\"\n\t\t\tdata-wp-style--right=\"state.imageButtonRight\"\n\t\t\tdata-wp-style--top=\"state.imageButtonTop\"\n\t\t>\n\t\t\t<svg xmlns=\"http:\/\/www.w3.org\/2000\/svg\" width=\"12\" height=\"12\" fill=\"none\" viewBox=\"0 0 12 12\">\n\t\t\t\t<path fill=\"#fff\" d=\"M2 0a2 2 0 0 0-2 2v2h1.5V2a.5.5 0 0 1 .5-.5h2V0H2Zm2 10.5H2a.5.5 0 0 1-.5-.5V8H0v2a2 2 0 0 0 2 2h2v-1.5ZM8 12v-1.5h2a.5.5 0 0 0 .5-.5V8H12v2a2 2 0 0 1-2 2H8Zm2-12a2 2 0 0 1 2 2v2h-1.5V2a.5.5 0 0 0-.5-.5H8V0h2Z\" \/>\n\t\t\t<\/svg>\n\t\t<\/button><\/figure>\n\n\n\n<figure data-wp-context=\"{&quot;imageId&quot;:&quot;69e9cf9f4316e&quot;}\" data-wp-interactive=\"core\/image\" data-wp-key=\"69e9cf9f4316e\" class=\"wp-block-image size-large wp-lightbox-container\"><img loading=\"lazy\" decoding=\"async\" width=\"1024\" height=\"626\" data-wp-class--hide=\"state.isContentHidden\" data-wp-class--show=\"state.isContentVisible\" data-wp-init=\"callbacks.setButtonStyles\" data-wp-on--click=\"actions.showLightbox\" data-wp-on--load=\"callbacks.setButtonStyles\" data-wp-on-window--resize=\"callbacks.setButtonStyles\" data-id=\"216\" src=\"https:\/\/subway-shop.com\/eyeweartiang\/wp-content\/uploads\/2023\/12\/Marron_Transparente_detalle_tornillo-1024x626.webp\" alt=\"\" class=\"wp-image-216\" srcset=\"https:\/\/subway-shop.com\/eyeweartiang\/wp-content\/uploads\/2023\/12\/Marron_Transparente_detalle_tornillo-1024x626.webp 1024w, https:\/\/subway-shop.com\/eyeweartiang\/wp-content\/uploads\/2023\/12\/Marron_Transparente_detalle_tornillo-300x184.webp 300w, https:\/\/subway-shop.com\/eyeweartiang\/wp-content\/uploads\/2023\/12\/Marron_Transparente_detalle_tornillo-768x470.webp 768w, https:\/\/subway-shop.com\/eyeweartiang\/wp-content\/uploads\/2023\/12\/Marron_Transparente_detalle_tornillo-1536x940.webp 1536w, https:\/\/subway-shop.com\/eyeweartiang\/wp-content\/uploads\/2023\/12\/Marron_Transparente_detalle_tornillo-2048x1253.webp 2048w\" sizes=\"auto, (max-width: 1024px) 100vw, 1024px\" \/><button\n\t\t\tclass=\"lightbox-trigger\"\n\t\t\ttype=\"button\"\n\t\t\taria-haspopup=\"dialog\"\n\t\t\taria-label=\"Agrandar\"\n\t\t\tdata-wp-init=\"callbacks.initTriggerButton\"\n\t\t\tdata-wp-on--click=\"actions.showLightbox\"\n\t\t\tdata-wp-style--right=\"state.imageButtonRight\"\n\t\t\tdata-wp-style--top=\"state.imageButtonTop\"\n\t\t>\n\t\t\t<svg xmlns=\"http:\/\/www.w3.org\/2000\/svg\" width=\"12\" height=\"12\" fill=\"none\" viewBox=\"0 0 12 12\">\n\t\t\t\t<path fill=\"#fff\" d=\"M2 0a2 2 0 0 0-2 2v2h1.5V2a.5.5 0 0 1 .5-.5h2V0H2Zm2 10.5H2a.5.5 0 0 1-.5-.5V8H0v2a2 2 0 0 0 2 2h2v-1.5ZM8 12v-1.5h2a.5.5 0 0 0 .5-.5V8H12v2a2 2 0 0 1-2 2H8Zm2-12a2 2 0 0 1 2 2v2h-1.5V2a.5.5 0 0 0-.5-.5H8V0h2Z\" \/>\n\t\t\t<\/svg>\n\t\t<\/button><\/figure>\n\n\n\n<figure data-wp-context=\"{&quot;imageId&quot;:&quot;69e9cf9f434e8&quot;}\" data-wp-interactive=\"core\/image\" data-wp-key=\"69e9cf9f434e8\" class=\"wp-block-image size-large wp-lightbox-container\"><img loading=\"lazy\" decoding=\"async\" width=\"1024\" height=\"626\" data-wp-class--hide=\"state.isContentHidden\" data-wp-class--show=\"state.isContentVisible\" data-wp-init=\"callbacks.setButtonStyles\" data-wp-on--click=\"actions.showLightbox\" data-wp-on--load=\"callbacks.setButtonStyles\" data-wp-on-window--resize=\"callbacks.setButtonStyles\" data-id=\"215\" src=\"https:\/\/subway-shop.com\/eyeweartiang\/wp-content\/uploads\/2023\/12\/Marron_Transparente_bocaabajo-1024x626.webp\" alt=\"\" class=\"wp-image-215\" srcset=\"https:\/\/subway-shop.com\/eyeweartiang\/wp-content\/uploads\/2023\/12\/Marron_Transparente_bocaabajo-1024x626.webp 1024w, https:\/\/subway-shop.com\/eyeweartiang\/wp-content\/uploads\/2023\/12\/Marron_Transparente_bocaabajo-300x184.webp 300w, https:\/\/subway-shop.com\/eyeweartiang\/wp-content\/uploads\/2023\/12\/Marron_Transparente_bocaabajo-768x470.webp 768w, https:\/\/subway-shop.com\/eyeweartiang\/wp-content\/uploads\/2023\/12\/Marron_Transparente_bocaabajo-1536x940.webp 1536w, https:\/\/subway-shop.com\/eyeweartiang\/wp-content\/uploads\/2023\/12\/Marron_Transparente_bocaabajo-2048x1253.webp 2048w\" sizes=\"auto, (max-width: 1024px) 100vw, 1024px\" \/><button\n\t\t\tclass=\"lightbox-trigger\"\n\t\t\ttype=\"button\"\n\t\t\taria-haspopup=\"dialog\"\n\t\t\taria-label=\"Agrandar\"\n\t\t\tdata-wp-init=\"callbacks.initTriggerButton\"\n\t\t\tdata-wp-on--click=\"actions.showLightbox\"\n\t\t\tdata-wp-style--right=\"state.imageButtonRight\"\n\t\t\tdata-wp-style--top=\"state.imageButtonTop\"\n\t\t>\n\t\t\t<svg xmlns=\"http:\/\/www.w3.org\/2000\/svg\" width=\"12\" height=\"12\" fill=\"none\" viewBox=\"0 0 12 12\">\n\t\t\t\t<path fill=\"#fff\" d=\"M2 0a2 2 0 0 0-2 2v2h1.5V2a.5.5 0 0 1 .5-.5h2V0H2Zm2 10.5H2a.5.5 0 0 1-.5-.5V8H0v2a2 2 0 0 0 2 2h2v-1.5ZM8 12v-1.5h2a.5.5 0 0 0 .5-.5V8H12v2a2 2 0 0 1-2 2H8Zm2-12a2 2 0 0 1 2 2v2h-1.5V2a.5.5 0 0 0-.5-.5H8V0h2Z\" \/>\n\t\t\t<\/svg>\n\t\t<\/button><\/figure>\n<\/figure>\n\n\n\n<hr class=\"wp-block-separator has-alpha-channel-opacity\"\/>\n\n\n\n<h2 class=\"wp-block-heading\">\u00a1Compra tus gafas ahora y \u00fanete a la elegancia eco-friendly!<\/h2>\n\n\n\n<details class=\"wp-block-details is-layout-flow wp-block-details-is-layout-flow\"><summary> Pulsa aqu\u00ed para desplegar la Informaci\u00f3n de compra de este modelo<\/summary>\n<p>Puedes adquirir este modelo seleccionando la Montura: Marr\u00f3n y Lente: Transparente en el siguiente panel. Si deseas ver todos los colores disponibles puedes ir a<a href=\"https:\/\/tiang.shop\/products\/gafas-de-sol-bamboo-beauty-essence?variant=48886288515398\" target=\"_blank\" rel=\"noreferrer noopener\"> la tienda de TIANG,<\/a><\/p>\n<\/details>\n\n\n\n<div class=\"wp-block-columns is-layout-flex wp-container-core-columns-is-layout-9d6595d7 wp-block-columns-is-layout-flex\">\n<div class=\"wp-block-column is-layout-flow wp-block-column-is-layout-flow\"><div id='product-component-1701984122982'><\/div>\n<p><script type=\"text\/javascript\">\n\/*<![CDATA[*\/\n(function () {\n  var scriptURL = 'https:\/\/sdks.shopifycdn.com\/buy-button\/latest\/buy-button-storefront.min.js';\n  if (window.ShopifyBuy) {\n    if (window.ShopifyBuy.UI) {\n      ShopifyBuyInit();\n    } else {\n      loadScript();\n    }\n  } else {\n    loadScript();\n  }\n  function loadScript() {\n    var script = document.createElement('script');\n    script.async = true;\n    script.src = scriptURL;\n    (document.getElementsByTagName('head')[0] || document.getElementsByTagName('body')[0]).appendChild(script);\n    script.onload = ShopifyBuyInit;\n  }\n  function ShopifyBuyInit() {\n    var client = ShopifyBuy.buildClient({\n      domain: 'bcd87b-2.myshopify.com',\n      storefrontAccessToken: 'e3cde19b6d0d2ec92fdba390e33555d5',\n    });\n    ShopifyBuy.UI.onReady(client).then(function (ui) {\n      ui.createComponent('product', {\n        id: '8712451064134',\n        node: document.getElementById('product-component-1701984122982'),\n        moneyFormat: '%E2%82%AC%7B%7Bamount_with_comma_separator%7D%7D',\n        options: {\n  \"product\": {\n    \"styles\": {\n      \"product\": {\n        \"@media (min-width: 601px)\": {\n          \"max-width\": \"calc(25% - 20px)\",\n          \"margin-left\": \"20px\",\n          \"margin-bottom\": \"50px\"\n        }\n      },\n      \"button\": {\n        \":hover\": {\n          \"background-color\": \"#1156e1\"\n        },\n        \"background-color\": \"#135ffa\",\n        \":focus\": {\n          \"background-color\": \"#1156e1\"\n        }\n      }\n    },\n    \"contents\": {\n      \"button\": false,\n      \"buttonWithQuantity\": true\n    },\n    \"text\": {\n      \"button\": \"A\u00f1adir al carrito\"\n    }\n  },\n  \"productSet\": {\n    \"styles\": {\n      \"products\": {\n        \"@media (min-width: 601px)\": {\n          \"margin-left\": \"-20px\"\n        }\n      }\n    }\n  },\n  \"modalProduct\": {\n    \"contents\": {\n      \"img\": false,\n      \"imgWithCarousel\": true,\n      \"button\": false,\n      \"buttonWithQuantity\": true\n    },\n    \"styles\": {\n      \"product\": {\n        \"@media (min-width: 601px)\": {\n          \"max-width\": \"100%\",\n          \"margin-left\": \"0px\",\n          \"margin-bottom\": \"0px\"\n        }\n      },\n      \"button\": {\n        \":hover\": {\n          \"background-color\": \"#1156e1\"\n        },\n        \"background-color\": \"#135ffa\",\n        \":focus\": {\n          \"background-color\": \"#1156e1\"\n        }\n      }\n    },\n    \"text\": {\n      \"button\": \"Add to cart\"\n    }\n  },\n  \"option\": {},\n  \"cart\": {\n    \"styles\": {\n      \"button\": {\n        \":hover\": {\n          \"background-color\": \"#1156e1\"\n        },\n        \"background-color\": \"#135ffa\",\n        \":focus\": {\n          \"background-color\": \"#1156e1\"\n        }\n      }\n    },\n    \"text\": {\n      \"title\": \"En tu cesta\",\n      \"total\": \"Subtotal\",\n      \"empty\": \"Tu cesta est\u00e1 vacia\",\n      \"notice\": \"Los gastos de env\u00edo y\/o descuentos se agregan al finalizar la compra.\",\n      \"button\": \"Ir a pagar\"\n    }\n  },\n  \"toggle\": {\n    \"styles\": {\n      \"toggle\": {\n        \"background-color\": \"#135ffa\",\n        \":hover\": {\n          \"background-color\": \"#1156e1\"\n        },\n        \":focus\": {\n          \"background-color\": \"#1156e1\"\n        }\n      }\n    }\n  }\n},\n      });\n    });\n  }\n})();\n\/*]]>*\/\n<\/script><\/p>\n<\/div>\n<\/div>\n","protected":false},"excerpt":{"rendered":"<p>Montura: Marr\u00f3n Lente: Transparente \u00a1Descubre la \u00faltima palabra en estilo con las gafas de TIANG Eyewear! Presentamos con entusiasmo nuestro nuevo dise\u00f1o que redefine la moda: gafas con cristales transparentes, un toque de marr\u00f3n, lentes transparentes y barillas de bamboo ecol\u00f3gico. Estas gafas no son solo un accesorio; son una declaraci\u00f3n de elegancia atemporal. Los [&hellip;]<\/p>\n","protected":false},"author":1,"featured_media":0,"parent":51,"menu_order":2,"comment_status":"closed","ping_status":"closed","template":"","meta":{"footnotes":""},"class_list":["post-147","page","type-page","status-publish","hentry","entry"],"_links":{"self":[{"href":"https:\/\/subway-shop.com\/eyeweartiang\/index.php\/wp-json\/wp\/v2\/pages\/147","targetHints":{"allow":["GET"]}}],"collection":[{"href":"https:\/\/subway-shop.com\/eyeweartiang\/index.php\/wp-json\/wp\/v2\/pages"}],"about":[{"href":"https:\/\/subway-shop.com\/eyeweartiang\/index.php\/wp-json\/wp\/v2\/types\/page"}],"author":[{"embeddable":true,"href":"https:\/\/subway-shop.com\/eyeweartiang\/index.php\/wp-json\/wp\/v2\/users\/1"}],"replies":[{"embeddable":true,"href":"https:\/\/subway-shop.com\/eyeweartiang\/index.php\/wp-json\/wp\/v2\/comments?post=147"}],"version-history":[{"count":13,"href":"https:\/\/subway-shop.com\/eyeweartiang\/index.php\/wp-json\/wp\/v2\/pages\/147\/revisions"}],"predecessor-version":[{"id":302,"href":"https:\/\/subway-shop.com\/eyeweartiang\/index.php\/wp-json\/wp\/v2\/pages\/147\/revisions\/302"}],"up":[{"embeddable":true,"href":"https:\/\/subway-shop.com\/eyeweartiang\/index.php\/wp-json\/wp\/v2\/pages\/51"}],"wp:attachment":[{"href":"https:\/\/subway-shop.com\/eyeweartiang\/index.php\/wp-json\/wp\/v2\/media?parent=147"}],"curies":[{"name":"wp","href":"https:\/\/api.w.org\/{rel}","templated":true}]}}