{"id":153,"date":"2023-12-04T23:04:46","date_gmt":"2023-12-04T23:04:46","guid":{"rendered":"https:\/\/subway-shop.com\/eyeweartiang\/?page_id=153"},"modified":"2023-12-22T21:03:45","modified_gmt":"2023-12-22T21:03:45","slug":"fundas-green-sleeve","status":"publish","type":"page","link":"https:\/\/subway-shop.com\/eyeweartiang\/index.php\/fundas-green-sleeve\/","title":{"rendered":"Fundas \u00abGreen Sleeve\u00bb"},"content":{"rendered":"\n<p>Presentamos nuestra exclusiva \u00abFunda Green Sleeve\u00bb, una pieza dise\u00f1ada con el compromiso de fusionar la moda con la sostenibilidad. Esta funda para gafas ha sido confeccionada con fieltro reciclado, llevando la ecoconciencia al siguiente nivel. Cada detalle refleja nuestro compromiso con un mundo m\u00e1s verde y consciente.<\/p>\n\n\n\n<div class=\"wp-block-media-text is-stacked-on-mobile\"><figure class=\"wp-block-media-text__media\"><img loading=\"lazy\" decoding=\"async\" width=\"1024\" height=\"1024\" src=\"https:\/\/subway-shop.com\/eyeweartiang\/wp-content\/uploads\/2023\/12\/funda-gafas-fieltro-reciclado-2.png\" alt=\"\" class=\"wp-image-195 size-full\" srcset=\"https:\/\/subway-shop.com\/eyeweartiang\/wp-content\/uploads\/2023\/12\/funda-gafas-fieltro-reciclado-2.png 1024w, https:\/\/subway-shop.com\/eyeweartiang\/wp-content\/uploads\/2023\/12\/funda-gafas-fieltro-reciclado-2-300x300.png 300w, https:\/\/subway-shop.com\/eyeweartiang\/wp-content\/uploads\/2023\/12\/funda-gafas-fieltro-reciclado-2-150x150.png 150w, https:\/\/subway-shop.com\/eyeweartiang\/wp-content\/uploads\/2023\/12\/funda-gafas-fieltro-reciclado-2-768x768.png 768w, https:\/\/subway-shop.com\/eyeweartiang\/wp-content\/uploads\/2023\/12\/funda-gafas-fieltro-reciclado-2-600x600.png 600w\" sizes=\"auto, (max-width: 1024px) 100vw, 1024px\" \/><\/figure><div class=\"wp-block-media-text__content\">\n<p>El fieltro utilizado en esta funda proviene de materiales reciclados y lleva la distintiva etiqueta RPET y la etiqueta TIANG ECOLOGY  asegurando que cada fibra de este accesorio sea un testimonio de nuestro esfuerzo por reducir la huella ecol\u00f3gica. Al elegir nuestra \u00abFunda Green Sleeve\u00bb, no solo proteges tus gafas con estilo, sino que tambi\u00e9n contribuyes a la preservaci\u00f3n del medio ambiente.<\/p>\n\n\n\n<p>El dise\u00f1o de la funda combina funcionalidad y elegancia, ofreciendo una protecci\u00f3n segura para tus gafas mientras te desplazas por tu d\u00eda. La etiqueta RPET no solo es un sello de calidad sostenible, sino tambi\u00e9n un recordatorio de la importancia de tomar decisiones conscientes en el consumo.<\/p>\n\n\n\n<p>Elige la \u00abFunda Green Sleeve\u00bb y haz una declaraci\u00f3n de estilo y responsabilidad ambiental. Protege tus gafas con conciencia, abrazando la moda sostenible con cada detalle.<\/p>\n<\/div><\/div>\n","protected":false},"excerpt":{"rendered":"<p>Presentamos nuestra exclusiva \u00abFunda Green Sleeve\u00bb, una pieza dise\u00f1ada con el compromiso de fusionar la moda con la sostenibilidad. Esta funda para gafas ha sido confeccionada con fieltro reciclado, llevando la ecoconciencia al siguiente nivel. Cada detalle refleja nuestro compromiso con un mundo m\u00e1s verde y consciente. El fieltro utilizado en esta funda proviene de [&hellip;]<\/p>\n","protected":false},"author":1,"featured_media":0,"parent":0,"menu_order":0,"comment_status":"closed","ping_status":"closed","template":"","meta":{"footnotes":""},"class_list":["post-153","page","type-page","status-publish","hentry","entry"],"_links":{"self":[{"href":"https:\/\/subway-shop.com\/eyeweartiang\/index.php\/wp-json\/wp\/v2\/pages\/153","targetHints":{"allow":["GET"]}}],"collection":[{"href":"https:\/\/subway-shop.com\/eyeweartiang\/index.php\/wp-json\/wp\/v2\/pages"}],"about":[{"href":"https:\/\/subway-shop.com\/eyeweartiang\/index.php\/wp-json\/wp\/v2\/types\/page"}],"author":[{"embeddable":true,"href":"https:\/\/subway-shop.com\/eyeweartiang\/index.php\/wp-json\/wp\/v2\/users\/1"}],"replies":[{"embeddable":true,"href":"https:\/\/subway-shop.com\/eyeweartiang\/index.php\/wp-json\/wp\/v2\/comments?post=153"}],"version-history":[{"count":4,"href":"https:\/\/subway-shop.com\/eyeweartiang\/index.php\/wp-json\/wp\/v2\/pages\/153\/revisions"}],"predecessor-version":[{"id":285,"href":"https:\/\/subway-shop.com\/eyeweartiang\/index.php\/wp-json\/wp\/v2\/pages\/153\/revisions\/285"}],"wp:attachment":[{"href":"https:\/\/subway-shop.com\/eyeweartiang\/index.php\/wp-json\/wp\/v2\/media?parent=153"}],"curies":[{"name":"wp","href":"https:\/\/api.w.org\/{rel}","templated":true}]}}