{"id":162,"date":"2023-12-04T23:22:17","date_gmt":"2023-12-04T23:22:17","guid":{"rendered":"https:\/\/subway-shop.com\/eyeweartiang\/?page_id=162"},"modified":"2025-10-26T12:52:03","modified_gmt":"2025-10-26T12:52:03","slug":"collectors-showcase","status":"publish","type":"page","link":"https:\/\/subway-shop.com\/eyeweartiang\/index.php\/collectors-showcase\/","title":{"rendered":"Collector&#8217;s Showcase"},"content":{"rendered":"\n<p><\/p>\n\n\n\n<div class=\"wp-block-media-text is-stacked-on-mobile\" style=\"grid-template-columns:22% auto\"><figure class=\"wp-block-media-text__media\"><img loading=\"lazy\" decoding=\"async\" width=\"508\" height=\"728\" src=\"https:\/\/subway-shop.com\/eyeweartiang\/wp-content\/uploads\/2025\/10\/expositor_tiang_eyewear1.png\" alt=\"\" class=\"wp-image-344 size-full\" srcset=\"https:\/\/subway-shop.com\/eyeweartiang\/wp-content\/uploads\/2025\/10\/expositor_tiang_eyewear1.png 508w, https:\/\/subway-shop.com\/eyeweartiang\/wp-content\/uploads\/2025\/10\/expositor_tiang_eyewear1-209x300.png 209w\" sizes=\"auto, (max-width: 508px) 100vw, 508px\" \/><\/figure><div class=\"wp-block-media-text__content\">\n<p>La forma m\u00e1s elegante y sostenible de guardar tus gafas.<br>Nuestro expositor de <strong>cart\u00f3n reciclado<\/strong> te permite <strong>coleccionar y organizar hasta 6 gafas TIANG<\/strong> mientras las mantienes siempre a la vista.<br>Un dise\u00f1o funcional y est\u00e9tico, perfecto para tu vestidor. <\/p>\n<\/div><\/div>\n","protected":false},"excerpt":{"rendered":"<p>La forma m\u00e1s elegante y sostenible de guardar tus gafas.Nuestro expositor de cart\u00f3n reciclado te permite coleccionar y organizar hasta 6 gafas TIANG mientras las mantienes siempre a la vista.Un dise\u00f1o funcional y est\u00e9tico, perfecto para tu vestidor.<\/p>\n","protected":false},"author":1,"featured_media":0,"parent":0,"menu_order":0,"comment_status":"closed","ping_status":"closed","template":"","meta":{"footnotes":""},"class_list":["post-162","page","type-page","status-publish","hentry","entry"],"_links":{"self":[{"href":"https:\/\/subway-shop.com\/eyeweartiang\/index.php\/wp-json\/wp\/v2\/pages\/162","targetHints":{"allow":["GET"]}}],"collection":[{"href":"https:\/\/subway-shop.com\/eyeweartiang\/index.php\/wp-json\/wp\/v2\/pages"}],"about":[{"href":"https:\/\/subway-shop.com\/eyeweartiang\/index.php\/wp-json\/wp\/v2\/types\/page"}],"author":[{"embeddable":true,"href":"https:\/\/subway-shop.com\/eyeweartiang\/index.php\/wp-json\/wp\/v2\/users\/1"}],"replies":[{"embeddable":true,"href":"https:\/\/subway-shop.com\/eyeweartiang\/index.php\/wp-json\/wp\/v2\/comments?post=162"}],"version-history":[{"count":5,"href":"https:\/\/subway-shop.com\/eyeweartiang\/index.php\/wp-json\/wp\/v2\/pages\/162\/revisions"}],"predecessor-version":[{"id":347,"href":"https:\/\/subway-shop.com\/eyeweartiang\/index.php\/wp-json\/wp\/v2\/pages\/162\/revisions\/347"}],"wp:attachment":[{"href":"https:\/\/subway-shop.com\/eyeweartiang\/index.php\/wp-json\/wp\/v2\/media?parent=162"}],"curies":[{"name":"wp","href":"https:\/\/api.w.org\/{rel}","templated":true}]}}