{"id":198,"date":"2023-12-05T22:22:18","date_gmt":"2023-12-05T22:22:18","guid":{"rendered":"https:\/\/subway-shop.com\/eyeweartiang\/?page_id=198"},"modified":"2023-12-22T22:27:13","modified_gmt":"2023-12-22T22:27:13","slug":"essence-montura-negra-brillo-lente-transparente","status":"publish","type":"page","link":"https:\/\/subway-shop.com\/eyeweartiang\/index.php\/51-2\/essence-montura-negra-brillo-lente-transparente\/","title":{"rendered":"Essence | Obsidian CrystalView"},"content":{"rendered":"\n<div class=\"wp-block-media-text is-stacked-on-mobile\"><figure class=\"wp-block-media-text__media\"><img loading=\"lazy\" decoding=\"async\" width=\"1024\" height=\"768\" src=\"https:\/\/subway-shop.com\/eyeweartiang\/wp-content\/uploads\/2023\/12\/TIANG-Eyewear-moda-2-1024x768.webp\" alt=\"\" class=\"wp-image-205 size-full\" srcset=\"https:\/\/subway-shop.com\/eyeweartiang\/wp-content\/uploads\/2023\/12\/TIANG-Eyewear-moda-2-1024x768.webp 1024w, https:\/\/subway-shop.com\/eyeweartiang\/wp-content\/uploads\/2023\/12\/TIANG-Eyewear-moda-2-300x225.webp 300w, https:\/\/subway-shop.com\/eyeweartiang\/wp-content\/uploads\/2023\/12\/TIANG-Eyewear-moda-2-768x576.webp 768w, https:\/\/subway-shop.com\/eyeweartiang\/wp-content\/uploads\/2023\/12\/TIANG-Eyewear-moda-2-1536x1152.webp 1536w, https:\/\/subway-shop.com\/eyeweartiang\/wp-content\/uploads\/2023\/12\/TIANG-Eyewear-moda-2.webp 1920w\" sizes=\"auto, (max-width: 1024px) 100vw, 1024px\" \/><\/figure><div class=\"wp-block-media-text__content\">\n<h5 class=\"wp-block-heading\">Montura: Negra Brillo Lente: Transparente<\/h5>\n\n\n\n<p>Vive en el mundo de la elegancia y el estilo con las exquisitas gafas de TIANG Eyewear. Presentamos nuestro \u00faltimo dise\u00f1o que redefine la moda y la sofisticaci\u00f3n: las gafas con cristales <strong>transparentes <\/strong>de TIANG.<\/p>\n\n\n\n<p>Estas gafas no solo son un accesorio, sino una declaraci\u00f3n de estilo atemporal. Los cristales transparentes, <strong>sin graduaci\u00f3n<\/strong>, se convierten en el lienzo perfecto para resaltar tu mirada con un toque de misterio y distinci\u00f3n. Creadas para aquellos que buscan m\u00e1s que una simple protecci\u00f3n visual, estas gafas encarnan la fusi\u00f3n entre la moda y la funcionalidad.<\/p>\n\n\n\n<p>La montura, cuidadosamente elaborada en policarbonato, combina l\u00edneas elegantes con detalles modernos en las barillas de bamboo ecol\u00f3gico, creando una obra maestra de la artesan\u00eda. La ligereza de las gafas no compromete la durabilidad, garantizando que cada par de TIANG Eyewear sea una inversi\u00f3n a largo plazo en tu estilo personal.<\/p>\n\n\n\n<p>Ya sea que desees complementar tu atuendo diario con un toque de glamour discreto o que busques la pieza perfecta para destacar en ocasiones especiales, estas gafas te brindar\u00e1n la versatilidad que necesitas. Desde la oficina hasta eventos sociales, ser\u00e1s el centro de atenci\u00f3n con la simplicidad y elegancia de las gafas con cristales transparentes de TIANG Eyewear.<\/p>\n<\/div><\/div>\n\n\n\n<hr class=\"wp-block-separator has-alpha-channel-opacity\"\/>\n\n\n\n<h2 class=\"wp-block-heading\">\u00a1Compra tus gafas ahora y \u00fanete a la elegancia eco-friendly!<\/h2>\n\n\n\n<details class=\"wp-block-details is-layout-flow wp-block-details-is-layout-flow\"><summary> Pulsa aqu\u00ed para desplegar la Informaci\u00f3n de compra de este modelo<\/summary>\n<p>Puedes adquirir este modelo seleccionando la Montura: Negra Brillante y Lente: Transparente en el siguiente panel. Si deseas ver todos los colores disponibles puedes ir a<a href=\"https:\/\/tiang.shop\/products\/gafas-de-sol-bamboo-beauty-essence?variant=48886288515398\" target=\"_blank\" rel=\"noreferrer noopener\"> la tienda de TIANG,<\/a><\/p>\n<\/details>\n\n\n\n<div class=\"wp-block-columns is-layout-flex wp-container-core-columns-is-layout-9d6595d7 wp-block-columns-is-layout-flex\">\n<div class=\"wp-block-column is-layout-flow wp-block-column-is-layout-flow\"><div id='product-component-1701984122982'><\/div>\n<p><script type=\"text\/javascript\">\n\/*<![CDATA[*\/\n(function () {\n  var scriptURL = 'https:\/\/sdks.shopifycdn.com\/buy-button\/latest\/buy-button-storefront.min.js';\n  if (window.ShopifyBuy) {\n    if (window.ShopifyBuy.UI) {\n      ShopifyBuyInit();\n    } else {\n      loadScript();\n    }\n  } else {\n    loadScript();\n  }\n  function loadScript() {\n    var script = document.createElement('script');\n    script.async = true;\n    script.src = scriptURL;\n    (document.getElementsByTagName('head')[0] || document.getElementsByTagName('body')[0]).appendChild(script);\n    script.onload = ShopifyBuyInit;\n  }\n  function ShopifyBuyInit() {\n    var client = ShopifyBuy.buildClient({\n      domain: 'bcd87b-2.myshopify.com',\n      storefrontAccessToken: 'e3cde19b6d0d2ec92fdba390e33555d5',\n    });\n    ShopifyBuy.UI.onReady(client).then(function (ui) {\n      ui.createComponent('product', {\n        id: '8712451064134',\n        node: document.getElementById('product-component-1701984122982'),\n        moneyFormat: '%E2%82%AC%7B%7Bamount_with_comma_separator%7D%7D',\n        options: {\n  \"product\": {\n    \"styles\": {\n      \"product\": {\n        \"@media (min-width: 601px)\": {\n          \"max-width\": \"calc(25% - 20px)\",\n          \"margin-left\": \"20px\",\n          \"margin-bottom\": \"50px\"\n        }\n      },\n      \"button\": {\n        \":hover\": {\n          \"background-color\": \"#1156e1\"\n        },\n        \"background-color\": \"#135ffa\",\n        \":focus\": {\n          \"background-color\": \"#1156e1\"\n        }\n      }\n    },\n    \"contents\": {\n      \"button\": false,\n      \"buttonWithQuantity\": true\n    },\n    \"text\": {\n      \"button\": \"A\u00f1adir al carrito\"\n    }\n  },\n  \"productSet\": {\n    \"styles\": {\n      \"products\": {\n        \"@media (min-width: 601px)\": {\n          \"margin-left\": \"-20px\"\n        }\n      }\n    }\n  },\n  \"modalProduct\": {\n    \"contents\": {\n      \"img\": false,\n      \"imgWithCarousel\": true,\n      \"button\": false,\n      \"buttonWithQuantity\": true\n    },\n    \"styles\": {\n      \"product\": {\n        \"@media (min-width: 601px)\": {\n          \"max-width\": \"100%\",\n          \"margin-left\": \"0px\",\n          \"margin-bottom\": \"0px\"\n        }\n      },\n      \"button\": {\n        \":hover\": {\n          \"background-color\": \"#1156e1\"\n        },\n        \"background-color\": \"#135ffa\",\n        \":focus\": {\n          \"background-color\": \"#1156e1\"\n        }\n      }\n    },\n    \"text\": {\n      \"button\": \"Add to cart\"\n    }\n  },\n  \"option\": {},\n  \"cart\": {\n    \"styles\": {\n      \"button\": {\n        \":hover\": {\n          \"background-color\": \"#1156e1\"\n        },\n        \"background-color\": \"#135ffa\",\n        \":focus\": {\n          \"background-color\": \"#1156e1\"\n        }\n      }\n    },\n    \"text\": {\n      \"title\": \"En tu cesta\",\n      \"total\": \"Subtotal\",\n      \"empty\": \"Tu cesta est\u00e1 vacia\",\n      \"notice\": \"Los gastos de env\u00edo y\/o descuentos se agregan al finalizar la compra.\",\n      \"button\": \"Ir a pagar\"\n    }\n  },\n  \"toggle\": {\n    \"styles\": {\n      \"toggle\": {\n        \"background-color\": \"#135ffa\",\n        \":hover\": {\n          \"background-color\": \"#1156e1\"\n        },\n        \":focus\": {\n          \"background-color\": \"#1156e1\"\n        }\n      }\n    }\n  }\n},\n      });\n    });\n  }\n})();\n\/*]]>*\/\n<\/script><\/p>\n<\/div>\n<\/div>\n","protected":false},"excerpt":{"rendered":"<p>Montura: Negra Brillo Lente: Transparente Vive en el mundo de la elegancia y el estilo con las exquisitas gafas de TIANG Eyewear. Presentamos nuestro \u00faltimo dise\u00f1o que redefine la moda y la sofisticaci\u00f3n: las gafas con cristales transparentes de TIANG. Estas gafas no solo son un accesorio, sino una declaraci\u00f3n de estilo atemporal. Los cristales [&hellip;]<\/p>\n","protected":false},"author":1,"featured_media":0,"parent":51,"menu_order":3,"comment_status":"closed","ping_status":"closed","template":"","meta":{"footnotes":""},"class_list":["post-198","page","type-page","status-publish","hentry","entry"],"_links":{"self":[{"href":"https:\/\/subway-shop.com\/eyeweartiang\/index.php\/wp-json\/wp\/v2\/pages\/198","targetHints":{"allow":["GET"]}}],"collection":[{"href":"https:\/\/subway-shop.com\/eyeweartiang\/index.php\/wp-json\/wp\/v2\/pages"}],"about":[{"href":"https:\/\/subway-shop.com\/eyeweartiang\/index.php\/wp-json\/wp\/v2\/types\/page"}],"author":[{"embeddable":true,"href":"https:\/\/subway-shop.com\/eyeweartiang\/index.php\/wp-json\/wp\/v2\/users\/1"}],"replies":[{"embeddable":true,"href":"https:\/\/subway-shop.com\/eyeweartiang\/index.php\/wp-json\/wp\/v2\/comments?post=198"}],"version-history":[{"count":8,"href":"https:\/\/subway-shop.com\/eyeweartiang\/index.php\/wp-json\/wp\/v2\/pages\/198\/revisions"}],"predecessor-version":[{"id":303,"href":"https:\/\/subway-shop.com\/eyeweartiang\/index.php\/wp-json\/wp\/v2\/pages\/198\/revisions\/303"}],"up":[{"embeddable":true,"href":"https:\/\/subway-shop.com\/eyeweartiang\/index.php\/wp-json\/wp\/v2\/pages\/51"}],"wp:attachment":[{"href":"https:\/\/subway-shop.com\/eyeweartiang\/index.php\/wp-json\/wp\/v2\/media?parent=198"}],"curies":[{"name":"wp","href":"https:\/\/api.w.org\/{rel}","templated":true}]}}