{"id":265,"date":"2023-12-22T18:46:24","date_gmt":"2023-12-22T18:46:24","guid":{"rendered":"https:\/\/subway-shop.com\/eyeweartiang\/?page_id=265"},"modified":"2023-12-22T21:01:25","modified_gmt":"2023-12-22T21:01:25","slug":"solicita-tu-funda","status":"publish","type":"page","link":"https:\/\/subway-shop.com\/eyeweartiang\/index.php\/solicita-tu-funda\/","title":{"rendered":"Solicita tu funda"},"content":{"rendered":"\n<details class=\"wp-block-details is-layout-flow wp-block-details-is-layout-flow\"><summary>\u00bf Has comprado unas gafas en un establecimiento f\u00edsico ?  Pulsa aqu\u00ed<\/summary>\n<p>Si has comprado tus gafas en un establecimiento f\u00edsico registra tu nombre, apellidos, email e indica el establecimiento d\u00f3nde las compraste para que contactemos contigo para hac\u00e9rtela llegar \u00a1 Totalmente GRATIS !<\/p>\n<\/details>\n\n\n<style id=\"wpforms-css-vars-root\">\n\t\t\t\t:root {\n\t\t\t\t\t--wpforms-field-border-radius: 3px;\n--wpforms-field-background-color: #ffffff;\n--wpforms-field-border-color: rgba( 0, 0, 0, 0.25 );\n--wpforms-field-text-color: rgba( 0, 0, 0, 0.7 );\n--wpforms-label-color: rgba( 0, 0, 0, 0.85 );\n--wpforms-label-sublabel-color: rgba( 0, 0, 0, 0.55 );\n--wpforms-label-error-color: #d63637;\n--wpforms-button-border-radius: 3px;\n--wpforms-button-background-color: #066aab;\n--wpforms-button-text-color: #ffffff;\n--wpforms-field-size-input-height: 43px;\n--wpforms-field-size-input-spacing: 15px;\n--wpforms-field-size-font-size: 16px;\n--wpforms-field-size-line-height: 19px;\n--wpforms-field-size-padding-h: 14px;\n--wpforms-field-size-checkbox-size: 16px;\n--wpforms-field-size-sublabel-spacing: 5px;\n--wpforms-field-size-icon-size: 1;\n--wpforms-label-size-font-size: 16px;\n--wpforms-label-size-line-height: 19px;\n--wpforms-label-size-sublabel-font-size: 14px;\n--wpforms-label-size-sublabel-line-height: 17px;\n--wpforms-button-size-font-size: 17px;\n--wpforms-button-size-height: 41px;\n--wpforms-button-size-padding-h: 15px;\n--wpforms-button-size-margin-top: 10px;\n\n\t\t\t\t}\n\t\t\t<\/style><div class=\"wpforms-container wpforms-container-full wpforms-block wpforms-block-3223b345-bf5e-4b7c-9079-c51b175f0fa5 wpforms-render-modern\" id=\"wpforms-263\"><form id=\"wpforms-form-263\" class=\"wpforms-validate wpforms-form wpforms-ajax-form\" data-formid=\"263\" method=\"post\" enctype=\"multipart\/form-data\" action=\"\/eyeweartiang\/index.php\/wp-json\/wp\/v2\/pages\/265\" data-token=\"1acec8ecf05383aa1a1ab98cd602e937\"><noscript class=\"wpforms-error-noscript\">Por favor, activa JavaScript en tu navegador para completar este formulario.<\/noscript><div class=\"wpforms-hidden\" id=\"wpforms-error-noscript\">Por favor, activa JavaScript en tu navegador para completar este formulario.<\/div><div class=\"wpforms-field-container\"><div id=\"wpforms-263-field_1-container\" class=\"wpforms-field wpforms-field-name\" data-field-id=\"1\"><fieldset><legend class=\"wpforms-field-label\">Nombre <span class=\"wpforms-required-label\" aria-hidden=\"true\">*<\/span><\/legend><div class=\"wpforms-field-row wpforms-field-medium\"><div class=\"wpforms-field-row-block wpforms-first wpforms-one-half\"><input type=\"text\" id=\"wpforms-263-field_1\" class=\"wpforms-field-name-first wpforms-field-required\" name=\"wpforms[fields][1][first]\" aria-errormessage=\"wpforms-263-field_1-error\" required><label for=\"wpforms-263-field_1\" class=\"wpforms-field-sublabel after \">Nombre<\/label><\/div><div class=\"wpforms-field-row-block wpforms-one-half\"><input type=\"text\" id=\"wpforms-263-field_1-last\" class=\"wpforms-field-name-last wpforms-field-required\" name=\"wpforms[fields][1][last]\" aria-errormessage=\"wpforms-263-field_1-last-error\" required><label for=\"wpforms-263-field_1-last\" class=\"wpforms-field-sublabel after \">Apellidos<\/label><\/div><\/div><\/fieldset><\/div><div id=\"wpforms-263-field_2-container\" class=\"wpforms-field wpforms-field-email\" data-field-id=\"2\"><label class=\"wpforms-field-label\" for=\"wpforms-263-field_2\">Email <span class=\"wpforms-required-label\" aria-hidden=\"true\">*<\/span><\/label><input type=\"email\" id=\"wpforms-263-field_2\" class=\"wpforms-field-medium wpforms-field-required\" name=\"wpforms[fields][2]\" spellcheck=\"false\" aria-errormessage=\"wpforms-263-field_2-error\" required><\/div><div id=\"wpforms-263-field_4-container\" class=\"wpforms-field wpforms-field-textarea\" data-field-id=\"4\"><label class=\"wpforms-field-label\" for=\"wpforms-263-field_4\">Por favor, indica el nombre del establecimiento donde adquiriste tus gafas: <span class=\"wpforms-required-label\" aria-hidden=\"true\">*<\/span><\/label><textarea id=\"wpforms-263-field_4\" class=\"wpforms-field-medium wpforms-field-required\" name=\"wpforms[fields][4]\" aria-errormessage=\"wpforms-263-field_4-error\" required><\/textarea><\/div><div id=\"wpforms-263-field_5-container\" class=\"wpforms-field wpforms-field-checkbox\" data-field-id=\"5\"><fieldset><legend class=\"wpforms-field-label\">Casillas de verificaci\u00f3n <span class=\"wpforms-required-label\" aria-hidden=\"true\">*<\/span><\/legend><ul id=\"wpforms-263-field_5\" class=\"wpforms-field-required\"><li class=\"choice-2 depth-1 wpforms-selected\"><input type=\"checkbox\" id=\"wpforms-263-field_5_2\" name=\"wpforms[fields][5][]\" value=\"Para recibir mi funda de gafas GRATIS: Acepto que mis datos personales proporcionados en este formulario sean utilizados por TIANG con el prop\u00f3sito de procesar pedidos y para recibir correos electr\u00f3nicos comerciales. Adem\u00e1s, doy mi consentimiento para la comunicaci\u00f3n de ofertas especiales relacionadas con cualquier producto de TIANG.\" aria-errormessage=\"wpforms-263-field_5_2-error\" required  checked='checked'><label class=\"wpforms-field-label-inline\" for=\"wpforms-263-field_5_2\">Para recibir mi funda de gafas GRATIS: Acepto que mis datos personales proporcionados en este formulario sean utilizados por TIANG con el prop\u00f3sito de procesar pedidos y para recibir correos electr\u00f3nicos comerciales. Adem\u00e1s, doy mi consentimiento para la comunicaci\u00f3n de ofertas especiales relacionadas con cualquier producto de TIANG.<\/label><\/li><\/ul><\/fieldset><\/div><\/div><!-- .wpforms-field-container --><div class=\"wpforms-submit-container\" ><input type=\"hidden\" name=\"wpforms[id]\" value=\"263\"><input type=\"hidden\" name=\"wpforms[author]\" value=\"1\"><button type=\"submit\" name=\"wpforms[submit]\" id=\"wpforms-submit-263\" class=\"wpforms-submit\" data-alt-text=\"Enviando ....\" data-submit-text=\"Enviar\" aria-live=\"assertive\" value=\"wpforms-submit\">Enviar<\/button><img loading=\"lazy\" decoding=\"async\" src=\"https:\/\/subway-shop.com\/eyeweartiang\/wp-content\/plugins\/wpforms-lite\/assets\/images\/submit-spin.svg\" class=\"wpforms-submit-spinner\" style=\"display: none;\" width=\"26\" height=\"26\" alt=\"Cargando\"><\/div><\/form><\/div>  <!-- .wpforms-container -->","protected":false},"excerpt":{"rendered":"","protected":false},"author":1,"featured_media":0,"parent":0,"menu_order":0,"comment_status":"closed","ping_status":"closed","template":"","meta":{"footnotes":""},"class_list":["post-265","page","type-page","status-publish","hentry","entry"],"_links":{"self":[{"href":"https:\/\/subway-shop.com\/eyeweartiang\/index.php\/wp-json\/wp\/v2\/pages\/265","targetHints":{"allow":["GET"]}}],"collection":[{"href":"https:\/\/subway-shop.com\/eyeweartiang\/index.php\/wp-json\/wp\/v2\/pages"}],"about":[{"href":"https:\/\/subway-shop.com\/eyeweartiang\/index.php\/wp-json\/wp\/v2\/types\/page"}],"author":[{"embeddable":true,"href":"https:\/\/subway-shop.com\/eyeweartiang\/index.php\/wp-json\/wp\/v2\/users\/1"}],"replies":[{"embeddable":true,"href":"https:\/\/subway-shop.com\/eyeweartiang\/index.php\/wp-json\/wp\/v2\/comments?post=265"}],"version-history":[{"count":3,"href":"https:\/\/subway-shop.com\/eyeweartiang\/index.php\/wp-json\/wp\/v2\/pages\/265\/revisions"}],"predecessor-version":[{"id":284,"href":"https:\/\/subway-shop.com\/eyeweartiang\/index.php\/wp-json\/wp\/v2\/pages\/265\/revisions\/284"}],"wp:attachment":[{"href":"https:\/\/subway-shop.com\/eyeweartiang\/index.php\/wp-json\/wp\/v2\/media?parent=265"}],"curies":[{"name":"wp","href":"https:\/\/api.w.org\/{rel}","templated":true}]}}