{"id":305,"date":"2023-12-29T22:02:42","date_gmt":"2023-12-29T22:02:42","guid":{"rendered":"https:\/\/subway-shop.com\/eyeweartiang\/?page_id=305"},"modified":"2026-04-21T10:40:14","modified_gmt":"2026-04-21T10:40:14","slug":"puntos-de-venta","status":"publish","type":"page","link":"https:\/\/subway-shop.com\/eyeweartiang\/index.php\/puntos-de-venta\/","title":{"rendered":"Puntos de venta"},"content":{"rendered":"<div class=\"wp-block-image\">\n<figure class=\"aligncenter size-full is-resized\"><img decoding=\"async\" src=\"https:\/\/subway-shop.com\/eyeweartiang\/wp-content\/uploads\/2026\/04\/en_barberias_seleccionadas.png\" alt=\"\" class=\"wp-image-351\" style=\"aspect-ratio:1.3336971892133271;width:352px;height:auto\"\/><\/figure>\n<\/div>\n\n\n<h3 class=\"wp-block-heading\">SPAIN<\/h3>\n\n\n\n<h4 class=\"wp-block-heading\">BARCELONA<\/h4>\n\n\n\n<h5 class=\"wp-block-heading\">Terrassa<\/h5>\n\n\n\n<hr class=\"wp-block-separator has-alpha-channel-opacity\"\/>\n\n\n\n<div class=\"wp-block-media-text is-stacked-on-mobile\" style=\"grid-template-columns:15% auto\"><figure class=\"wp-block-media-text__media\"><img loading=\"lazy\" decoding=\"async\" width=\"1024\" height=\"1024\" src=\"https:\/\/subway-shop.com\/eyeweartiang\/wp-content\/uploads\/2025\/10\/barber_and_you-1024x1024.jpg\" alt=\"\" class=\"wp-image-338 size-full\" srcset=\"https:\/\/subway-shop.com\/eyeweartiang\/wp-content\/uploads\/2025\/10\/barber_and_you-1024x1024.jpg 1024w, https:\/\/subway-shop.com\/eyeweartiang\/wp-content\/uploads\/2025\/10\/barber_and_you-300x300.jpg 300w, https:\/\/subway-shop.com\/eyeweartiang\/wp-content\/uploads\/2025\/10\/barber_and_you-150x150.jpg 150w, https:\/\/subway-shop.com\/eyeweartiang\/wp-content\/uploads\/2025\/10\/barber_and_you-768x768.jpg 768w, https:\/\/subway-shop.com\/eyeweartiang\/wp-content\/uploads\/2025\/10\/barber_and_you-600x600.jpg 600w, https:\/\/subway-shop.com\/eyeweartiang\/wp-content\/uploads\/2025\/10\/barber_and_you.jpg 1038w\" sizes=\"auto, (max-width: 1024px) 100vw, 1024px\" \/><\/figure><div class=\"wp-block-media-text__content\">\n<p><strong>BARBER&amp;YOU<\/strong><\/p>\n\n\n\n<p>M\u00e1s que una barber\u00eda, es un punto de encuentro con buen rollo y autenticidad. Un lugar donde cada corte tiene estilo propio y cada visita se disfruta. Aqu\u00ed no solo te arreglar\u00e1s, te sentir\u00e1s como en casa..<\/p>\n\n\n\n<p><strong>Barber &amp; You<\/strong><\/p>\n\n\n\n<p>Topete, n\u00b035,  Local 2 &#8211; 08221 <br>Terrassa, Barcelona<\/p>\n\n\n\n<p>@barberandyou<\/p>\n\n\n\n<hr class=\"wp-block-separator has-alpha-channel-opacity\"\/>\n<\/div><\/div>\n\n\n\n<p><\/p>\n","protected":false},"excerpt":{"rendered":"<p>SPAIN BARCELONA Terrassa<\/p>\n","protected":false},"author":1,"featured_media":0,"parent":0,"menu_order":0,"comment_status":"closed","ping_status":"closed","template":"","meta":{"footnotes":""},"class_list":["post-305","page","type-page","status-publish","hentry","entry"],"_links":{"self":[{"href":"https:\/\/subway-shop.com\/eyeweartiang\/index.php\/wp-json\/wp\/v2\/pages\/305","targetHints":{"allow":["GET"]}}],"collection":[{"href":"https:\/\/subway-shop.com\/eyeweartiang\/index.php\/wp-json\/wp\/v2\/pages"}],"about":[{"href":"https:\/\/subway-shop.com\/eyeweartiang\/index.php\/wp-json\/wp\/v2\/types\/page"}],"author":[{"embeddable":true,"href":"https:\/\/subway-shop.com\/eyeweartiang\/index.php\/wp-json\/wp\/v2\/users\/1"}],"replies":[{"embeddable":true,"href":"https:\/\/subway-shop.com\/eyeweartiang\/index.php\/wp-json\/wp\/v2\/comments?post=305"}],"version-history":[{"count":8,"href":"https:\/\/subway-shop.com\/eyeweartiang\/index.php\/wp-json\/wp\/v2\/pages\/305\/revisions"}],"predecessor-version":[{"id":356,"href":"https:\/\/subway-shop.com\/eyeweartiang\/index.php\/wp-json\/wp\/v2\/pages\/305\/revisions\/356"}],"wp:attachment":[{"href":"https:\/\/subway-shop.com\/eyeweartiang\/index.php\/wp-json\/wp\/v2\/media?parent=305"}],"curies":[{"name":"wp","href":"https:\/\/api.w.org\/{rel}","templated":true}]}}