{"id":51,"date":"2023-11-06T22:16:32","date_gmt":"2023-11-06T22:16:32","guid":{"rendered":"https:\/\/subway-shop.com\/eyeweartiang\/?page_id=51"},"modified":"2023-12-04T23:29:45","modified_gmt":"2023-12-04T23:29:45","slug":"51-2","status":"publish","type":"page","link":"https:\/\/subway-shop.com\/eyeweartiang\/","title":{"rendered":"Modelo Essence"},"content":{"rendered":"\n<div class=\"wp-block-columns is-layout-flex wp-container-core-columns-is-layout-9d6595d7 wp-block-columns-is-layout-flex\">\n<div class=\"wp-block-column is-layout-flow wp-block-column-is-layout-flow\">\n<div class=\"wp-block-columns is-layout-flex wp-container-core-columns-is-layout-9d6595d7 wp-block-columns-is-layout-flex\">\n<div class=\"wp-block-column is-layout-flow wp-block-column-is-layout-flow\">\n<figure class=\"wp-block-image size-full is-resized\"><img loading=\"lazy\" decoding=\"async\" width=\"1192\" height=\"842\" src=\"https:\/\/subway-shop.com\/eyeweartiang\/wp-content\/uploads\/2023\/12\/exposicion_madera_Animal_print_marron.png\" alt=\"\" class=\"wp-image-120\" style=\"width:838px;height:auto\" srcset=\"https:\/\/subway-shop.com\/eyeweartiang\/wp-content\/uploads\/2023\/12\/exposicion_madera_Animal_print_marron.png 1192w, https:\/\/subway-shop.com\/eyeweartiang\/wp-content\/uploads\/2023\/12\/exposicion_madera_Animal_print_marron-300x212.png 300w, https:\/\/subway-shop.com\/eyeweartiang\/wp-content\/uploads\/2023\/12\/exposicion_madera_Animal_print_marron-1024x723.png 1024w, https:\/\/subway-shop.com\/eyeweartiang\/wp-content\/uploads\/2023\/12\/exposicion_madera_Animal_print_marron-768x542.png 768w\" sizes=\"auto, (max-width: 1192px) 100vw, 1192px\" \/><\/figure>\n<\/div>\n<\/div>\n<\/div>\n<\/div>\n\n\n\n<p><strong>Tiang Eyewear<\/strong> presenta su primer modelo llamado \u00ab<strong>Essence<\/strong>\u00ab, una expresi\u00f3n \u00fanica de sofisticaci\u00f3n y estilo en el mundo de las <strong>gafas de bamboo<\/strong>. La montura, cuidadosamente confeccionada con Policarbonato de alta calidad, se distingue por un refinado acabado que a\u00f1ade un toque de distinci\u00f3n y elegancia a cada detalle.<\/p>\n\n\n\n<p>El dise\u00f1o exclusivo de la montura \u00ab<strong>Essence<\/strong>\u00bb fusiona la naturaleza y la moda de manera armoniosa, creando una pieza que refleja la esencia misma de la artesan\u00eda y la elegancia sostenible. El patr\u00f3n resalta la belleza natural del bamb\u00fa en las varillas y le confiere a las gafas un car\u00e1cter \u00fanico.<\/p>\n\n\n\n<p>Las lentes disponibles en diferentes tonalidades complementan a la perfecci\u00f3n la estampa de la montura, proporcionando una visi\u00f3n c\u00e1lida y agradable. Adem\u00e1s de ofrecer una protecci\u00f3n <strong>UV400 <\/strong>\u00f3ptima contra los rayos del sol, y certificadas por la Uni\u00f3n Europea, las lentes aportan un toque de misterio y estilo atemporal a quienes eligen llevar consigo la esencia de <strong>TIANG Eyewear<\/strong>.<\/p>\n\n\n\n<p>Con el modelo \u00abEssence\u00bb, no solo llevas unas gafas de sol o de moda; llevas contigo una declaraci\u00f3n de moda consciente, fusionando la naturaleza, la elegancia y la autenticidad. Descubre el lujo de la sostenibilidad y la sofisticaci\u00f3n en cada detalle con <strong>Tiang Eyewear<\/strong>.<\/p>\n","protected":false},"excerpt":{"rendered":"<p>Tiang Eyewear presenta su primer modelo llamado \u00abEssence\u00ab, una expresi\u00f3n \u00fanica de sofisticaci\u00f3n y estilo en el mundo de las gafas de bamboo. La montura, cuidadosamente confeccionada con Policarbonato de alta calidad, se distingue por un refinado acabado que a\u00f1ade un toque de distinci\u00f3n y elegancia a cada detalle. El dise\u00f1o exclusivo de la montura [&hellip;]<\/p>\n","protected":false},"author":1,"featured_media":0,"parent":0,"menu_order":0,"comment_status":"closed","ping_status":"closed","template":"","meta":{"footnotes":""},"class_list":["post-51","page","type-page","status-publish","hentry","entry"],"_links":{"self":[{"href":"https:\/\/subway-shop.com\/eyeweartiang\/index.php\/wp-json\/wp\/v2\/pages\/51","targetHints":{"allow":["GET"]}}],"collection":[{"href":"https:\/\/subway-shop.com\/eyeweartiang\/index.php\/wp-json\/wp\/v2\/pages"}],"about":[{"href":"https:\/\/subway-shop.com\/eyeweartiang\/index.php\/wp-json\/wp\/v2\/types\/page"}],"author":[{"embeddable":true,"href":"https:\/\/subway-shop.com\/eyeweartiang\/index.php\/wp-json\/wp\/v2\/users\/1"}],"replies":[{"embeddable":true,"href":"https:\/\/subway-shop.com\/eyeweartiang\/index.php\/wp-json\/wp\/v2\/comments?post=51"}],"version-history":[{"count":20,"href":"https:\/\/subway-shop.com\/eyeweartiang\/index.php\/wp-json\/wp\/v2\/pages\/51\/revisions"}],"predecessor-version":[{"id":170,"href":"https:\/\/subway-shop.com\/eyeweartiang\/index.php\/wp-json\/wp\/v2\/pages\/51\/revisions\/170"}],"wp:attachment":[{"href":"https:\/\/subway-shop.com\/eyeweartiang\/index.php\/wp-json\/wp\/v2\/media?parent=51"}],"curies":[{"name":"wp","href":"https:\/\/api.w.org\/{rel}","templated":true}]}}