{"id":227,"date":"2023-12-11T22:46:13","date_gmt":"2023-12-11T22:46:13","guid":{"rendered":"https:\/\/subway-shop.com\/mesias\/?page_id=227"},"modified":"2024-02-06T18:19:49","modified_gmt":"2024-02-06T18:19:49","slug":"heritage","status":"publish","type":"page","link":"https:\/\/subway-shop.com\/mesias\/index.php\/heritage\/","title":{"rendered":"HERITAGE"},"content":{"rendered":"\n<p>La herencia de TIANG es mucho m\u00e1s que un mero legado&#8230;<\/p>\n\n\n\n<p>Revitalizar una firma con trayectoria no es una tarea sencilla. No estamos simplemente relanzando una marca; nuestro enfoque va m\u00e1s all\u00e1. Para nosotros, la herencia no es simplemente un concepto; es la narrativa que se remonta a nuestra ni\u00f1ez, una historia arraigada en el tejido mismo de TIANG.<\/p>\n\n\n\n<p>Todos anhelamos sentirnos excepcionales, dejar nuestra marca en este mundo. Y, \u00bfqu\u00e9 mejor manera de lograrlo que dejando la menor huella posible y preservando la naturaleza en su estado m\u00e1s puro?<\/p>\n\n\n\n<p>TIANG ha abrazado valores destinados a redefinir el calzado deportivo, buscando ampliar su alcance m\u00e1s all\u00e1 de las convenciones. Ahora, emerge una nueva TIANG con valores renovados, conservando la esencia de la marca y actualiz\u00e1ndose para reflejar el esp\u00edritu contempor\u00e1neo, vegano y sostenible.<\/p>\n\n\n\n<p>En la d\u00e9cada de los 80, TIANG introdujo modelos ic\u00f3nicos cuyo esp\u00edritu nos ha inspirado para la creaci\u00f3n de una nueva colecci\u00f3n denominada HERITAGE.<\/p>\n\n\n\n<p>Presentamos MESIAS, un modelo ic\u00f3nico que encarna la esencia de aquellos modelos emblem\u00e1ticos de la d\u00e9cada, marcando el renacer de la nueva TIANG. Este no es solo un par de zapatillas; es un nuevo icono de la marca que fusiona la elegancia atemporal con la innovaci\u00f3n moderna, llevando consigo la rica historia de la nueva TIANG.<\/p>\n","protected":false},"excerpt":{"rendered":"<p>La herencia de TIANG es mucho m\u00e1s que un mero legado&#8230; Revitalizar una firma con trayectoria no es una tarea sencilla. No estamos simplemente relanzando una marca; nuestro enfoque va m\u00e1s all\u00e1. Para nosotros, la herencia no es simplemente un concepto; es la narrativa que se remonta a nuestra ni\u00f1ez, una historia arraigada en el [&hellip;]<\/p>\n","protected":false},"author":1,"featured_media":0,"parent":0,"menu_order":0,"comment_status":"closed","ping_status":"closed","template":"","meta":{"footnotes":""},"class_list":["post-227","page","type-page","status-publish","hentry","entry"],"_links":{"self":[{"href":"https:\/\/subway-shop.com\/mesias\/index.php\/wp-json\/wp\/v2\/pages\/227","targetHints":{"allow":["GET"]}}],"collection":[{"href":"https:\/\/subway-shop.com\/mesias\/index.php\/wp-json\/wp\/v2\/pages"}],"about":[{"href":"https:\/\/subway-shop.com\/mesias\/index.php\/wp-json\/wp\/v2\/types\/page"}],"author":[{"embeddable":true,"href":"https:\/\/subway-shop.com\/mesias\/index.php\/wp-json\/wp\/v2\/users\/1"}],"replies":[{"embeddable":true,"href":"https:\/\/subway-shop.com\/mesias\/index.php\/wp-json\/wp\/v2\/comments?post=227"}],"version-history":[{"count":2,"href":"https:\/\/subway-shop.com\/mesias\/index.php\/wp-json\/wp\/v2\/pages\/227\/revisions"}],"predecessor-version":[{"id":272,"href":"https:\/\/subway-shop.com\/mesias\/index.php\/wp-json\/wp\/v2\/pages\/227\/revisions\/272"}],"wp:attachment":[{"href":"https:\/\/subway-shop.com\/mesias\/index.php\/wp-json\/wp\/v2\/media?parent=227"}],"curies":[{"name":"wp","href":"https:\/\/api.w.org\/{rel}","templated":true}]}}