{"id":231,"date":"2023-12-11T23:06:06","date_gmt":"2023-12-11T23:06:06","guid":{"rendered":"https:\/\/subway-shop.com\/mesias\/?page_id=231"},"modified":"2025-06-14T08:44:49","modified_gmt":"2025-06-14T08:44:49","slug":"exclusividad","status":"publish","type":"page","link":"https:\/\/subway-shop.com\/mesias\/index.php\/exclusividad\/","title":{"rendered":"EXCLUSIVIDAD"},"content":{"rendered":"\n<details class=\"wp-block-details is-layout-flow wp-block-details-is-layout-flow\"><summary>Expectatio &#8211; La Noble arte de la espera [+]<\/summary>\n<p>Cada par de zapatillas TIANG que adquieres te sumerge en una experiencia de exclusividad, haciendo que la espera de unos d\u00edas para recibir tus apreciadas deportivas adquiridas en l\u00ednea se convierta en la antesala de una distinci\u00f3n \u00fanica.<\/p>\n\n\n\n<p>Porque en TIANG, cada zapatilla es una obra ic\u00f3nica creada exclusivamente para ti. Fabricamos tu par desde cero en el momento en que se realiza la compra, garantizando as\u00ed que cada detalle cumpla con los est\u00e1ndares que nos representan.<\/p>\n\n\n\n<p>En lugar de producir de manera masiva, optamos por la exquisitez de la fabricaci\u00f3n a medida, evitando excedentes de stock y asegurando que tu deportiva sea \u00fanica en su clase. De la misma manera, nuestros colaboradores externos se unen a este compromiso, garantizando que tu producto no se fabrique hasta que tu elecci\u00f3n est\u00e9 asegurada. As\u00ed, cada par de deportivas TIANG se convierte en una experiencia natural esperada, donde la calidad y la exclusividad son la esencia de tu estilo distintivo.<\/p>\n\n\n\n<p>El <strong>TIEMPO DE ENTREGA ESTIMADO SE ESTABLECE EN EL CROWDFUNDING<\/strong> o CAMPA\u00d1A ESPECIAL, pero ten en cuenta que la espera vale la pena para asegurarnos de crear la zapatilla perfecta para ti.<\/p>\n<\/details>\n","protected":false},"excerpt":{"rendered":"","protected":false},"author":1,"featured_media":0,"parent":0,"menu_order":0,"comment_status":"closed","ping_status":"closed","template":"","meta":{"footnotes":""},"class_list":["post-231","page","type-page","status-publish","hentry","entry"],"_links":{"self":[{"href":"https:\/\/subway-shop.com\/mesias\/index.php\/wp-json\/wp\/v2\/pages\/231","targetHints":{"allow":["GET"]}}],"collection":[{"href":"https:\/\/subway-shop.com\/mesias\/index.php\/wp-json\/wp\/v2\/pages"}],"about":[{"href":"https:\/\/subway-shop.com\/mesias\/index.php\/wp-json\/wp\/v2\/types\/page"}],"author":[{"embeddable":true,"href":"https:\/\/subway-shop.com\/mesias\/index.php\/wp-json\/wp\/v2\/users\/1"}],"replies":[{"embeddable":true,"href":"https:\/\/subway-shop.com\/mesias\/index.php\/wp-json\/wp\/v2\/comments?post=231"}],"version-history":[{"count":6,"href":"https:\/\/subway-shop.com\/mesias\/index.php\/wp-json\/wp\/v2\/pages\/231\/revisions"}],"predecessor-version":[{"id":307,"href":"https:\/\/subway-shop.com\/mesias\/index.php\/wp-json\/wp\/v2\/pages\/231\/revisions\/307"}],"wp:attachment":[{"href":"https:\/\/subway-shop.com\/mesias\/index.php\/wp-json\/wp\/v2\/media?parent=231"}],"curies":[{"name":"wp","href":"https:\/\/api.w.org\/{rel}","templated":true}]}}