{"id":85,"date":"2023-12-10T14:31:28","date_gmt":"2023-12-10T14:31:28","guid":{"rendered":"https:\/\/subway-shop.com\/mesias\/?page_id=85"},"modified":"2023-12-11T22:14:20","modified_gmt":"2023-12-11T22:14:20","slug":"artesania","status":"publish","type":"page","link":"https:\/\/subway-shop.com\/mesias\/index.php\/artesania\/","title":{"rendered":"ARTEsan\u00eda"},"content":{"rendered":"\n<h3 class=\"wp-block-heading\">Un dise\u00f1o y patr\u00f3n \u00fanicos \u2013 La aut\u00e9ntica artesan\u00eda<\/h3>\n\n\n\n<div class=\"wp-block-media-text is-stacked-on-mobile\"><figure class=\"wp-block-media-text__media\"><video controls src=\"https:\/\/subway-shop.com\/mesias\/wp-content\/uploads\/2023\/12\/Video_patron_unico.mp4\"><\/video><\/figure><div class=\"wp-block-media-text__content\">\n<p>La aut\u00e9ntica artesan\u00eda de la deportiva vegana TIANG MESIAS se fundamenta en el dise\u00f1o excelente, en las habilidosas manos del artesano y en la precisi\u00f3n en el trabajo.<\/p>\n<\/div><\/div>\n\n\n\n<h3 class=\"wp-block-heading has-text-align-right\">Nace una nueva silueta ic\u00f3nica<\/h3>\n\n\n\n<div class=\"wp-block-media-text has-media-on-the-right is-stacked-on-mobile\"><div class=\"wp-block-media-text__content\">\n<p>Las manos que crean la nueva\u00a0silueta\u00a0pasan de la creaci\u00f3n manual al cosido a m\u00e1quina d\u00f3nde la marca encuentra su lugar en la zapatilla.<\/p>\n<\/div><figure class=\"wp-block-media-text__media\"><video controls src=\"https:\/\/subway-shop.com\/mesias\/wp-content\/uploads\/2023\/12\/Video-silueta.mp4\"><\/video><\/figure><\/div>\n\n\n\n<h2 class=\"wp-block-heading\">Las peque\u00f1as diferencias que marcan la diferencia<\/h2>\n\n\n\n<div class=\"wp-block-media-text is-stacked-on-mobile\"><figure class=\"wp-block-media-text__media\"><video controls src=\"https:\/\/subway-shop.com\/mesias\/wp-content\/uploads\/2023\/12\/video-diferencias.mp4\"><\/video><\/figure><div class=\"wp-block-media-text__content\">\n<p>Es en los peque\u00f1os detalles d\u00f3nde podemos dejar huella. Nace una zapatilla que trasciende de la\u00a0<a href=\"https:\/\/subway-shop.com\/tiang\/index.php\/2021\/04\/16\/serios-problemas-con-los-cables-en-la-ciudad-de-mexico\/\" target=\"_blank\" rel=\"noreferrer noopener\">moda<\/a>.<\/p>\n<\/div><\/div>\n","protected":false},"excerpt":{"rendered":"<p>Un dise\u00f1o y patr\u00f3n \u00fanicos \u2013 La aut\u00e9ntica artesan\u00eda La aut\u00e9ntica artesan\u00eda de la deportiva vegana TIANG MESIAS se fundamenta en el dise\u00f1o excelente, en las habilidosas manos del artesano y en la precisi\u00f3n en el trabajo. Nace una nueva silueta ic\u00f3nica Las manos que crean la nueva\u00a0silueta\u00a0pasan de la creaci\u00f3n manual al cosido a [&hellip;]<\/p>\n","protected":false},"author":1,"featured_media":0,"parent":0,"menu_order":0,"comment_status":"closed","ping_status":"closed","template":"","meta":{"footnotes":""},"class_list":["post-85","page","type-page","status-publish","hentry","entry"],"_links":{"self":[{"href":"https:\/\/subway-shop.com\/mesias\/index.php\/wp-json\/wp\/v2\/pages\/85","targetHints":{"allow":["GET"]}}],"collection":[{"href":"https:\/\/subway-shop.com\/mesias\/index.php\/wp-json\/wp\/v2\/pages"}],"about":[{"href":"https:\/\/subway-shop.com\/mesias\/index.php\/wp-json\/wp\/v2\/types\/page"}],"author":[{"embeddable":true,"href":"https:\/\/subway-shop.com\/mesias\/index.php\/wp-json\/wp\/v2\/users\/1"}],"replies":[{"embeddable":true,"href":"https:\/\/subway-shop.com\/mesias\/index.php\/wp-json\/wp\/v2\/comments?post=85"}],"version-history":[{"count":3,"href":"https:\/\/subway-shop.com\/mesias\/index.php\/wp-json\/wp\/v2\/pages\/85\/revisions"}],"predecessor-version":[{"id":221,"href":"https:\/\/subway-shop.com\/mesias\/index.php\/wp-json\/wp\/v2\/pages\/85\/revisions\/221"}],"wp:attachment":[{"href":"https:\/\/subway-shop.com\/mesias\/index.php\/wp-json\/wp\/v2\/media?parent=85"}],"curies":[{"name":"wp","href":"https:\/\/api.w.org\/{rel}","templated":true}]}}