{"id":89,"date":"2023-12-10T14:34:02","date_gmt":"2023-12-10T14:34:02","guid":{"rendered":"https:\/\/subway-shop.com\/mesias\/?page_id=89"},"modified":"2023-12-12T14:24:07","modified_gmt":"2023-12-12T14:24:07","slug":"hecho-en-espana","status":"publish","type":"page","link":"https:\/\/subway-shop.com\/mesias\/index.php\/hecho-en-espana\/","title":{"rendered":"MADE IN SPAIN"},"content":{"rendered":"\n<details class=\"wp-block-details is-layout-flow wp-block-details-is-layout-flow\"><summary>[+] Desarrollo SOSTENIBLE<\/summary>\n<p>Ad\u00e9ntrate en la exclusividad redefinida con la deportiva TIANG MESIAS, una obra de elegancia que encarna la resurrecci\u00f3n de la marca TIANG. Este modelo no solo es un calzado; es el renacimiento de una tradici\u00f3n, una fusi\u00f3n perfecta entre lo cl\u00e1sico y lo vanguardista que da vida a una pieza \u00fanica que desaf\u00eda todas las expectativas de una deportiva vegana.<\/p>\n<\/details>\n\n\n\n<details class=\"wp-block-details is-layout-flow wp-block-details-is-layout-flow\"><summary>[+] Legado<\/summary>\n<p>La deportiva TIANG MESIAS es el legado revitalizado de la marca, un testimonio de su historia y un s\u00edmbolo de su compromiso con la excelencia. Cada par es una oda a la artesan\u00eda espa\u00f1ola, dise\u00f1ada en BARCELONA y fabricada \u00edntegramente en ESPA\u00d1A con un enfoque artesanal en su totalidad.<\/p>\n<\/details>\n\n\n\n<details class=\"wp-block-details is-layout-flow wp-block-details-is-layout-flow\"><summary>[+] Sostenibilidad del objeto<\/summary>\n<p>Comprometidos con la calidad inigualable, cada detalle de la deportiva TIANG MESIAS ha sido cuidadosamente elaborado por manos expertas que preservan la tradici\u00f3n de la fabricaci\u00f3n de calzado. Desde el dise\u00f1o meticuloso hasta la elecci\u00f3n de materiales de la m\u00e1s alta calidad, cada par es una expresi\u00f3n de la maestr\u00eda artesanal que define a las marcas de calzado genuinas.<\/p>\n<\/details>\n\n\n\n<details class=\"wp-block-details is-layout-flow wp-block-details-is-layout-flow\"><summary>[+] Producci\u00f3n Local<\/summary>\n<p>Adem\u00e1s, nos enorgullece destacar que la deportiva TIANG MESIAS es una producci\u00f3n local que respalda la econom\u00eda. Esta dedicaci\u00f3n a la fabricaci\u00f3n local no solo garantiza la calidad superior de cada par, sino que tambi\u00e9n fortalece el tejido social y cultural que distingue a nuestro pa\u00eds. La deportiva MESIAS est\u00e1 fabricada con materiales sostenibles y respetuosos con el medio ambiente cumpliendo con las exigencias de la certificaci\u00f3n&nbsp;<a href=\"https:\/\/www.oeko-tex.com\/en\/\" target=\"_blank\" rel=\"noreferrer noopener\">OEKO-TEX<\/a><\/p>\n<\/details>\n\n\n\n<details class=\"wp-block-details is-layout-flow wp-block-details-is-layout-flow\"><summary>[+] Arraigo a lo atemporal<\/summary>\n<p>Descubre la elegancia atemporal con la deportiva TIANG MESIAS, una pieza \u00fanica que fusiona la tradici\u00f3n con un dise\u00f1o contempor\u00e1neo. Sum\u00e9rgete en la experiencia de calzado que va m\u00e1s all\u00e1 de la moda, celebrando la autenticidad, la artesan\u00eda y la tradici\u00f3n de fabricaci\u00f3n de calzado.<\/p>\n<\/details>\n\n\n\n<p><\/p>\n\n\n\n<p><\/p>\n\n\n\n<p><\/p>\n\n\n\n<p><\/p>\n","protected":false},"excerpt":{"rendered":"","protected":false},"author":1,"featured_media":0,"parent":0,"menu_order":0,"comment_status":"closed","ping_status":"closed","template":"","meta":{"footnotes":""},"class_list":["post-89","page","type-page","status-publish","hentry","entry"],"_links":{"self":[{"href":"https:\/\/subway-shop.com\/mesias\/index.php\/wp-json\/wp\/v2\/pages\/89","targetHints":{"allow":["GET"]}}],"collection":[{"href":"https:\/\/subway-shop.com\/mesias\/index.php\/wp-json\/wp\/v2\/pages"}],"about":[{"href":"https:\/\/subway-shop.com\/mesias\/index.php\/wp-json\/wp\/v2\/types\/page"}],"author":[{"embeddable":true,"href":"https:\/\/subway-shop.com\/mesias\/index.php\/wp-json\/wp\/v2\/users\/1"}],"replies":[{"embeddable":true,"href":"https:\/\/subway-shop.com\/mesias\/index.php\/wp-json\/wp\/v2\/comments?post=89"}],"version-history":[{"count":11,"href":"https:\/\/subway-shop.com\/mesias\/index.php\/wp-json\/wp\/v2\/pages\/89\/revisions"}],"predecessor-version":[{"id":240,"href":"https:\/\/subway-shop.com\/mesias\/index.php\/wp-json\/wp\/v2\/pages\/89\/revisions\/240"}],"wp:attachment":[{"href":"https:\/\/subway-shop.com\/mesias\/index.php\/wp-json\/wp\/v2\/media?parent=89"}],"curies":[{"name":"wp","href":"https:\/\/api.w.org\/{rel}","templated":true}]}}