{"id":1177,"date":"2026-03-23T10:37:40","date_gmt":"2026-03-23T10:37:40","guid":{"rendered":"https:\/\/subway-shop.com\/tiang\/?page_id=1177"},"modified":"2026-04-12T09:39:11","modified_gmt":"2026-04-12T09:39:11","slug":"unidades-limitadas-no-restock","status":"publish","type":"page","link":"https:\/\/subway-shop.com\/tiang\/","title":{"rendered":"Camisetas Retro Edici\u00f3n Limitada &#8211; NO RESTOCK"},"content":{"rendered":"\n<figure class=\"wp-block-image size-large\"><a href=\"https:\/\/tiang.shop\/search?q=origins+archive&amp;options%5Bprefix%5D=last\"><img data-dominant-color=\"736052\" data-has-transparency=\"false\" style=\"--dominant-color: #736052;\" decoding=\"async\" loading=\"lazy\" width=\"1024\" height=\"1024\" src=\"https:\/\/subway-shop.com\/tiang\/wp-content\/uploads\/2026\/03\/origins_vol00_landing_portada-1024x1024.webp\" alt=\"\" class=\"not-transparent wp-image-1220\" srcset=\"https:\/\/subway-shop.com\/tiang\/wp-content\/uploads\/2026\/03\/origins_vol00_landing_portada-1024x1024.webp 1024w, https:\/\/subway-shop.com\/tiang\/wp-content\/uploads\/2026\/03\/origins_vol00_landing_portada-300x300.webp 300w, https:\/\/subway-shop.com\/tiang\/wp-content\/uploads\/2026\/03\/origins_vol00_landing_portada-150x150.webp 150w, https:\/\/subway-shop.com\/tiang\/wp-content\/uploads\/2026\/03\/origins_vol00_landing_portada-768x768.webp 768w, https:\/\/subway-shop.com\/tiang\/wp-content\/uploads\/2026\/03\/origins_vol00_landing_portada-1536x1536.webp 1536w, https:\/\/subway-shop.com\/tiang\/wp-content\/uploads\/2026\/03\/origins_vol00_landing_portada-2048x2048.webp 2048w, https:\/\/subway-shop.com\/tiang\/wp-content\/uploads\/2026\/03\/origins_vol00_landing_portada-200x200.webp 200w, https:\/\/subway-shop.com\/tiang\/wp-content\/uploads\/2026\/03\/origins_vol00_landing_portada-520x520.webp 520w, https:\/\/subway-shop.com\/tiang\/wp-content\/uploads\/2026\/03\/origins_vol00_landing_portada-940x940.webp 940w\" sizes=\"(max-width: 1024px) 100vw, 1024px\" \/><\/a><\/figure>\n\n\n\n<p class=\"has-text-align-center\">ESTE DROP DESAPARECE PRONTO. S\u00cdN REPOSICI\u00d3N. SIN SEGUNDAS OPORTUNIDADES.<\/p>\n\n\n\n<div class=\"wp-block-buttons is-content-justification-center is-layout-flex wp-container-1 wp-block-buttons-is-layout-flex\">\n<div class=\"wp-block-button\"><a class=\"wp-block-button__link has-text-align-center wp-element-button\" href=\"https:\/\/tiang.shop\/search?q=origins+archive&amp;options%5Bprefix%5D=last\">COMPRA AHORA<\/a><\/div>\n<\/div>\n\n\n\n<p>Hay historias que no se crean, se rescatan.<br>Este drop nace de los archivos. De cuando todo empez\u00f3.<br>De una idea, una silueta y una forma de entender el dise\u00f1o que no segu\u00eda tendencias\u2026 las adelantaba.<br>La <strong>Piamonte<\/strong> no es solo una zapatilla. Es el origen de TIANG. Una pieza que marc\u00f3 una identidad: l\u00edneas limpias, car\u00e1cter propio y una est\u00e9tica que hoy vuelve con m\u00e1s fuerza que nunca.<\/p>\n\n\n\n<p>En este drop reinterpretamos ese legado en cuatro camisetas retro edici\u00f3n limitada exclusivas.<br>Cuatro visiones de un mismo punto de partida.<br>Una mirada directa al pasado.<br>Otra m\u00e1s gr\u00e1fica, m\u00e1s cruda.<br>Una que captura la esencia del producto.<br>Y una \u00faltima que recupera una de las piezas m\u00e1s ic\u00f3nicas: la campa\u00f1a original publicada en la revista Intervi\u00fa.<\/p>\n\n\n\n<p><strong>No es nostalgia.<\/strong><br>Es contexto.<\/p>\n\n\n\n<p>Cada dise\u00f1o es una c\u00e1psula del tiempo.<br>Una forma de entender de d\u00f3nde venimos para seguir construyendo lo que viene.<\/p>\n\n\n\n<p><strong>Edici\u00f3n limitada.<br>Sin reposici\u00f3n.<\/strong><\/p>\n\n\n\n<p>Esto no es solo ropa.<br>Es archivo.<\/p>\n\n\n\n<hr class=\"wp-block-separator has-alpha-channel-opacity\"\/>\n\n\n\n<h3 class=\"wp-block-heading\">Consigue nuestros iconos<\/h3>\n\n\n\n<div class=\"wp-block-columns is-layout-flex wp-container-5 wp-block-columns-is-layout-flex\">\n<div class=\"wp-block-column is-layout-flow wp-block-column-is-layout-flow\">\n<figure class=\"wp-block-image size-full is-resized\"><a href=\"https:\/\/tiang.shop\/search?q=CLASSIC&amp;options%5Bprefix%5D=last\"><img data-dominant-color=\"a5938e\" data-has-transparency=\"false\" decoding=\"async\" loading=\"lazy\" width=\"864\" height=\"864\" src=\"https:\/\/subway-shop.com\/tiang\/wp-content\/uploads\/2026\/04\/TIANG_CLASSIC.gif\" alt=\"\" class=\"not-transparent wp-image-1273\" style=\"--dominant-color: #a5938e; aspect-ratio:1;width:389px;height:auto\"\/><\/a><\/figure>\n<\/div>\n\n\n\n<div class=\"wp-block-column is-layout-flow wp-block-column-is-layout-flow\">\n<figure class=\"wp-block-image size-full is-resized\"><a href=\"https:\/\/tiang.shop\/search?q=gafas&amp;options%5Bprefix%5D=last\"><img data-dominant-color=\"816351\" data-has-transparency=\"true\" decoding=\"async\" loading=\"lazy\" width=\"5906\" height=\"5906\" src=\"https:\/\/subway-shop.com\/tiang\/wp-content\/uploads\/2026\/04\/en_barberias_seleccionadas_50-1.png\" alt=\"En Barberias seleccionadas\" class=\"has-transparency wp-image-1302\" style=\"--dominant-color: #816351; aspect-ratio:1;object-fit:cover;width:391px\" srcset=\"https:\/\/subway-shop.com\/tiang\/wp-content\/uploads\/2026\/04\/en_barberias_seleccionadas_50-1.png 5906w, https:\/\/subway-shop.com\/tiang\/wp-content\/uploads\/2026\/04\/en_barberias_seleccionadas_50-1-300x300.png 300w, https:\/\/subway-shop.com\/tiang\/wp-content\/uploads\/2026\/04\/en_barberias_seleccionadas_50-1-1024x1024.png 1024w, https:\/\/subway-shop.com\/tiang\/wp-content\/uploads\/2026\/04\/en_barberias_seleccionadas_50-1-150x150.png 150w, https:\/\/subway-shop.com\/tiang\/wp-content\/uploads\/2026\/04\/en_barberias_seleccionadas_50-1-768x768.png 768w, https:\/\/subway-shop.com\/tiang\/wp-content\/uploads\/2026\/04\/en_barberias_seleccionadas_50-1-1536x1536.png 1536w, https:\/\/subway-shop.com\/tiang\/wp-content\/uploads\/2026\/04\/en_barberias_seleccionadas_50-1-2048x2048.png 2048w, https:\/\/subway-shop.com\/tiang\/wp-content\/uploads\/2026\/04\/en_barberias_seleccionadas_50-1-200x200.png 200w, https:\/\/subway-shop.com\/tiang\/wp-content\/uploads\/2026\/04\/en_barberias_seleccionadas_50-1-520x520.png 520w, https:\/\/subway-shop.com\/tiang\/wp-content\/uploads\/2026\/04\/en_barberias_seleccionadas_50-1-940x940.png 940w\" sizes=\"(max-width: 5906px) 100vw, 5906px\" \/><\/a><\/figure>\n<\/div>\n\n\n\n<div class=\"wp-block-column is-layout-flow wp-block-column-is-layout-flow\">\n<figure class=\"wp-block-image size-full is-resized\"><a href=\"https:\/\/tiang.shop\/search?q=SPW&amp;options%5Bprefix%5D=last\"><img data-dominant-color=\"75786c\" data-has-transparency=\"false\" decoding=\"async\" loading=\"lazy\" width=\"864\" height=\"864\" src=\"https:\/\/subway-shop.com\/tiang\/wp-content\/uploads\/2026\/04\/TIANG_SPORTSWEAR.gif\" alt=\"TIANG SPORTSWEAR SECTION\" class=\"not-transparent wp-image-1259\" style=\"--dominant-color: #75786c; aspect-ratio:1;width:391px;height:auto\"\/><\/a><\/figure>\n<\/div>\n<\/div>\n\n\n\n<div class=\"wp-block-columns is-layout-flex wp-container-9 wp-block-columns-is-layout-flex\">\n<div class=\"wp-block-column is-layout-flow wp-block-column-is-layout-flow\">\n<figure class=\"wp-block-image size-full is-resized\"><a href=\"https:\/\/tiang.shop\/search?q=MESIAS+WORLD&amp;options%5Bprefix%5D=last\"><img data-dominant-color=\"bb9d9d\" data-has-transparency=\"false\" decoding=\"async\" loading=\"lazy\" width=\"864\" height=\"864\" src=\"https:\/\/subway-shop.com\/tiang\/wp-content\/uploads\/2026\/04\/MESIAS_WORLD_GIF.gif\" alt=\"MESIAS WORLD\" class=\"not-transparent wp-image-1332\" style=\"--dominant-color: #bb9d9d; aspect-ratio:1;object-fit:cover;width:391px\"\/><\/a><\/figure>\n<\/div>\n\n\n\n<div class=\"wp-block-column is-layout-flow wp-block-column-is-layout-flow\"><\/div>\n\n\n\n<div class=\"wp-block-column is-layout-flow wp-block-column-is-layout-flow\"><\/div>\n<\/div>\n\n\n\n<h3 class=\"wp-block-heading\">Drops vigentes &#8230;<\/h3>\n\n\n\n<div class=\"wp-block-columns is-layout-flex wp-container-13 wp-block-columns-is-layout-flex\">\n<div class=\"wp-block-column is-layout-flow wp-block-column-is-layout-flow\">\n<figure class=\"wp-block-image size-full is-resized\"><a href=\"https:\/\/subway-shop.com\/tiang\/index.php\/sublime-archive-vol-01-20-aniversario\/\" target=\"_blank\" rel=\"noreferrer noopener\"><img data-dominant-color=\"362721\" data-has-transparency=\"false\" decoding=\"async\" loading=\"lazy\" width=\"2560\" height=\"2560\" src=\"https:\/\/subway-shop.com\/tiang\/wp-content\/uploads\/2026\/03\/landing_sublime20aniversariowebp-1-scaled.webp\" alt=\"SUBLIME 20 Aniversario\" class=\"not-transparent wp-image-1249\" style=\"--dominant-color: #362721; aspect-ratio:1;width:275px;height:auto\" srcset=\"https:\/\/subway-shop.com\/tiang\/wp-content\/uploads\/2026\/03\/landing_sublime20aniversariowebp-1-scaled.webp 2560w, https:\/\/subway-shop.com\/tiang\/wp-content\/uploads\/2026\/03\/landing_sublime20aniversariowebp-1-300x300.webp 300w, https:\/\/subway-shop.com\/tiang\/wp-content\/uploads\/2026\/03\/landing_sublime20aniversariowebp-1-1024x1024.webp 1024w, https:\/\/subway-shop.com\/tiang\/wp-content\/uploads\/2026\/03\/landing_sublime20aniversariowebp-1-150x150.webp 150w, https:\/\/subway-shop.com\/tiang\/wp-content\/uploads\/2026\/03\/landing_sublime20aniversariowebp-1-768x768.webp 768w, https:\/\/subway-shop.com\/tiang\/wp-content\/uploads\/2026\/03\/landing_sublime20aniversariowebp-1-1536x1536.webp 1536w, https:\/\/subway-shop.com\/tiang\/wp-content\/uploads\/2026\/03\/landing_sublime20aniversariowebp-1-2048x2048.webp 2048w, https:\/\/subway-shop.com\/tiang\/wp-content\/uploads\/2026\/03\/landing_sublime20aniversariowebp-1-200x200.webp 200w, https:\/\/subway-shop.com\/tiang\/wp-content\/uploads\/2026\/03\/landing_sublime20aniversariowebp-1-520x520.webp 520w, https:\/\/subway-shop.com\/tiang\/wp-content\/uploads\/2026\/03\/landing_sublime20aniversariowebp-1-940x940.webp 940w\" sizes=\"(max-width: 2560px) 100vw, 2560px\" \/><\/a><\/figure>\n<\/div>\n\n\n\n<div class=\"wp-block-column is-layout-flow wp-block-column-is-layout-flow\">\n<figure class=\"wp-block-image size-full is-resized\"><a href=\"https:\/\/tiang.shop\/search?q=producer&amp;options%5Bprefix%5D=last\"><img data-dominant-color=\"7a7c81\" data-has-transparency=\"false\" decoding=\"async\" loading=\"lazy\" width=\"1024\" height=\"1024\" src=\"https:\/\/subway-shop.com\/tiang\/wp-content\/uploads\/2026\/03\/Producer_archive_vol01_webp.webp\" alt=\"Producer Archive vol.01\" class=\"not-transparent wp-image-1232\" style=\"--dominant-color: #7a7c81; aspect-ratio:1;width:275px;height:auto\" srcset=\"https:\/\/subway-shop.com\/tiang\/wp-content\/uploads\/2026\/03\/Producer_archive_vol01_webp.webp 1024w, https:\/\/subway-shop.com\/tiang\/wp-content\/uploads\/2026\/03\/Producer_archive_vol01_webp-300x300.webp 300w, https:\/\/subway-shop.com\/tiang\/wp-content\/uploads\/2026\/03\/Producer_archive_vol01_webp-150x150.webp 150w, https:\/\/subway-shop.com\/tiang\/wp-content\/uploads\/2026\/03\/Producer_archive_vol01_webp-768x768.webp 768w, https:\/\/subway-shop.com\/tiang\/wp-content\/uploads\/2026\/03\/Producer_archive_vol01_webp-200x200.webp 200w, https:\/\/subway-shop.com\/tiang\/wp-content\/uploads\/2026\/03\/Producer_archive_vol01_webp-520x520.webp 520w, https:\/\/subway-shop.com\/tiang\/wp-content\/uploads\/2026\/03\/Producer_archive_vol01_webp-940x940.webp 940w\" sizes=\"(max-width: 1024px) 100vw, 1024px\" \/><\/a><\/figure>\n<\/div>\n\n\n\n<div class=\"wp-block-column is-layout-flow wp-block-column-is-layout-flow\"><\/div>\n<\/div>\n\n\n\n<h3 class=\"wp-block-heading\">Drops vencidos &#8230;<\/h3>\n\n\n\n<details class=\"wp-block-details\"><summary>\u00bf Te perdiste alg\u00fan drop ?<\/summary>\n<p>Si te perdiste alg\u00fan drop y quieres conseguir alguno de sus productos puedes hacerlo comprando la tarjeta <a href=\"https:\/\/tiang.shop\/products\/tiang-archive-access-card-1\"><strong>TIANG Archive Access CARD<\/strong>.<\/a> Recuerda un drop es exclusivo y s\u00f3lo se podr\u00e1 fabricar un m\u00e1ximo de 20 prendas en total de la colecci\u00f3n para todos los clientes. NO QUEREMOS QUE TODO EL MUNDO VISTA IGUAL. Pulsa aqu\u00ed para m\u00e1s informaci\u00f3n.<\/p>\n<\/details>\n","protected":false},"excerpt":{"rendered":"<p>ESTE DROP DESAPARECE PRONTO. S\u00cdN REPOSICI\u00d3N. SIN SEGUNDAS OPORTUNIDADES. Hay historias que no se crean, se rescatan.Este drop nace de los archivos. De cuando todo empez\u00f3.De una idea, una silueta y una forma de entender el dise\u00f1o que no segu\u00eda tendencias\u2026 las adelantaba.La Piamonte no es solo una zapatilla. Es el origen de TIANG. Una&#46;&#46;&#46;<\/p>\n","protected":false},"author":1,"featured_media":1178,"parent":0,"menu_order":0,"comment_status":"closed","ping_status":"closed","template":"","meta":{"footnotes":""},"yoast_head":"<!-- This site is optimized with the Yoast SEO plugin v21.5 - https:\/\/yoast.com\/wordpress\/plugins\/seo\/ -->\n<title>Camisetas Retro Edici\u00f3n Limitada - NO RESTOCK<\/title>\n<meta name=\"description\" content=\"Revive los or\u00edgenes de TIANG con Camisetas Retro Edici\u00f3n Limitada - NO RESTOCK inspiradas en la Piamonte. Archivo original, dise\u00f1o exclusivo y sin reposici\u00f3n.\" \/>\n<meta name=\"robots\" content=\"index, follow, max-snippet:-1, max-image-preview:large, max-video-preview:-1\" \/>\n<link rel=\"canonical\" href=\"https:\/\/subway-shop.com\/tiang\/\" \/>\n<meta property=\"og:locale\" content=\"es_ES\" \/>\n<meta property=\"og:type\" content=\"article\" \/>\n<meta property=\"og:title\" content=\"Camisetas Retro Edici\u00f3n Limitada - NO RESTOCK\" \/>\n<meta property=\"og:description\" content=\"Revive los or\u00edgenes de TIANG con Camisetas Retro Edici\u00f3n Limitada - NO RESTOCK inspiradas en la Piamonte. Archivo original, dise\u00f1o exclusivo y sin reposici\u00f3n.\" \/>\n<meta property=\"og:url\" content=\"https:\/\/subway-shop.com\/tiang\/\" \/>\n<meta property=\"og:site_name\" content=\"TIANG\" \/>\n<meta property=\"article:modified_time\" content=\"2026-04-12T09:39:11+00:00\" \/>\n<meta property=\"og:image\" content=\"https:\/\/subway-shop.com\/tiang\/wp-content\/uploads\/2026\/03\/origins_vol00_landing_portada-1024x1024.png\" \/>\n\t<meta property=\"og:image:width\" content=\"1024\" \/>\n\t<meta property=\"og:image:height\" content=\"1024\" \/>\n\t<meta property=\"og:image:type\" content=\"image\/png\" \/>\n<meta name=\"twitter:card\" content=\"summary_large_image\" \/>\n<meta name=\"twitter:label1\" content=\"Tiempo de lectura\" \/>\n\t<meta name=\"twitter:data1\" content=\"3 minutos\" \/>\n<script type=\"application\/ld+json\" class=\"yoast-schema-graph\">{\"@context\":\"https:\/\/schema.org\",\"@graph\":[{\"@type\":\"AdvertiserContentArticle\",\"@id\":\"https:\/\/subway-shop.com\/tiang\/#article\",\"isPartOf\":{\"@id\":\"https:\/\/subway-shop.com\/tiang\/\"},\"author\":{\"name\":\"admin\",\"@id\":\"https:\/\/subway-shop.com\/tiang\/#\/schema\/person\/113e0cb3f81a30aecf8286ccf2db77e2\"},\"headline\":\"Camisetas Retro Edici\u00f3n Limitada &#8211; NO RESTOCK\",\"datePublished\":\"2026-03-23T10:37:40+00:00\",\"dateModified\":\"2026-04-12T09:39:11+00:00\",\"mainEntityOfPage\":{\"@id\":\"https:\/\/subway-shop.com\/tiang\/\"},\"wordCount\":276,\"publisher\":{\"@id\":\"https:\/\/subway-shop.com\/tiang\/#organization\"},\"inLanguage\":\"es\"},{\"@type\":\"WebPage\",\"@id\":\"https:\/\/subway-shop.com\/tiang\/\",\"url\":\"https:\/\/subway-shop.com\/tiang\/\",\"name\":\"Camisetas Retro Edici\u00f3n Limitada - NO RESTOCK\",\"isPartOf\":{\"@id\":\"https:\/\/subway-shop.com\/tiang\/#website\"},\"datePublished\":\"2026-03-23T10:37:40+00:00\",\"dateModified\":\"2026-04-12T09:39:11+00:00\",\"description\":\"Revive los or\u00edgenes de TIANG con Camisetas Retro Edici\u00f3n Limitada - NO RESTOCK inspiradas en la Piamonte. Archivo original, dise\u00f1o exclusivo y sin reposici\u00f3n.\",\"breadcrumb\":{\"@id\":\"https:\/\/subway-shop.com\/tiang\/#breadcrumb\"},\"inLanguage\":\"es\",\"potentialAction\":[{\"@type\":\"ReadAction\",\"target\":[\"https:\/\/subway-shop.com\/tiang\/\"]}]},{\"@type\":\"BreadcrumbList\",\"@id\":\"https:\/\/subway-shop.com\/tiang\/#breadcrumb\",\"itemListElement\":[{\"@type\":\"ListItem\",\"position\":1,\"name\":\"Portada\",\"item\":\"https:\/\/subway-shop.com\/tiang\/\"},{\"@type\":\"ListItem\",\"position\":2,\"name\":\"Camisetas Retro Edici\u00f3n Limitada &#8211; NO RESTOCK\"}]},{\"@type\":\"WebSite\",\"@id\":\"https:\/\/subway-shop.com\/tiang\/#website\",\"url\":\"https:\/\/subway-shop.com\/tiang\/\",\"name\":\"TIANG\",\"description\":\"Inspirada en el pasado fresca c\u00f3mo nunca\",\"publisher\":{\"@id\":\"https:\/\/subway-shop.com\/tiang\/#organization\"},\"alternateName\":\"TIANG SNEAKERS & SPORTSWEARS\",\"potentialAction\":[{\"@type\":\"SearchAction\",\"target\":{\"@type\":\"EntryPoint\",\"urlTemplate\":\"https:\/\/subway-shop.com\/tiang\/?s={search_term_string}\"},\"query-input\":\"required name=search_term_string\"}],\"inLanguage\":\"es\"},{\"@type\":\"Organization\",\"@id\":\"https:\/\/subway-shop.com\/tiang\/#organization\",\"name\":\"TIANG\",\"alternateName\":\"TIANG\",\"url\":\"https:\/\/subway-shop.com\/tiang\/\",\"logo\":{\"@type\":\"ImageObject\",\"inLanguage\":\"es\",\"@id\":\"https:\/\/subway-shop.com\/tiang\/#\/schema\/logo\/image\/\",\"url\":\"https:\/\/subway-shop.com\/tiang\/wp-content\/uploads\/2021\/05\/cropped-imagotipo_tiang_definitivo1_recortado_170x120px.png\",\"contentUrl\":\"https:\/\/subway-shop.com\/tiang\/wp-content\/uploads\/2021\/05\/cropped-imagotipo_tiang_definitivo1_recortado_170x120px.png\",\"width\":170,\"height\":116,\"caption\":\"TIANG\"},\"image\":{\"@id\":\"https:\/\/subway-shop.com\/tiang\/#\/schema\/logo\/image\/\"},\"sameAs\":[\"https:\/\/www.instagram.com\/tiang_sneakers\",\"https:\/\/www.youtube.com\/channel\/UC2YV9SNHBQRys3F2s4r5A7A\"]},{\"@type\":\"Person\",\"@id\":\"https:\/\/subway-shop.com\/tiang\/#\/schema\/person\/113e0cb3f81a30aecf8286ccf2db77e2\",\"name\":\"admin\",\"image\":{\"@type\":\"ImageObject\",\"inLanguage\":\"es\",\"@id\":\"https:\/\/subway-shop.com\/tiang\/#\/schema\/person\/image\/\",\"url\":\"https:\/\/secure.gravatar.com\/avatar\/187f0467d44c893d8eb2e70d7d028dcc?s=96&d=mm&r=g\",\"contentUrl\":\"https:\/\/secure.gravatar.com\/avatar\/187f0467d44c893d8eb2e70d7d028dcc?s=96&d=mm&r=g\",\"caption\":\"admin\"},\"sameAs\":[\"http:\/\/subway-shop.com\/tiang\"]}]}<\/script>\n<!-- \/ Yoast SEO plugin. -->","yoast_head_json":{"title":"Camisetas Retro Edici\u00f3n Limitada - NO RESTOCK","description":"Revive los or\u00edgenes de TIANG con Camisetas Retro Edici\u00f3n Limitada - NO RESTOCK inspiradas en la Piamonte. Archivo original, dise\u00f1o exclusivo y sin reposici\u00f3n.","robots":{"index":"index","follow":"follow","max-snippet":"max-snippet:-1","max-image-preview":"max-image-preview:large","max-video-preview":"max-video-preview:-1"},"canonical":"https:\/\/subway-shop.com\/tiang\/","og_locale":"es_ES","og_type":"article","og_title":"Camisetas Retro Edici\u00f3n Limitada - NO RESTOCK","og_description":"Revive los or\u00edgenes de TIANG con Camisetas Retro Edici\u00f3n Limitada - NO RESTOCK inspiradas en la Piamonte. Archivo original, dise\u00f1o exclusivo y sin reposici\u00f3n.","og_url":"https:\/\/subway-shop.com\/tiang\/","og_site_name":"TIANG","article_modified_time":"2026-04-12T09:39:11+00:00","og_image":[{"width":1024,"height":1024,"url":"https:\/\/subway-shop.com\/tiang\/wp-content\/uploads\/2026\/03\/origins_vol00_landing_portada-1024x1024.png","type":"image\/png"}],"twitter_card":"summary_large_image","twitter_misc":{"Tiempo de lectura":"3 minutos"},"schema":{"@context":"https:\/\/schema.org","@graph":[{"@type":"AdvertiserContentArticle","@id":"https:\/\/subway-shop.com\/tiang\/#article","isPartOf":{"@id":"https:\/\/subway-shop.com\/tiang\/"},"author":{"name":"admin","@id":"https:\/\/subway-shop.com\/tiang\/#\/schema\/person\/113e0cb3f81a30aecf8286ccf2db77e2"},"headline":"Camisetas Retro Edici\u00f3n Limitada &#8211; NO RESTOCK","datePublished":"2026-03-23T10:37:40+00:00","dateModified":"2026-04-12T09:39:11+00:00","mainEntityOfPage":{"@id":"https:\/\/subway-shop.com\/tiang\/"},"wordCount":276,"publisher":{"@id":"https:\/\/subway-shop.com\/tiang\/#organization"},"inLanguage":"es"},{"@type":"WebPage","@id":"https:\/\/subway-shop.com\/tiang\/","url":"https:\/\/subway-shop.com\/tiang\/","name":"Camisetas Retro Edici\u00f3n Limitada - NO RESTOCK","isPartOf":{"@id":"https:\/\/subway-shop.com\/tiang\/#website"},"datePublished":"2026-03-23T10:37:40+00:00","dateModified":"2026-04-12T09:39:11+00:00","description":"Revive los or\u00edgenes de TIANG con Camisetas Retro Edici\u00f3n Limitada - NO RESTOCK inspiradas en la Piamonte. Archivo original, dise\u00f1o exclusivo y sin reposici\u00f3n.","breadcrumb":{"@id":"https:\/\/subway-shop.com\/tiang\/#breadcrumb"},"inLanguage":"es","potentialAction":[{"@type":"ReadAction","target":["https:\/\/subway-shop.com\/tiang\/"]}]},{"@type":"BreadcrumbList","@id":"https:\/\/subway-shop.com\/tiang\/#breadcrumb","itemListElement":[{"@type":"ListItem","position":1,"name":"Portada","item":"https:\/\/subway-shop.com\/tiang\/"},{"@type":"ListItem","position":2,"name":"Camisetas Retro Edici\u00f3n Limitada &#8211; NO RESTOCK"}]},{"@type":"WebSite","@id":"https:\/\/subway-shop.com\/tiang\/#website","url":"https:\/\/subway-shop.com\/tiang\/","name":"TIANG","description":"Inspirada en el pasado fresca c\u00f3mo nunca","publisher":{"@id":"https:\/\/subway-shop.com\/tiang\/#organization"},"alternateName":"TIANG SNEAKERS & SPORTSWEARS","potentialAction":[{"@type":"SearchAction","target":{"@type":"EntryPoint","urlTemplate":"https:\/\/subway-shop.com\/tiang\/?s={search_term_string}"},"query-input":"required name=search_term_string"}],"inLanguage":"es"},{"@type":"Organization","@id":"https:\/\/subway-shop.com\/tiang\/#organization","name":"TIANG","alternateName":"TIANG","url":"https:\/\/subway-shop.com\/tiang\/","logo":{"@type":"ImageObject","inLanguage":"es","@id":"https:\/\/subway-shop.com\/tiang\/#\/schema\/logo\/image\/","url":"https:\/\/subway-shop.com\/tiang\/wp-content\/uploads\/2021\/05\/cropped-imagotipo_tiang_definitivo1_recortado_170x120px.png","contentUrl":"https:\/\/subway-shop.com\/tiang\/wp-content\/uploads\/2021\/05\/cropped-imagotipo_tiang_definitivo1_recortado_170x120px.png","width":170,"height":116,"caption":"TIANG"},"image":{"@id":"https:\/\/subway-shop.com\/tiang\/#\/schema\/logo\/image\/"},"sameAs":["https:\/\/www.instagram.com\/tiang_sneakers","https:\/\/www.youtube.com\/channel\/UC2YV9SNHBQRys3F2s4r5A7A"]},{"@type":"Person","@id":"https:\/\/subway-shop.com\/tiang\/#\/schema\/person\/113e0cb3f81a30aecf8286ccf2db77e2","name":"admin","image":{"@type":"ImageObject","inLanguage":"es","@id":"https:\/\/subway-shop.com\/tiang\/#\/schema\/person\/image\/","url":"https:\/\/secure.gravatar.com\/avatar\/187f0467d44c893d8eb2e70d7d028dcc?s=96&d=mm&r=g","contentUrl":"https:\/\/secure.gravatar.com\/avatar\/187f0467d44c893d8eb2e70d7d028dcc?s=96&d=mm&r=g","caption":"admin"},"sameAs":["http:\/\/subway-shop.com\/tiang"]}]}},"_links":{"self":[{"href":"https:\/\/subway-shop.com\/tiang\/index.php\/wp-json\/wp\/v2\/pages\/1177"}],"collection":[{"href":"https:\/\/subway-shop.com\/tiang\/index.php\/wp-json\/wp\/v2\/pages"}],"about":[{"href":"https:\/\/subway-shop.com\/tiang\/index.php\/wp-json\/wp\/v2\/types\/page"}],"author":[{"embeddable":true,"href":"https:\/\/subway-shop.com\/tiang\/index.php\/wp-json\/wp\/v2\/users\/1"}],"replies":[{"embeddable":true,"href":"https:\/\/subway-shop.com\/tiang\/index.php\/wp-json\/wp\/v2\/comments?post=1177"}],"version-history":[{"count":76,"href":"https:\/\/subway-shop.com\/tiang\/index.php\/wp-json\/wp\/v2\/pages\/1177\/revisions"}],"predecessor-version":[{"id":1341,"href":"https:\/\/subway-shop.com\/tiang\/index.php\/wp-json\/wp\/v2\/pages\/1177\/revisions\/1341"}],"wp:featuredmedia":[{"embeddable":true,"href":"https:\/\/subway-shop.com\/tiang\/index.php\/wp-json\/wp\/v2\/media\/1178"}],"wp:attachment":[{"href":"https:\/\/subway-shop.com\/tiang\/index.php\/wp-json\/wp\/v2\/media?parent=1177"}],"curies":[{"name":"wp","href":"https:\/\/api.w.org\/{rel}","templated":true}]}}