{"id":169,"date":"2022-09-22T18:53:48","date_gmt":"2022-09-22T18:53:48","guid":{"rendered":"http:\/\/subway-shop.com\/tiang\/?page_id=169"},"modified":"2026-03-24T14:29:41","modified_gmt":"2026-03-24T14:29:41","slug":"faqs","status":"publish","type":"page","link":"https:\/\/subway-shop.com\/tiang\/index.php\/faqs\/","title":{"rendered":"FAQs"},"content":{"rendered":"\n<p class=\"has-vivid-red-color has-text-color\"><strong>\u00bf Qu\u00e9 es un \u00abDROP\u00bb ?<\/strong><\/p>\n\n\n\n<p>En moda, un <strong>\u201cdrop\u201d<\/strong> es una forma de lanzar productos de manera <strong>limitada, puntual y estrat\u00e9gica<\/strong>, en lugar de tener una colecci\u00f3n disponible todo el tiempo.<br>Un <em>drop<\/em> es:<\/p>\n\n\n\n<ul>\n<li>Un lanzamiento de <strong>pocas unidades<\/strong><\/li>\n\n\n\n<li>Disponible durante un <strong>tiempo corto<\/strong><\/li>\n\n\n\n<li>Con una <strong>fecha concreta (o sorpresa)<\/strong><\/li>\n<\/ul>\n\n\n\n<p class=\"has-vivid-red-color has-text-color\"><strong>\u00bf Porque el precio de las nuevas TIANG no es barato?<\/strong><\/p>\n\n\n\n<p>El precio de las nuevas TIANG puede parecer elevado de entrada. Pero si lo analizas bien, en realidad no lo es. En la nueva TIANG fabricamos todos nuestros productos en f\u00e1bricas espa\u00f1olas. Nuestras zapatillas son fabricadas a mano, casi de manera artesanal por profesionales que llevan m\u00e1s de 30 a\u00f1os en el sector del calzado Espa\u00f1ol y que garantizan que todo el proceso de elaboraci\u00f3n sea lo m\u00e1s eficiente posible, <strong>garantizando los derechos de los trabajadores<\/strong> y el <strong>NO uso de materias primas procedentes de animales<\/strong>.<\/p>\n\n\n\n<p>Por otro lado, no gastamos dinero en grandes campa\u00f1as de m\u00e1rqueting porque solemos utilizar siempre que podemos productos de m\u00e1rqueting digital u software de c\u00f3digo abierto para realizar nuestros proyectos. Y realizamos \u00edntegramente todos los dise\u00f1os. Y preferimos invertir ese dinero en la materia prima garantizando el uso de materiales ecol\u00f3gicos y libres de crueldad animal. <\/p>\n\n\n\n<p class=\"has-vivid-red-color has-text-color\"><strong>\u00bf TIANG s\u00f3lo fabrica en Espa\u00f1a ?<\/strong><\/p>\n\n\n\n<p><strong>La marca TIANG es dise\u00f1ada completamente en Espa\u00f1a<\/strong>. Las zapatillas y calcetines tambi\u00e9n es 100% fabricaci\u00f3n Espa\u00f1ola. Pero TIANG est\u00e1 colaborando con una empresa externa que nos permite fabricar ropa y complementos fuera de Espa\u00f1a consiguiendo as\u00ed poder llegar a todo el mundo.  Porque pensamos que <strong>no se trata del d\u00f3nde sino del c\u00f3mo y de con quien<\/strong>. Es decir, hay que ser honestos y transparentes. Cuando fabricamos cualquier producto fuera de Espa\u00f1a lo hacemos siguiendo los mismos criterios de fabricaci\u00f3n sostenible y garantizando los derechos de los trabajadores y no utilizando materias primas procedentes de animales.<\/p>\n\n\n\n<p class=\"has-vivid-red-color has-text-color\"><strong>\u00bf Es TIANG una submarca de la marca PAREDES ?<\/strong><\/p>\n\n\n\n<p>No. TIANG lo fue hasta finales de los a\u00f1os 80. A partir de entonces la marca dejo de existir y s\u00f3lo su nombre ha sido recuperado y registrado c\u00f3mo marca el a\u00f1o 2020 con el objeto de crear nuevos productos para otra empresa. Ahora bien, hemos querido homenajear a la antigua TIANG record\u00e1ndola en nuestro blog y haciendo un redise\u00f1o del imagotipo de la \u00e9poca adaptado a los tiempos actuales.<\/p>\n\n\n\n<p>Adem\u00e1s, la nueva TIANG pretende desarrollar nuevos productos en nuevos mercados no centr\u00e1ndose s\u00f3lo en el calzado.<\/p>\n\n\n\n<p class=\"has-vivid-red-color has-text-color\"><strong>\u00bf Es TIANG una marca vegana y cruelty free ?<\/strong><\/p>\n\n\n\n<p>Pues podemos decir ORGULLOSOS que si. Puesto que cuando un&nbsp;<strong>producto<\/strong>&nbsp;se califica c\u00f3mo \u00ab<strong>vegano<\/strong>\u00ab, significa que no contiene ni ingredientes animales ni derivados de estos. Y cuando un producto se califica c\u00f3mo \u00abcruelty free\u00bb es que no ha sido testado en animales. Con lo que podemos considerar a la nueva <strong>TIANG c\u00f3mo una marca vegana y libre de crueldad animal.<\/strong><\/p>\n\n\n\n<p class=\"has-vivid-red-color has-text-color\"><strong>\u00bf C\u00f3mo garantiza TIANG la sostenibilidad en la producci\u00f3n ?<\/strong><\/p>\n\n\n\n<p>En TIANG s\u00f3lo fabricamos aquellas zapatillas que en realidad se han vendido. NO TENEMOS STOCK de seguridad. Al fabricar en procesos pr\u00e1cticamente artesanales y manuales, tenemos la capacidad de poder fabricar el calzado a demanda. Con esto evitamos la sobreproducci\u00f3n de producto que pudiera no venderse. Respecto a las empresas colaboradoras trabajamos con empresas que s\u00f3lo fabrican aquellos productos una vez se ha garantizado su venta y por tanto no contamos con excedente de stock propio.<\/p>\n\n\n\n<p class=\"has-vivid-red-color has-text-color\"><strong>\u00bf Porqu\u00e9 hay que esperar varios d\u00edas para disponer de mis zapatillas compradas online ?<\/strong><\/p>\n\n\n\n<p>Debes esperar unos d\u00edas porque tu zapatilla no est\u00e1 fabricada en el momento de la compra. En TIANG fabricamos tu zapatilla a partir del momento en que se hace efectivo el cobro, de esta manera evitamos fabricar de manera indiscriminada y evitamos tener excedentes de stocks. Con respecto a nuestros colaboradores externos, sucede lo mismo. Tu producto no se fabrica hasta no estar garantizada la compra.<\/p>\n\n\n\n<p class=\"has-vivid-red-color has-text-color\"><strong>\u00bf Porqu\u00e9 algunos colores son de edici\u00f3n Limitada ?<\/strong><\/p>\n\n\n\n<p>Hemos pensado que ofreciendo colores en una edici\u00f3n limitada, conseguimos que la exclusividad de llevar un producto TIANG por parte de nuestros clientes es mayor haci\u00e9ndolo de esta manera. Queremos que cuando lleves una de nuestras zapatillas sientas que est\u00e1s llevando una parte de la herencia del pasado de esta marca y de que estas ayudando a hacer crecer una marca moderna que es sostenible y acorde a los valores actuales de la sociedad.<\/p>\n\n\n\n<p class=\"has-vivid-red-color has-text-color\"><strong>Declaraci\u00f3n general de sostenibilidad<\/strong><\/p>\n\n\n\n<p>La sostenibilidad es un aspecto importante para nosotros. Por eso, en cada paso estamos tomando medidas para ser m\u00e1s respetuosos con el medio ambiente sin dejar de ofrecerte los productos de calidad que mereces. <\/p>\n\n\n\n<p>En la industria de la moda, en torno al 85% de los productos textiles fabricados termina en vertederos, lo que tiene una gran repercusi\u00f3n negativa en el medio ambiente. No solo eso, sino que uno de cada cinco art\u00edculos producidos por la industria de la moda acaba convirti\u00e9ndose en residuo sin haberse usado siquiera una sola vez.<br><br>Dado que trabajamos con proveedores de producci\u00f3n bajo demanda, solo fabricamos art\u00edculos previo pedido. As\u00ed, evitamos generar residuos innecesarios a causa de la sobreproducci\u00f3n. Adem\u00e1s, la tecnolog\u00eda de impresi\u00f3n de alta calidad de nuestro socio de producci\u00f3n apenas genera aguas residuales y emplea menos energ\u00eda que las impresoras<br>est\u00e1ndar del sector.<\/p>\n\n\n\n<p class=\"has-vivid-red-color has-text-color\"><strong>\u00bf C\u00f3mo empaquetamos nuestros productos ?<\/strong><\/p>\n\n\n\n<p>En el caso de las zapatilllas todas acostumbran a entregarse con una caja (No tiene porqu\u00e9 estar personalizada con nuestro logo, en este caso acostumbra a ser una caja negra). Por otro lado, el resto de productos que fabricamos en colaboraci\u00f3n con terceros, sobretodo prendas de vestir se empaquetan en bolsas de env\u00edo de pl\u00e1stico reciclado posconsumo (PCR, por sus siglas en ingl\u00e9s), normalmente lisas sin personalizaci\u00f3n de la marca o con s\u00f3lo el logo impreso de TIANG en la etiqueta del producto. La cantidad de PCR que incluye el packaging depende de d\u00f3nde se gestione tu pedido, pero es de al menos el 50% en las bolsas de env\u00edo de poli\u00e9ster exteriores (blanco o gris) y de al menos el 30% en las bolsas transparentes interiores que se usan en los env\u00edos con varios art\u00edculos.<br>El packaging de PCR se fabrica a partir de objetos cotidianos desechados, como bolsas de pl\u00e1stico y botellas usadas. Este material protege tu pedido igual de bien que las bolsas de pl\u00e1stico convencionales, con la diferencia de que optar por el PCR frente a pl\u00e1sticos de nueva producci\u00f3n reduce el impacto medioambiental de este material en nuestro planeta.<\/p>\n\n\n\n<p class=\"has-vivid-red-color has-text-color\"><strong>Declaraci\u00f3n acerca de los tiempos de producci\u00f3n de colaboradores<\/strong><\/p>\n\n\n\n<p>Los productos disponibles en nuestro cat\u00e1logo se fabrican bajo demanda, as\u00ed que empezamos a trabajar en tus productos en cuanto t\u00fa realizas el pedido. Crear y enviar cada producto lleva su tiempo, pero, al fabricar los productos del pedido bajo demanda, evitamos la sobreproducci\u00f3n. De esta manera, te cuidamos a ti y cuidamos el planeta.<\/p>\n\n\n\n<p class=\"has-vivid-red-color has-text-color\"><strong>Productos con materiales respetuosos con el medio ambiente<\/strong><\/p>\n\n\n\n<p>Existen multitud de motivos por los que un producto o material se puede considerar eco friendly. En estos momentos, nuestra colecci\u00f3n de productos respetuosos con el medio ambiente abarca art\u00edculos hechos con al menos un 70% de materiales org\u00e1nicos o reciclados o bien una combinaci\u00f3n de este tipo de materiales.<\/p>\n\n\n\n<p class=\"has-vivid-red-color has-text-color\"><strong>Informaci\u00f3n acerca de la tecnolog\u00eda de impresi\u00f3n y materiales<\/strong><\/p>\n\n\n\n<p>Informaci\u00f3n sobre la impresi\u00f3n directa a prenda (DTG, por sus siglas en ingl\u00e9s)<br><br><strong>Nota:<br>Esta t\u00e9cnica se suele utilizar para productos con tejidos con un elevado porcentaje de algod\u00f3n en su composici\u00f3n. Por ejemplo, camisetas, sudaderas, bolsas de tela, etc.<\/strong><br><br>Los dise\u00f1os de nuestra ropa se gestionan empleando diferentes t\u00e9cnicas. Muchos de nuestros productos se imprimen aplicando la t\u00e9cnica de impresi\u00f3n DTG, con la que la tinta se pulveriza directamente sobre la prenda, de manera que empape el tejido. Es como imprimir en papel, pero en la ropa. Para ello, utilizamos impresoras Kornit, que consiguen reducir la producci\u00f3n de aguas residuales pr\u00e1cticamente a cero y consumen menos energ\u00eda que las impresoras industriales est\u00e1ndar, lo que nos ayuda a limitar nuestra huella de carbono.<\/p>\n\n\n\n<p>Las tintas que utilizamos para la impresi\u00f3n tienen la certificaci\u00f3n Oeko-Tex\u2122, son veganas y tienen una base de agua, por lo que est\u00e1n libres de sustancias qu\u00edmicas perjudiciales. En TIANG colaboramos con proveedores externos que se toman la sostenibilidad en serio, por eso se deshacen de los restos de tinta adecuadamente siguiendo las indicaciones del proveedor de tinta.<\/p>\n\n\n\n<p class=\"has-vivid-red-color has-text-color\"><strong>Informaci\u00f3n sobre bordados<\/strong><\/p>\n\n\n\n<p>Los bordados de nuestros productos usando hilos con la certificaci\u00f3n Oeko-Tex\u2122, por lo que son seguros para la ropa de ni\u00f1os y adultos. Por lo general, los dise\u00f1os bordados son m\u00e1s resistentes que los dise\u00f1os impresos, lo que indirectamente produce menos desperdicios medioambientales.<\/p>\n\n\n\n<p class=\"has-vivid-red-color has-text-color has-medium-font-size\"><strong>Pol\u00edtica de rebajas y\/o promociones <\/strong><\/p>\n\n\n\n<p class=\"has-vivid-red-color has-text-color\"><strong>NO REALIZAMOS REBAJAS.<\/strong><\/p>\n\n\n\n<p>En TIANG, nos enorgullece nuestra pol\u00edtica comercial y \u00e9tica, respaldada por una estrategia de fabricaci\u00f3n ecoeficiente. Todos los pedidos en l\u00ednea y de nuestros socios se producen solo cuando se confirma el pedido. De esta manera, evitamos tener un exceso de inventario innecesario que, a menudo, requiere liquidaci\u00f3n.<\/p>\n\n\n\n<p>Reconocemos que las rebajas son comunes en la industria, permitiendo liquidar productos fuera de temporada. Sin embargo, no creemos en mantener estrategias de descuentos continuos, ya que distorsionan la percepci\u00f3n del valor real de los productos y pueden promover compras innecesarias. En TIANG, promovemos un enfoque \u00e9tico de los precios justos durante todo el a\u00f1o.<\/p>\n\n\n\n<p>Como empresa, dependemos de nuestras ventas, pero estamos comprometidos a no fomentar un consumo innecesario. Animamos a nuestros clientes a comprar de manera consciente y adquirir productos cuando realmente los necesiten, evitando el desperdicio manteniendo la sostenibilidad ambiental, cuidando el bienestar animal y c\u00f3mo no entendiendo la conciencia del consumidor que conscientes del impacto de sus decisiones de compra en el planeta y en los animales toman la decisi\u00f3n de adquirir nuestros productos.<\/p>\n\n\n\n<p class=\"has-vivid-red-color has-text-color\"><strong>DESCUENTOS S\u00cd<\/strong><\/p>\n\n\n\n<p>En TIANG, valoramos a nuestros clientes que comparten nuestra visi\u00f3n y se unen a nuestro compromiso por una moda sostenible. Como muestra de agradecimiento, ofrecemos descuentos puntuales a trav\u00e9s de nuestra plataforma web y en campa\u00f1as especiales. Estos descuentos reflejan nuestra gratitud por la confianza que han depositado en nosotros y su apoyo inquebrantable para ser agentes del cambio hacia un futuro de moda m\u00e1s sostenible.<\/p>\n\n\n\n<p class=\"has-vivid-red-color has-text-color\"><strong>GASTOS DE ENV\u00cdO<\/strong><\/p>\n\n\n\n<p>En TIANG, creemos en una moda sostenible que abraza la responsabilidad social y medioambiental en cada paso de nuestro proceso. <strong>Nuestra decisi\u00f3n de cobrar gastos de env\u00edo <\/strong>se basa en una profunda consideraci\u00f3n de varios factores, todos orientados a <strong>asegurar que cada compra que realizas con nosotros sea coherente con nuestros valores y tenga un impacto positivo en el mundo.<\/strong> Por ejemplo:<\/p>\n\n\n\n<p>1. <strong>Sostenibilidad Ambiental:<\/strong> Como parte de nuestra misi\u00f3n de reducir el impacto ambiental negativo, hemos dise\u00f1ado nuestro proceso de env\u00edo para minimizar nuestra huella ecol\u00f3gica. Al agrupar los pedidos y utilizar materiales de embalaje sostenibles, reducimos el desperdicio y la contaminaci\u00f3n, contribuyendo a un planeta m\u00e1s saludable.<\/p>\n\n\n\n<p>2. <strong>Bienestar Animal:<\/strong> Nuestro compromiso con la \u00e9tica y el bienestar animal significa que no sacrificamos la calidad y seguridad de nuestros productos para reducir costos. Al cobrar gastos de env\u00edo, garantizamos que nuestros productos se produzcan y entreguen de manera \u00e9tica y responsable, sin comprometer nuestros valores.<\/p>\n\n\n\n<p>3. <strong>Mejora de la Experiencia del Cliente:<\/strong> Los gastos de env\u00edo nos permiten proporcionar un servicio de entrega sostenible y confiable. Esto significa que recibes tus productos en \u00f3ptimas condiciones y en el plazo previsto, brind\u00e1ndote una experiencia de compra m\u00e1s satisfactoria.<\/p>\n\n\n\n<p>4. <strong>Apoyo a la Sostenibilidad Continua:<\/strong> Al pagar los gastos de env\u00edo, contribuyes a la sostenibilidad continua de nuestra marca y la promoci\u00f3n de una moda m\u00e1s \u00e9tica y ecol\u00f3gica. Este apoyo nos permite invertir en innovaci\u00f3n, investigaci\u00f3n y desarrollo de productos m\u00e1s sostenibles y \u00e9ticos.<\/p>\n\n\n\n<p>5. <strong>Mejora de Condiciones Laborales:<\/strong> Adem\u00e1s, al pagar los gastos de env\u00edo,, tambi\u00e9n contribuyes a la mejora de las condiciones de los trabajadores de las empresas de transporte y a la promoci\u00f3n de veh\u00edculos m\u00e1s sostenibles en la industria del transporte. Tu apoyo permite que estas empresas avancen hacia pr\u00e1cticas laborales m\u00e1s justas y veh\u00edculos m\u00e1s amigables con el medio ambiente.<\/p>\n\n\n\n<p>En TIANG, nuestros clientes son una parte fundamental de nuestro viaje hacia un mundo de moda consciente.<strong> Al entender y respaldar nuestra decisi\u00f3n de que os cobremos los gastos de env\u00edo<\/strong>, <strong>est\u00e1s ayudando a marcar la diferencia y a promover una moda que refleja tus valores. <\/strong>Te agradecemos por ser parte de este cambio positivo y por elegir la sostenibilidad en cada compra que haces con nosotros.<\/p>\n","protected":false},"excerpt":{"rendered":"<p>\u00bf Qu\u00e9 es un \u00abDROP\u00bb ? En moda, un \u201cdrop\u201d es una forma de lanzar productos de manera limitada, puntual y estrat\u00e9gica, en lugar de tener una colecci\u00f3n disponible todo el tiempo.Un drop es: \u00bf Porque el precio de las nuevas TIANG no es barato? El precio de las nuevas TIANG puede parecer elevado de&#46;&#46;&#46;<\/p>\n","protected":false},"author":1,"featured_media":0,"parent":0,"menu_order":0,"comment_status":"closed","ping_status":"closed","template":"","meta":{"footnotes":""},"yoast_head":"<!-- This site is optimized with the Yoast SEO plugin v21.5 - https:\/\/yoast.com\/wordpress\/plugins\/seo\/ -->\n<title>FAQs<\/title>\n<meta name=\"robots\" content=\"index, follow, max-snippet:-1, max-image-preview:large, max-video-preview:-1\" \/>\n<link rel=\"canonical\" href=\"https:\/\/subway-shop.com\/tiang\/index.php\/faqs\/\" \/>\n<meta property=\"og:locale\" content=\"es_ES\" \/>\n<meta property=\"og:type\" content=\"article\" \/>\n<meta property=\"og:title\" content=\"FAQs\" \/>\n<meta property=\"og:description\" content=\"\u00bf Qu\u00e9 es un \u00abDROP\u00bb ? En moda, un \u201cdrop\u201d es una forma de lanzar productos de manera limitada, puntual y estrat\u00e9gica, en lugar de tener una colecci\u00f3n disponible todo el tiempo.Un drop es: \u00bf Porque el precio de las nuevas TIANG no es barato? El precio de las nuevas TIANG puede parecer elevado de&#046;&#046;&#046;\" \/>\n<meta property=\"og:url\" content=\"https:\/\/subway-shop.com\/tiang\/index.php\/faqs\/\" \/>\n<meta property=\"og:site_name\" content=\"TIANG\" \/>\n<meta property=\"article:modified_time\" content=\"2026-03-24T14:29:41+00:00\" \/>\n<meta property=\"og:image\" content=\"https:\/\/subway-shop.com\/tiang\/wp-content\/uploads\/2021\/05\/cropped-icono_tiang_ecommerce.png\" \/>\n\t<meta property=\"og:image:width\" content=\"512\" \/>\n\t<meta property=\"og:image:height\" content=\"512\" \/>\n\t<meta property=\"og:image:type\" content=\"image\/png\" \/>\n<meta name=\"twitter:card\" content=\"summary_large_image\" \/>\n<meta name=\"twitter:label1\" content=\"Tiempo de lectura\" \/>\n\t<meta name=\"twitter:data1\" content=\"10 minutos\" \/>\n<script type=\"application\/ld+json\" class=\"yoast-schema-graph\">{\"@context\":\"https:\/\/schema.org\",\"@graph\":[{\"@type\":\"AdvertiserContentArticle\",\"@id\":\"https:\/\/subway-shop.com\/tiang\/index.php\/faqs\/#article\",\"isPartOf\":{\"@id\":\"https:\/\/subway-shop.com\/tiang\/index.php\/faqs\/\"},\"author\":{\"name\":\"admin\",\"@id\":\"https:\/\/subway-shop.com\/tiang\/#\/schema\/person\/113e0cb3f81a30aecf8286ccf2db77e2\"},\"headline\":\"FAQs\",\"datePublished\":\"2022-09-22T18:53:48+00:00\",\"dateModified\":\"2026-03-24T14:29:41+00:00\",\"mainEntityOfPage\":{\"@id\":\"https:\/\/subway-shop.com\/tiang\/index.php\/faqs\/\"},\"wordCount\":2194,\"publisher\":{\"@id\":\"https:\/\/subway-shop.com\/tiang\/#organization\"},\"inLanguage\":\"es\"},{\"@type\":\"WebPage\",\"@id\":\"https:\/\/subway-shop.com\/tiang\/index.php\/faqs\/\",\"url\":\"https:\/\/subway-shop.com\/tiang\/index.php\/faqs\/\",\"name\":\"FAQs\",\"isPartOf\":{\"@id\":\"https:\/\/subway-shop.com\/tiang\/#website\"},\"datePublished\":\"2022-09-22T18:53:48+00:00\",\"dateModified\":\"2026-03-24T14:29:41+00:00\",\"breadcrumb\":{\"@id\":\"https:\/\/subway-shop.com\/tiang\/index.php\/faqs\/#breadcrumb\"},\"inLanguage\":\"es\",\"potentialAction\":[{\"@type\":\"ReadAction\",\"target\":[\"https:\/\/subway-shop.com\/tiang\/index.php\/faqs\/\"]}]},{\"@type\":\"BreadcrumbList\",\"@id\":\"https:\/\/subway-shop.com\/tiang\/index.php\/faqs\/#breadcrumb\",\"itemListElement\":[{\"@type\":\"ListItem\",\"position\":1,\"name\":\"Portada\",\"item\":\"https:\/\/subway-shop.com\/tiang\/\"},{\"@type\":\"ListItem\",\"position\":2,\"name\":\"FAQs\"}]},{\"@type\":\"WebSite\",\"@id\":\"https:\/\/subway-shop.com\/tiang\/#website\",\"url\":\"https:\/\/subway-shop.com\/tiang\/\",\"name\":\"TIANG\",\"description\":\"Inspirada en el pasado fresca c\u00f3mo nunca\",\"publisher\":{\"@id\":\"https:\/\/subway-shop.com\/tiang\/#organization\"},\"alternateName\":\"TIANG SNEAKERS & SPORTSWEARS\",\"potentialAction\":[{\"@type\":\"SearchAction\",\"target\":{\"@type\":\"EntryPoint\",\"urlTemplate\":\"https:\/\/subway-shop.com\/tiang\/?s={search_term_string}\"},\"query-input\":\"required name=search_term_string\"}],\"inLanguage\":\"es\"},{\"@type\":\"Organization\",\"@id\":\"https:\/\/subway-shop.com\/tiang\/#organization\",\"name\":\"TIANG\",\"alternateName\":\"TIANG\",\"url\":\"https:\/\/subway-shop.com\/tiang\/\",\"logo\":{\"@type\":\"ImageObject\",\"inLanguage\":\"es\",\"@id\":\"https:\/\/subway-shop.com\/tiang\/#\/schema\/logo\/image\/\",\"url\":\"https:\/\/subway-shop.com\/tiang\/wp-content\/uploads\/2021\/05\/cropped-imagotipo_tiang_definitivo1_recortado_170x120px.png\",\"contentUrl\":\"https:\/\/subway-shop.com\/tiang\/wp-content\/uploads\/2021\/05\/cropped-imagotipo_tiang_definitivo1_recortado_170x120px.png\",\"width\":170,\"height\":116,\"caption\":\"TIANG\"},\"image\":{\"@id\":\"https:\/\/subway-shop.com\/tiang\/#\/schema\/logo\/image\/\"},\"sameAs\":[\"https:\/\/www.instagram.com\/tiang_sneakers\",\"https:\/\/www.youtube.com\/channel\/UC2YV9SNHBQRys3F2s4r5A7A\"]},{\"@type\":\"Person\",\"@id\":\"https:\/\/subway-shop.com\/tiang\/#\/schema\/person\/113e0cb3f81a30aecf8286ccf2db77e2\",\"name\":\"admin\",\"image\":{\"@type\":\"ImageObject\",\"inLanguage\":\"es\",\"@id\":\"https:\/\/subway-shop.com\/tiang\/#\/schema\/person\/image\/\",\"url\":\"https:\/\/secure.gravatar.com\/avatar\/187f0467d44c893d8eb2e70d7d028dcc?s=96&d=mm&r=g\",\"contentUrl\":\"https:\/\/secure.gravatar.com\/avatar\/187f0467d44c893d8eb2e70d7d028dcc?s=96&d=mm&r=g\",\"caption\":\"admin\"},\"sameAs\":[\"http:\/\/subway-shop.com\/tiang\"]}]}<\/script>\n<!-- \/ Yoast SEO plugin. -->","yoast_head_json":{"title":"FAQs","robots":{"index":"index","follow":"follow","max-snippet":"max-snippet:-1","max-image-preview":"max-image-preview:large","max-video-preview":"max-video-preview:-1"},"canonical":"https:\/\/subway-shop.com\/tiang\/index.php\/faqs\/","og_locale":"es_ES","og_type":"article","og_title":"FAQs","og_description":"\u00bf Qu\u00e9 es un \u00abDROP\u00bb ? En moda, un \u201cdrop\u201d es una forma de lanzar productos de manera limitada, puntual y estrat\u00e9gica, en lugar de tener una colecci\u00f3n disponible todo el tiempo.Un drop es: \u00bf Porque el precio de las nuevas TIANG no es barato? El precio de las nuevas TIANG puede parecer elevado de&#46;&#46;&#46;","og_url":"https:\/\/subway-shop.com\/tiang\/index.php\/faqs\/","og_site_name":"TIANG","article_modified_time":"2026-03-24T14:29:41+00:00","og_image":[{"width":512,"height":512,"url":"https:\/\/subway-shop.com\/tiang\/wp-content\/uploads\/2021\/05\/cropped-icono_tiang_ecommerce.png","type":"image\/png"}],"twitter_card":"summary_large_image","twitter_misc":{"Tiempo de lectura":"10 minutos"},"schema":{"@context":"https:\/\/schema.org","@graph":[{"@type":"AdvertiserContentArticle","@id":"https:\/\/subway-shop.com\/tiang\/index.php\/faqs\/#article","isPartOf":{"@id":"https:\/\/subway-shop.com\/tiang\/index.php\/faqs\/"},"author":{"name":"admin","@id":"https:\/\/subway-shop.com\/tiang\/#\/schema\/person\/113e0cb3f81a30aecf8286ccf2db77e2"},"headline":"FAQs","datePublished":"2022-09-22T18:53:48+00:00","dateModified":"2026-03-24T14:29:41+00:00","mainEntityOfPage":{"@id":"https:\/\/subway-shop.com\/tiang\/index.php\/faqs\/"},"wordCount":2194,"publisher":{"@id":"https:\/\/subway-shop.com\/tiang\/#organization"},"inLanguage":"es"},{"@type":"WebPage","@id":"https:\/\/subway-shop.com\/tiang\/index.php\/faqs\/","url":"https:\/\/subway-shop.com\/tiang\/index.php\/faqs\/","name":"FAQs","isPartOf":{"@id":"https:\/\/subway-shop.com\/tiang\/#website"},"datePublished":"2022-09-22T18:53:48+00:00","dateModified":"2026-03-24T14:29:41+00:00","breadcrumb":{"@id":"https:\/\/subway-shop.com\/tiang\/index.php\/faqs\/#breadcrumb"},"inLanguage":"es","potentialAction":[{"@type":"ReadAction","target":["https:\/\/subway-shop.com\/tiang\/index.php\/faqs\/"]}]},{"@type":"BreadcrumbList","@id":"https:\/\/subway-shop.com\/tiang\/index.php\/faqs\/#breadcrumb","itemListElement":[{"@type":"ListItem","position":1,"name":"Portada","item":"https:\/\/subway-shop.com\/tiang\/"},{"@type":"ListItem","position":2,"name":"FAQs"}]},{"@type":"WebSite","@id":"https:\/\/subway-shop.com\/tiang\/#website","url":"https:\/\/subway-shop.com\/tiang\/","name":"TIANG","description":"Inspirada en el pasado fresca c\u00f3mo nunca","publisher":{"@id":"https:\/\/subway-shop.com\/tiang\/#organization"},"alternateName":"TIANG SNEAKERS & SPORTSWEARS","potentialAction":[{"@type":"SearchAction","target":{"@type":"EntryPoint","urlTemplate":"https:\/\/subway-shop.com\/tiang\/?s={search_term_string}"},"query-input":"required name=search_term_string"}],"inLanguage":"es"},{"@type":"Organization","@id":"https:\/\/subway-shop.com\/tiang\/#organization","name":"TIANG","alternateName":"TIANG","url":"https:\/\/subway-shop.com\/tiang\/","logo":{"@type":"ImageObject","inLanguage":"es","@id":"https:\/\/subway-shop.com\/tiang\/#\/schema\/logo\/image\/","url":"https:\/\/subway-shop.com\/tiang\/wp-content\/uploads\/2021\/05\/cropped-imagotipo_tiang_definitivo1_recortado_170x120px.png","contentUrl":"https:\/\/subway-shop.com\/tiang\/wp-content\/uploads\/2021\/05\/cropped-imagotipo_tiang_definitivo1_recortado_170x120px.png","width":170,"height":116,"caption":"TIANG"},"image":{"@id":"https:\/\/subway-shop.com\/tiang\/#\/schema\/logo\/image\/"},"sameAs":["https:\/\/www.instagram.com\/tiang_sneakers","https:\/\/www.youtube.com\/channel\/UC2YV9SNHBQRys3F2s4r5A7A"]},{"@type":"Person","@id":"https:\/\/subway-shop.com\/tiang\/#\/schema\/person\/113e0cb3f81a30aecf8286ccf2db77e2","name":"admin","image":{"@type":"ImageObject","inLanguage":"es","@id":"https:\/\/subway-shop.com\/tiang\/#\/schema\/person\/image\/","url":"https:\/\/secure.gravatar.com\/avatar\/187f0467d44c893d8eb2e70d7d028dcc?s=96&d=mm&r=g","contentUrl":"https:\/\/secure.gravatar.com\/avatar\/187f0467d44c893d8eb2e70d7d028dcc?s=96&d=mm&r=g","caption":"admin"},"sameAs":["http:\/\/subway-shop.com\/tiang"]}]}},"_links":{"self":[{"href":"https:\/\/subway-shop.com\/tiang\/index.php\/wp-json\/wp\/v2\/pages\/169"}],"collection":[{"href":"https:\/\/subway-shop.com\/tiang\/index.php\/wp-json\/wp\/v2\/pages"}],"about":[{"href":"https:\/\/subway-shop.com\/tiang\/index.php\/wp-json\/wp\/v2\/types\/page"}],"author":[{"embeddable":true,"href":"https:\/\/subway-shop.com\/tiang\/index.php\/wp-json\/wp\/v2\/users\/1"}],"replies":[{"embeddable":true,"href":"https:\/\/subway-shop.com\/tiang\/index.php\/wp-json\/wp\/v2\/comments?post=169"}],"version-history":[{"count":34,"href":"https:\/\/subway-shop.com\/tiang\/index.php\/wp-json\/wp\/v2\/pages\/169\/revisions"}],"predecessor-version":[{"id":1243,"href":"https:\/\/subway-shop.com\/tiang\/index.php\/wp-json\/wp\/v2\/pages\/169\/revisions\/1243"}],"wp:attachment":[{"href":"https:\/\/subway-shop.com\/tiang\/index.php\/wp-json\/wp\/v2\/media?parent=169"}],"curies":[{"name":"wp","href":"https:\/\/api.w.org\/{rel}","templated":true}]}}