{"id":288,"date":"2023-01-09T09:28:32","date_gmt":"2023-01-09T09:28:32","guid":{"rendered":"http:\/\/subway-shop.com\/tiang\/?page_id=288"},"modified":"2023-01-09T09:28:32","modified_gmt":"2023-01-09T09:28:32","slug":"politica-de-devoluciones","status":"publish","type":"page","link":"https:\/\/subway-shop.com\/tiang\/index.php\/politica-de-devoluciones\/","title":{"rendered":"Pol\u00edtica de devoluciones"},"content":{"rendered":"\n<p>Nuestra pol\u00edtica de devoluciones tiene como objetivo garantizar la satisfacci\u00f3n total de nuestros clientes. Si por alg\u00fan motivo no est\u00e1s satisfecho con tu compra, puedes devolverla dentro de los 14 d\u00edas siguientes a la fecha de entrega.<\/p>\n\n\n\n<p>Para realizar una devoluci\u00f3n, sigue estos pasos:<\/p>\n\n\n\n<ol type=\"1\"><li>Env\u00eda un correo electr\u00f3nico a nuestro servicio de atenci\u00f3n al cliente a la direcci\u00f3n <a rel=\"noreferrer noopener\" href=\"mailto:tiangsports@gmail.com\" target=\"_blank\">tiangsports@gmail.com<\/a> y proporciona los detalles de tu compra y la raz\u00f3n de la devoluci\u00f3n.<\/li><li>Una vez que hayamos recibido tu correo electr\u00f3nico, te enviaremos instrucciones sobre c\u00f3mo enviar de vuelta el producto.<\/li><li>Aseg\u00farate de incluir el recibo o comprobante de compra con el paquete de devoluci\u00f3n.<\/li><li>Env\u00eda el paquete de devoluci\u00f3n a la direcci\u00f3n que te proporcionaremos.<\/li><li>Una vez que hayamos recibido el paquete y verificado que el producto est\u00e1 en buenas condiciones, procesaremos el reembolso.<\/li><\/ol>\n\n\n\n<p>Por favor, tenga en cuenta que <strong>los gastos de env\u00edo no son reembolsables <\/strong>y que <strong>el cliente es responsable de los gastos de env\u00edo de la devoluci\u00f3n<\/strong>.<\/p>\n\n\n\n<p><strong>Los productos personalizados o hechos a medida no son elegibles para devoluci\u00f3n<\/strong>. Si tienes alguna pregunta sobre nuestra pol\u00edtica de devoluciones, no dudes en ponerte en contacto con nosotros.<\/p>\n\n\n\n<p><\/p>\n","protected":false},"excerpt":{"rendered":"<p>Nuestra pol\u00edtica de devoluciones tiene como objetivo garantizar la satisfacci\u00f3n total de nuestros clientes. Si por alg\u00fan motivo no est\u00e1s satisfecho con tu compra, puedes devolverla dentro de los 14 d\u00edas siguientes a la fecha de entrega. Para realizar una devoluci\u00f3n, sigue estos pasos: Env\u00eda un correo electr\u00f3nico a nuestro servicio de atenci\u00f3n al cliente&#46;&#46;&#46;<\/p>\n","protected":false},"author":1,"featured_media":0,"parent":0,"menu_order":0,"comment_status":"closed","ping_status":"closed","template":"","meta":{"footnotes":""},"yoast_head":"<!-- This site is optimized with the Yoast SEO plugin v21.5 - https:\/\/yoast.com\/wordpress\/plugins\/seo\/ -->\n<title>Pol\u00edtica de devoluciones<\/title>\n<meta name=\"robots\" content=\"index, follow, max-snippet:-1, max-image-preview:large, max-video-preview:-1\" \/>\n<link rel=\"canonical\" href=\"https:\/\/subway-shop.com\/tiang\/index.php\/politica-de-devoluciones\/\" \/>\n<meta property=\"og:locale\" content=\"es_ES\" \/>\n<meta property=\"og:type\" content=\"article\" \/>\n<meta property=\"og:title\" content=\"Pol\u00edtica de devoluciones\" \/>\n<meta property=\"og:description\" content=\"Nuestra pol\u00edtica de devoluciones tiene como objetivo garantizar la satisfacci\u00f3n total de nuestros clientes. Si por alg\u00fan motivo no est\u00e1s satisfecho con tu compra, puedes devolverla dentro de los 14 d\u00edas siguientes a la fecha de entrega. Para realizar una devoluci\u00f3n, sigue estos pasos: Env\u00eda un correo electr\u00f3nico a nuestro servicio de atenci\u00f3n al cliente&#046;&#046;&#046;\" \/>\n<meta property=\"og:url\" content=\"https:\/\/subway-shop.com\/tiang\/index.php\/politica-de-devoluciones\/\" \/>\n<meta property=\"og:site_name\" content=\"TIANG\" \/>\n<meta property=\"og:image\" content=\"https:\/\/subway-shop.com\/tiang\/wp-content\/uploads\/2021\/05\/cropped-icono_tiang_ecommerce.png\" \/>\n\t<meta property=\"og:image:width\" content=\"512\" \/>\n\t<meta property=\"og:image:height\" content=\"512\" \/>\n\t<meta property=\"og:image:type\" content=\"image\/png\" \/>\n<meta name=\"twitter:card\" content=\"summary_large_image\" \/>\n<meta name=\"twitter:label1\" content=\"Tiempo de lectura\" \/>\n\t<meta name=\"twitter:data1\" content=\"1 minuto\" \/>\n<script type=\"application\/ld+json\" class=\"yoast-schema-graph\">{\"@context\":\"https:\/\/schema.org\",\"@graph\":[{\"@type\":\"AdvertiserContentArticle\",\"@id\":\"https:\/\/subway-shop.com\/tiang\/index.php\/politica-de-devoluciones\/#article\",\"isPartOf\":{\"@id\":\"https:\/\/subway-shop.com\/tiang\/index.php\/politica-de-devoluciones\/\"},\"author\":{\"name\":\"admin\",\"@id\":\"https:\/\/subway-shop.com\/tiang\/#\/schema\/person\/113e0cb3f81a30aecf8286ccf2db77e2\"},\"headline\":\"Pol\u00edtica de devoluciones\",\"datePublished\":\"2023-01-09T09:28:32+00:00\",\"dateModified\":\"2023-01-09T09:28:32+00:00\",\"mainEntityOfPage\":{\"@id\":\"https:\/\/subway-shop.com\/tiang\/index.php\/politica-de-devoluciones\/\"},\"wordCount\":219,\"publisher\":{\"@id\":\"https:\/\/subway-shop.com\/tiang\/#organization\"},\"inLanguage\":\"es\"},{\"@type\":\"WebPage\",\"@id\":\"https:\/\/subway-shop.com\/tiang\/index.php\/politica-de-devoluciones\/\",\"url\":\"https:\/\/subway-shop.com\/tiang\/index.php\/politica-de-devoluciones\/\",\"name\":\"Pol\u00edtica de devoluciones\",\"isPartOf\":{\"@id\":\"https:\/\/subway-shop.com\/tiang\/#website\"},\"datePublished\":\"2023-01-09T09:28:32+00:00\",\"dateModified\":\"2023-01-09T09:28:32+00:00\",\"breadcrumb\":{\"@id\":\"https:\/\/subway-shop.com\/tiang\/index.php\/politica-de-devoluciones\/#breadcrumb\"},\"inLanguage\":\"es\",\"potentialAction\":[{\"@type\":\"ReadAction\",\"target\":[\"https:\/\/subway-shop.com\/tiang\/index.php\/politica-de-devoluciones\/\"]}]},{\"@type\":\"BreadcrumbList\",\"@id\":\"https:\/\/subway-shop.com\/tiang\/index.php\/politica-de-devoluciones\/#breadcrumb\",\"itemListElement\":[{\"@type\":\"ListItem\",\"position\":1,\"name\":\"Portada\",\"item\":\"https:\/\/subway-shop.com\/tiang\/\"},{\"@type\":\"ListItem\",\"position\":2,\"name\":\"Pol\u00edtica de devoluciones\"}]},{\"@type\":\"WebSite\",\"@id\":\"https:\/\/subway-shop.com\/tiang\/#website\",\"url\":\"https:\/\/subway-shop.com\/tiang\/\",\"name\":\"TIANG\",\"description\":\"Inspirada en el pasado fresca c\u00f3mo nunca\",\"publisher\":{\"@id\":\"https:\/\/subway-shop.com\/tiang\/#organization\"},\"alternateName\":\"TIANG SNEAKERS & SPORTSWEARS\",\"potentialAction\":[{\"@type\":\"SearchAction\",\"target\":{\"@type\":\"EntryPoint\",\"urlTemplate\":\"https:\/\/subway-shop.com\/tiang\/?s={search_term_string}\"},\"query-input\":\"required name=search_term_string\"}],\"inLanguage\":\"es\"},{\"@type\":\"Organization\",\"@id\":\"https:\/\/subway-shop.com\/tiang\/#organization\",\"name\":\"TIANG\",\"alternateName\":\"TIANG\",\"url\":\"https:\/\/subway-shop.com\/tiang\/\",\"logo\":{\"@type\":\"ImageObject\",\"inLanguage\":\"es\",\"@id\":\"https:\/\/subway-shop.com\/tiang\/#\/schema\/logo\/image\/\",\"url\":\"https:\/\/subway-shop.com\/tiang\/wp-content\/uploads\/2021\/05\/cropped-imagotipo_tiang_definitivo1_recortado_170x120px.png\",\"contentUrl\":\"https:\/\/subway-shop.com\/tiang\/wp-content\/uploads\/2021\/05\/cropped-imagotipo_tiang_definitivo1_recortado_170x120px.png\",\"width\":170,\"height\":116,\"caption\":\"TIANG\"},\"image\":{\"@id\":\"https:\/\/subway-shop.com\/tiang\/#\/schema\/logo\/image\/\"},\"sameAs\":[\"https:\/\/www.instagram.com\/tiang_sneakers\",\"https:\/\/www.youtube.com\/channel\/UC2YV9SNHBQRys3F2s4r5A7A\"]},{\"@type\":\"Person\",\"@id\":\"https:\/\/subway-shop.com\/tiang\/#\/schema\/person\/113e0cb3f81a30aecf8286ccf2db77e2\",\"name\":\"admin\",\"image\":{\"@type\":\"ImageObject\",\"inLanguage\":\"es\",\"@id\":\"https:\/\/subway-shop.com\/tiang\/#\/schema\/person\/image\/\",\"url\":\"https:\/\/secure.gravatar.com\/avatar\/187f0467d44c893d8eb2e70d7d028dcc?s=96&d=mm&r=g\",\"contentUrl\":\"https:\/\/secure.gravatar.com\/avatar\/187f0467d44c893d8eb2e70d7d028dcc?s=96&d=mm&r=g\",\"caption\":\"admin\"},\"sameAs\":[\"http:\/\/subway-shop.com\/tiang\"]}]}<\/script>\n<!-- \/ Yoast SEO plugin. -->","yoast_head_json":{"title":"Pol\u00edtica de devoluciones","robots":{"index":"index","follow":"follow","max-snippet":"max-snippet:-1","max-image-preview":"max-image-preview:large","max-video-preview":"max-video-preview:-1"},"canonical":"https:\/\/subway-shop.com\/tiang\/index.php\/politica-de-devoluciones\/","og_locale":"es_ES","og_type":"article","og_title":"Pol\u00edtica de devoluciones","og_description":"Nuestra pol\u00edtica de devoluciones tiene como objetivo garantizar la satisfacci\u00f3n total de nuestros clientes. Si por alg\u00fan motivo no est\u00e1s satisfecho con tu compra, puedes devolverla dentro de los 14 d\u00edas siguientes a la fecha de entrega. Para realizar una devoluci\u00f3n, sigue estos pasos: Env\u00eda un correo electr\u00f3nico a nuestro servicio de atenci\u00f3n al cliente&#46;&#46;&#46;","og_url":"https:\/\/subway-shop.com\/tiang\/index.php\/politica-de-devoluciones\/","og_site_name":"TIANG","og_image":[{"width":512,"height":512,"url":"https:\/\/subway-shop.com\/tiang\/wp-content\/uploads\/2021\/05\/cropped-icono_tiang_ecommerce.png","type":"image\/png"}],"twitter_card":"summary_large_image","twitter_misc":{"Tiempo de lectura":"1 minuto"},"schema":{"@context":"https:\/\/schema.org","@graph":[{"@type":"AdvertiserContentArticle","@id":"https:\/\/subway-shop.com\/tiang\/index.php\/politica-de-devoluciones\/#article","isPartOf":{"@id":"https:\/\/subway-shop.com\/tiang\/index.php\/politica-de-devoluciones\/"},"author":{"name":"admin","@id":"https:\/\/subway-shop.com\/tiang\/#\/schema\/person\/113e0cb3f81a30aecf8286ccf2db77e2"},"headline":"Pol\u00edtica de devoluciones","datePublished":"2023-01-09T09:28:32+00:00","dateModified":"2023-01-09T09:28:32+00:00","mainEntityOfPage":{"@id":"https:\/\/subway-shop.com\/tiang\/index.php\/politica-de-devoluciones\/"},"wordCount":219,"publisher":{"@id":"https:\/\/subway-shop.com\/tiang\/#organization"},"inLanguage":"es"},{"@type":"WebPage","@id":"https:\/\/subway-shop.com\/tiang\/index.php\/politica-de-devoluciones\/","url":"https:\/\/subway-shop.com\/tiang\/index.php\/politica-de-devoluciones\/","name":"Pol\u00edtica de devoluciones","isPartOf":{"@id":"https:\/\/subway-shop.com\/tiang\/#website"},"datePublished":"2023-01-09T09:28:32+00:00","dateModified":"2023-01-09T09:28:32+00:00","breadcrumb":{"@id":"https:\/\/subway-shop.com\/tiang\/index.php\/politica-de-devoluciones\/#breadcrumb"},"inLanguage":"es","potentialAction":[{"@type":"ReadAction","target":["https:\/\/subway-shop.com\/tiang\/index.php\/politica-de-devoluciones\/"]}]},{"@type":"BreadcrumbList","@id":"https:\/\/subway-shop.com\/tiang\/index.php\/politica-de-devoluciones\/#breadcrumb","itemListElement":[{"@type":"ListItem","position":1,"name":"Portada","item":"https:\/\/subway-shop.com\/tiang\/"},{"@type":"ListItem","position":2,"name":"Pol\u00edtica de devoluciones"}]},{"@type":"WebSite","@id":"https:\/\/subway-shop.com\/tiang\/#website","url":"https:\/\/subway-shop.com\/tiang\/","name":"TIANG","description":"Inspirada en el pasado fresca c\u00f3mo nunca","publisher":{"@id":"https:\/\/subway-shop.com\/tiang\/#organization"},"alternateName":"TIANG SNEAKERS & SPORTSWEARS","potentialAction":[{"@type":"SearchAction","target":{"@type":"EntryPoint","urlTemplate":"https:\/\/subway-shop.com\/tiang\/?s={search_term_string}"},"query-input":"required name=search_term_string"}],"inLanguage":"es"},{"@type":"Organization","@id":"https:\/\/subway-shop.com\/tiang\/#organization","name":"TIANG","alternateName":"TIANG","url":"https:\/\/subway-shop.com\/tiang\/","logo":{"@type":"ImageObject","inLanguage":"es","@id":"https:\/\/subway-shop.com\/tiang\/#\/schema\/logo\/image\/","url":"https:\/\/subway-shop.com\/tiang\/wp-content\/uploads\/2021\/05\/cropped-imagotipo_tiang_definitivo1_recortado_170x120px.png","contentUrl":"https:\/\/subway-shop.com\/tiang\/wp-content\/uploads\/2021\/05\/cropped-imagotipo_tiang_definitivo1_recortado_170x120px.png","width":170,"height":116,"caption":"TIANG"},"image":{"@id":"https:\/\/subway-shop.com\/tiang\/#\/schema\/logo\/image\/"},"sameAs":["https:\/\/www.instagram.com\/tiang_sneakers","https:\/\/www.youtube.com\/channel\/UC2YV9SNHBQRys3F2s4r5A7A"]},{"@type":"Person","@id":"https:\/\/subway-shop.com\/tiang\/#\/schema\/person\/113e0cb3f81a30aecf8286ccf2db77e2","name":"admin","image":{"@type":"ImageObject","inLanguage":"es","@id":"https:\/\/subway-shop.com\/tiang\/#\/schema\/person\/image\/","url":"https:\/\/secure.gravatar.com\/avatar\/187f0467d44c893d8eb2e70d7d028dcc?s=96&d=mm&r=g","contentUrl":"https:\/\/secure.gravatar.com\/avatar\/187f0467d44c893d8eb2e70d7d028dcc?s=96&d=mm&r=g","caption":"admin"},"sameAs":["http:\/\/subway-shop.com\/tiang"]}]}},"_links":{"self":[{"href":"https:\/\/subway-shop.com\/tiang\/index.php\/wp-json\/wp\/v2\/pages\/288"}],"collection":[{"href":"https:\/\/subway-shop.com\/tiang\/index.php\/wp-json\/wp\/v2\/pages"}],"about":[{"href":"https:\/\/subway-shop.com\/tiang\/index.php\/wp-json\/wp\/v2\/types\/page"}],"author":[{"embeddable":true,"href":"https:\/\/subway-shop.com\/tiang\/index.php\/wp-json\/wp\/v2\/users\/1"}],"replies":[{"embeddable":true,"href":"https:\/\/subway-shop.com\/tiang\/index.php\/wp-json\/wp\/v2\/comments?post=288"}],"version-history":[{"count":1,"href":"https:\/\/subway-shop.com\/tiang\/index.php\/wp-json\/wp\/v2\/pages\/288\/revisions"}],"predecessor-version":[{"id":289,"href":"https:\/\/subway-shop.com\/tiang\/index.php\/wp-json\/wp\/v2\/pages\/288\/revisions\/289"}],"wp:attachment":[{"href":"https:\/\/subway-shop.com\/tiang\/index.php\/wp-json\/wp\/v2\/media?parent=288"}],"curies":[{"name":"wp","href":"https:\/\/api.w.org\/{rel}","templated":true}]}}